{"id":10027,"date":"2025-10-20T19:36:35","date_gmt":"2025-10-20T19:36:35","guid":{"rendered":"https:\/\/guitarmusichall.com.mx\/shop\/?post_type=product&#038;p=10027"},"modified":"2025-10-20T19:47:47","modified_gmt":"2025-10-20T19:47:47","slug":"fender-inalambrico-telepath","status":"publish","type":"product","link":"https:\/\/guitarmusichall.com.mx\/shop\/producto\/fender-inalambrico-telepath\/","title":{"rendered":"FENDER INALAMBRICO TELEPATH"},"content":{"rendered":"","protected":false},"excerpt":{"rendered":"<p><strong>DESCRIPCION DEL PRODUCTO<\/strong><\/p>\n<p>Sistema inal\u00e1mbrico Fender Telepath<\/p>\n<p><strong>NUMERO DE PRODUCTO<\/strong><\/p>\n<p>0239780001<\/p>\n<p><strong>CARACTERISTICAS DEL PRODUCTO<\/strong><\/p>\n<p>El sistema inal\u00e1mbrico Telepath ofrece audio inal\u00e1mbrico de frecuencia completa con una claridad impecable en cualquier escenario. Con un tono impecable y una reducci\u00f3n de interferencias de otros dispositivos, el Telepath transmite la se\u00f1al en la banda de frecuencia de 5,8 GHz, evitando el saturado ancho de banda de 2,4 GHz que utilizan la mayor\u00eda de los dispositivos inal\u00e1mbricos. La tecnolog\u00eda de emparejamiento autom\u00e1tico simplifica la configuraci\u00f3n, conectando el transmisor y el receptor en cuesti\u00f3n de segundos tras el inicio.<\/p>\n<p>El Telepath, que marca la pauta en facilidad de uso y compatibilidad, cuenta con un conector de entrada articulado que se adapta a una amplia variedad de conectores de instrumentos, mientras que el interruptor activo\/pasivo permite la salida de guitarras, bajos, electroac\u00fasticos, instrumentos activos y m\u00e1s. La simulaci\u00f3n de tono de cable integrada mantiene la sensaci\u00f3n natural de tu instrumento, y el emparejamiento multiunidad te permite cambiar de instrumento en segundos sin necesidad de desconectarlo. Olv\u00eddate de los cables y disfruta de hasta 21 metros de libertad inal\u00e1mbrica con baja latencia y una potencia de se\u00f1al inigualable.<\/p>\n<p>* Transmisi\u00f3n de se\u00f1al digital inal\u00e1mbrica de 5,8 GHz<br \/>\n* Alcance de transmisi\u00f3n de hasta 21 m<br \/>\n* Compatible con instrumentos activos y pasivos<br \/>\n* Admite cuatro canales simult\u00e1neos y emparejamiento de varias unidades.<br \/>\n* Baja latencia de 4 ms para mantener una sensaci\u00f3n natural al tocar<br \/>\n* Bater\u00eda recargable con hasta 8 horas de uso y una carga completa en 2 horas<\/p>\n","protected":false},"featured_media":10031,"template":"","meta":{"site-sidebar-layout":"default","site-content-layout":"","ast-site-content-layout":"default","site-content-style":"default","site-sidebar-style":"default","ast-global-header-display":"","ast-banner-title-visibility":"","ast-main-header-display":"","ast-hfb-above-header-display":"","ast-hfb-below-header-display":"","ast-hfb-mobile-header-display":"","site-post-title":"","ast-breadcrumbs-content":"","ast-featured-img":"","footer-sml-layout":"","ast-disable-related-posts":"","theme-transparent-header-meta":"default","adv-header-id-meta":"","stick-header-meta":"","header-above-stick-meta":"","header-main-stick-meta":"","header-below-stick-meta":"","astra-migrate-meta-layouts":"set","ast-page-background-enabled":"default","ast-page-background-meta":{"desktop":{"background-color":"","background-image":"","background-repeat":"repeat","background-position":"center center","background-size":"auto","background-attachment":"scroll","background-type":"","background-media":"","overlay-type":"","overlay-color":"","overlay-opacity":"","overlay-gradient":""},"tablet":{"background-color":"","background-image":"","background-repeat":"repeat","background-position":"center center","background-size":"auto","background-attachment":"scroll","background-type":"","background-media":"","overlay-type":"","overlay-color":"","overlay-opacity":"","overlay-gradient":""},"mobile":{"background-color":"","background-image":"","background-repeat":"repeat","background-position":"center center","background-size":"auto","background-attachment":"scroll","background-type":"","background-media":"","overlay-type":"","overlay-color":"","overlay-opacity":"","overlay-gradient":""}},"ast-content-background-meta":{"desktop":{"background-color":"var(--ast-global-color-5)","background-image":"","background-repeat":"repeat","background-position":"center center","background-size":"auto","background-attachment":"scroll","background-type":"","background-media":"","overlay-type":"","overlay-color":"","overlay-opacity":"","overlay-gradient":""},"tablet":{"background-color":"var(--ast-global-color-5)","background-image":"","background-repeat":"repeat","background-position":"center center","background-size":"auto","background-attachment":"scroll","background-type":"","background-media":"","overlay-type":"","overlay-color":"","overlay-opacity":"","overlay-gradient":""},"mobile":{"background-color":"var(--ast-global-color-5)","background-image":"","background-repeat":"repeat","background-position":"center center","background-size":"auto","background-attachment":"scroll","background-type":"","background-media":"","overlay-type":"","overlay-color":"","overlay-opacity":"","overlay-gradient":""}}},"product_brand":[],"product_cat":[179],"product_tag":[],"class_list":{"0":"post-10027","1":"product","2":"type-product","3":"status-publish","4":"has-post-thumbnail","6":"product_cat-p-instrumento","7":"product_shipping_class-producto-grande","8":"desktop-align-left","9":"tablet-align-left","10":"mobile-align-left","12":"first","13":"instock","14":"shipping-taxable","15":"purchasable","16":"product-type-simple"},"jetpack_sharing_enabled":true,"_links":{"self":[{"href":"https:\/\/guitarmusichall.com.mx\/shop\/wp-json\/wp\/v2\/product\/10027","targetHints":{"allow":["GET"]}}],"collection":[{"href":"https:\/\/guitarmusichall.com.mx\/shop\/wp-json\/wp\/v2\/product"}],"about":[{"href":"https:\/\/guitarmusichall.com.mx\/shop\/wp-json\/wp\/v2\/types\/product"}],"wp:featuredmedia":[{"embeddable":true,"href":"https:\/\/guitarmusichall.com.mx\/shop\/wp-json\/wp\/v2\/media\/10031"}],"wp:attachment":[{"href":"https:\/\/guitarmusichall.com.mx\/shop\/wp-json\/wp\/v2\/media?parent=10027"}],"wp:term":[{"taxonomy":"product_brand","embeddable":true,"href":"https:\/\/guitarmusichall.com.mx\/shop\/wp-json\/wp\/v2\/product_brand?post=10027"},{"taxonomy":"product_cat","embeddable":true,"href":"https:\/\/guitarmusichall.com.mx\/shop\/wp-json\/wp\/v2\/product_cat?post=10027"},{"taxonomy":"product_tag","embeddable":true,"href":"https:\/\/guitarmusichall.com.mx\/shop\/wp-json\/wp\/v2\/product_tag?post=10027"}],"curies":[{"name":"wp","href":"https:\/\/api.w.org\/{rel}","templated":true}]}}