{"id":10085,"date":"2025-11-06T20:34:11","date_gmt":"2025-11-06T20:34:11","guid":{"rendered":"https:\/\/guitarmusichall.com.mx\/shop\/?post_type=product&#038;p=10085"},"modified":"2025-11-06T20:39:48","modified_gmt":"2025-11-06T20:39:48","slug":"boss-amp-gabinet-ir-2","status":"publish","type":"product","link":"https:\/\/guitarmusichall.com.mx\/shop\/producto\/boss-amp-gabinet-ir-2\/","title":{"rendered":"BOSS AMP &#038; GABINET IR-2"},"content":{"rendered":"","protected":false},"excerpt":{"rendered":"<p><strong>DESCRIPCION DEL PRODUCTO<\/strong><\/p>\n<p>Pedal Boss Amp &amp; Gabinet<\/p>\n<p><strong>NUMERO DE PRODUCTO<\/strong><\/p>\n<p>IR-2<\/p>\n<p><strong>CARACTERISTICAS DEL PRODUCTO<\/strong><\/p>\n<p>Al usar un amplificador de guitarra normal, a veces es dif\u00edcil conseguir los mismos sonidos en distintas situaciones de directo. Con el compacto y vers\u00e1til IR-2 en tu equipo, siempre sacar\u00e1s tu sonido personal directamente a la PA o sistema de grabaci\u00f3n. Elige entre 11 tipos de ampli pr\u00e9mium combinados con las IR de Celestion Digital y ajusta tu sonido al instante mediante controles sencillos. Usa el loop mono\/est\u00e9reo para los efectos postamplificaci\u00f3n y conecta auriculares para monitorizaci\u00f3n y pr\u00e1ctica en silencio. Y con USB-C integrado, puedes usar f\u00e1cilmente software musical y cargar tus IR de pantalla favoritas.<\/p>\n<p>Emulador de ampli pr\u00e9mium y cargador de IR de pantalla en un pedal compacto BOSS<br \/>\nCalidad de audio excelente con procesamiento de coma flotante de 32 bits y muestreo a 96 kHz<br \/>\n11 tipos de ampli diferentes e IR de pantalla de alta calidad de Celestion Digital<br \/>\nSencilla interfaz de usuario con controles Level, Gain, Bass, Middle y Treble<br \/>\nEfecto de ambiente con control espec\u00edfico<br \/>\nEntrada mono y salidas est\u00e9reo<br \/>\nLoop mono\/est\u00e9reo para conectar efectos de modulaci\u00f3n, delay y reverb despu\u00e9s de la emulaci\u00f3n del ampli<br \/>\nJack de auriculares para practicar<br \/>\nUSB-C para grabaci\u00f3n y reproducci\u00f3n de audio desde ordenador o dispositivo m\u00f3vil*<br \/>\nAlterna entre dos sonidos de ampli\/pantalla con el interruptor de pedal o un conmutador de pedal externo<br \/>\nApp IR-2 IR Loader espec\u00edfica (macOS\/Windows) para cargar tus propias IR de pantalla<br \/>\nLas secciones de ampli y pantalla se pueden activar\/desactivar de forma independiente para usarlas por separado<\/p>\n","protected":false},"featured_media":10087,"template":"","meta":{"site-sidebar-layout":"default","site-content-layout":"","ast-site-content-layout":"default","site-content-style":"default","site-sidebar-style":"default","ast-global-header-display":"","ast-banner-title-visibility":"","ast-main-header-display":"","ast-hfb-above-header-display":"","ast-hfb-below-header-display":"","ast-hfb-mobile-header-display":"","site-post-title":"","ast-breadcrumbs-content":"","ast-featured-img":"","footer-sml-layout":"","ast-disable-related-posts":"","theme-transparent-header-meta":"default","adv-header-id-meta":"","stick-header-meta":"","header-above-stick-meta":"","header-main-stick-meta":"","header-below-stick-meta":"","astra-migrate-meta-layouts":"set","ast-page-background-enabled":"default","ast-page-background-meta":{"desktop":{"background-color":"","background-image":"","background-repeat":"repeat","background-position":"center center","background-size":"auto","background-attachment":"scroll","background-type":"","background-media":"","overlay-type":"","overlay-color":"","overlay-opacity":"","overlay-gradient":""},"tablet":{"background-color":"","background-image":"","background-repeat":"repeat","background-position":"center center","background-size":"auto","background-attachment":"scroll","background-type":"","background-media":"","overlay-type":"","overlay-color":"","overlay-opacity":"","overlay-gradient":""},"mobile":{"background-color":"","background-image":"","background-repeat":"repeat","background-position":"center center","background-size":"auto","background-attachment":"scroll","background-type":"","background-media":"","overlay-type":"","overlay-color":"","overlay-opacity":"","overlay-gradient":""}},"ast-content-background-meta":{"desktop":{"background-color":"var(--ast-global-color-5)","background-image":"","background-repeat":"repeat","background-position":"center center","background-size":"auto","background-attachment":"scroll","background-type":"","background-media":"","overlay-type":"","overlay-color":"","overlay-opacity":"","overlay-gradient":""},"tablet":{"background-color":"var(--ast-global-color-5)","background-image":"","background-repeat":"repeat","background-position":"center center","background-size":"auto","background-attachment":"scroll","background-type":"","background-media":"","overlay-type":"","overlay-color":"","overlay-opacity":"","overlay-gradient":""},"mobile":{"background-color":"var(--ast-global-color-5)","background-image":"","background-repeat":"repeat","background-position":"center center","background-size":"auto","background-attachment":"scroll","background-type":"","background-media":"","overlay-type":"","overlay-color":"","overlay-opacity":"","overlay-gradient":""}}},"product_brand":[],"product_cat":[43,149],"product_tag":[],"class_list":{"0":"post-10085","1":"product","2":"type-product","3":"status-publish","4":"has-post-thumbnail","6":"product_cat-boss","7":"product_cat-boss-guit","8":"product_shipping_class-producto-grande","9":"desktop-align-left","10":"tablet-align-left","11":"mobile-align-left","13":"first","14":"instock","15":"shipping-taxable","16":"purchasable","17":"product-type-simple"},"jetpack_sharing_enabled":true,"_links":{"self":[{"href":"https:\/\/guitarmusichall.com.mx\/shop\/wp-json\/wp\/v2\/product\/10085","targetHints":{"allow":["GET"]}}],"collection":[{"href":"https:\/\/guitarmusichall.com.mx\/shop\/wp-json\/wp\/v2\/product"}],"about":[{"href":"https:\/\/guitarmusichall.com.mx\/shop\/wp-json\/wp\/v2\/types\/product"}],"wp:featuredmedia":[{"embeddable":true,"href":"https:\/\/guitarmusichall.com.mx\/shop\/wp-json\/wp\/v2\/media\/10087"}],"wp:attachment":[{"href":"https:\/\/guitarmusichall.com.mx\/shop\/wp-json\/wp\/v2\/media?parent=10085"}],"wp:term":[{"taxonomy":"product_brand","embeddable":true,"href":"https:\/\/guitarmusichall.com.mx\/shop\/wp-json\/wp\/v2\/product_brand?post=10085"},{"taxonomy":"product_cat","embeddable":true,"href":"https:\/\/guitarmusichall.com.mx\/shop\/wp-json\/wp\/v2\/product_cat?post=10085"},{"taxonomy":"product_tag","embeddable":true,"href":"https:\/\/guitarmusichall.com.mx\/shop\/wp-json\/wp\/v2\/product_tag?post=10085"}],"curies":[{"name":"wp","href":"https:\/\/api.w.org\/{rel}","templated":true}]}}