{"id":10088,"date":"2025-11-06T20:48:52","date_gmt":"2025-11-06T20:48:52","guid":{"rendered":"https:\/\/guitarmusichall.com.mx\/shop\/?post_type=product&#038;p=10088"},"modified":"2025-11-06T20:49:16","modified_gmt":"2025-11-06T20:49:16","slug":"boss-octave-oc-5","status":"publish","type":"product","link":"https:\/\/guitarmusichall.com.mx\/shop\/producto\/boss-octave-oc-5\/","title":{"rendered":"BOSS OCTAVE OC-5"},"content":{"rendered":"","protected":false},"excerpt":{"rendered":"<p><strong>DESCRIPCION DEL PRODUCTO<\/strong><\/p>\n<p>Pedal Boss Octave<\/p>\n<p><strong>NUMERO DE PRODUCTO<\/strong><\/p>\n<p>OC-5<\/p>\n<p><strong>CARACTERISTICAS DEL PRODUCTO<\/strong><\/p>\n<p>El BOSS OC-5 combina sonidos octavados cl\u00e1sicos de BOSS con lo \u00faltimo en tecnolog\u00eda de detecci\u00f3n para establecer un nuevo referente en su categor\u00eda. El modo Vintage ofrece una fiel recreaci\u00f3n del m\u00edtico OC-2 mono de 1982, mientras que el modo Poly a\u00f1ade numerosas mejoras para tocar con rango ampliado. Adem\u00e1s, la nueva funci\u00f3n de octava alta ahora permite explorar m\u00e1s opciones en un rango de tres octavas. Desde sonidos mono gruesos y graves hasta acordes octavados y m\u00e1s, el OC-5 es el pedal octavador que ofrece el rango m\u00e1s amplio, la mejor calidad de sonido y la ejecuci\u00f3n \u00f3ptima.<\/p>\n<p>El mejor pedal octavador, actualizado con caracter\u00edsticas m\u00e1s sofisticadas<br \/>\nLa nueva tecnolog\u00eda de detecci\u00f3n proporciona una respuesta m\u00e1s precisa y sensaciones naturales sin latencia<br \/>\nEl modo Vintage reproduce fielmente el sonido mono del OC-2 original<br \/>\nModo Poly para tocar acordes; el dial Range define el rango de notas al que se aplica el efecto<br \/>\nEl ajuste Lowest Range en modo Poly aplica el efecto de octava solo a la nota m\u00e1s grave de un acorde<br \/>\nNuevo efecto de octava alta, disponible por s\u00ed solo o combinado con efectos de octava baja<br \/>\nEl interruptor de modo optimiza el motor de sonido para guitarra o bajo<br \/>\nSalida directa para configuraci\u00f3n con\/sin efecto<\/p>\n","protected":false},"featured_media":10089,"template":"","meta":{"site-sidebar-layout":"default","site-content-layout":"","ast-site-content-layout":"default","site-content-style":"default","site-sidebar-style":"default","ast-global-header-display":"","ast-banner-title-visibility":"","ast-main-header-display":"","ast-hfb-above-header-display":"","ast-hfb-below-header-display":"","ast-hfb-mobile-header-display":"","site-post-title":"","ast-breadcrumbs-content":"","ast-featured-img":"","footer-sml-layout":"","ast-disable-related-posts":"","theme-transparent-header-meta":"default","adv-header-id-meta":"","stick-header-meta":"","header-above-stick-meta":"","header-main-stick-meta":"","header-below-stick-meta":"","astra-migrate-meta-layouts":"set","ast-page-background-enabled":"default","ast-page-background-meta":{"desktop":{"background-color":"","background-image":"","background-repeat":"repeat","background-position":"center center","background-size":"auto","background-attachment":"scroll","background-type":"","background-media":"","overlay-type":"","overlay-color":"","overlay-opacity":"","overlay-gradient":""},"tablet":{"background-color":"","background-image":"","background-repeat":"repeat","background-position":"center center","background-size":"auto","background-attachment":"scroll","background-type":"","background-media":"","overlay-type":"","overlay-color":"","overlay-opacity":"","overlay-gradient":""},"mobile":{"background-color":"","background-image":"","background-repeat":"repeat","background-position":"center center","background-size":"auto","background-attachment":"scroll","background-type":"","background-media":"","overlay-type":"","overlay-color":"","overlay-opacity":"","overlay-gradient":""}},"ast-content-background-meta":{"desktop":{"background-color":"var(--ast-global-color-5)","background-image":"","background-repeat":"repeat","background-position":"center center","background-size":"auto","background-attachment":"scroll","background-type":"","background-media":"","overlay-type":"","overlay-color":"","overlay-opacity":"","overlay-gradient":""},"tablet":{"background-color":"var(--ast-global-color-5)","background-image":"","background-repeat":"repeat","background-position":"center center","background-size":"auto","background-attachment":"scroll","background-type":"","background-media":"","overlay-type":"","overlay-color":"","overlay-opacity":"","overlay-gradient":""},"mobile":{"background-color":"var(--ast-global-color-5)","background-image":"","background-repeat":"repeat","background-position":"center center","background-size":"auto","background-attachment":"scroll","background-type":"","background-media":"","overlay-type":"","overlay-color":"","overlay-opacity":"","overlay-gradient":""}}},"product_brand":[],"product_cat":[43,160,149],"product_tag":[],"class_list":{"0":"post-10088","1":"product","2":"type-product","3":"status-publish","4":"has-post-thumbnail","6":"product_cat-boss","7":"product_cat-boss-bajo","8":"product_cat-boss-guit","9":"product_shipping_class-producto-grande","10":"desktop-align-left","11":"tablet-align-left","12":"mobile-align-left","14":"first","15":"instock","16":"shipping-taxable","17":"purchasable","18":"product-type-simple"},"jetpack_sharing_enabled":true,"_links":{"self":[{"href":"https:\/\/guitarmusichall.com.mx\/shop\/wp-json\/wp\/v2\/product\/10088","targetHints":{"allow":["GET"]}}],"collection":[{"href":"https:\/\/guitarmusichall.com.mx\/shop\/wp-json\/wp\/v2\/product"}],"about":[{"href":"https:\/\/guitarmusichall.com.mx\/shop\/wp-json\/wp\/v2\/types\/product"}],"wp:featuredmedia":[{"embeddable":true,"href":"https:\/\/guitarmusichall.com.mx\/shop\/wp-json\/wp\/v2\/media\/10089"}],"wp:attachment":[{"href":"https:\/\/guitarmusichall.com.mx\/shop\/wp-json\/wp\/v2\/media?parent=10088"}],"wp:term":[{"taxonomy":"product_brand","embeddable":true,"href":"https:\/\/guitarmusichall.com.mx\/shop\/wp-json\/wp\/v2\/product_brand?post=10088"},{"taxonomy":"product_cat","embeddable":true,"href":"https:\/\/guitarmusichall.com.mx\/shop\/wp-json\/wp\/v2\/product_cat?post=10088"},{"taxonomy":"product_tag","embeddable":true,"href":"https:\/\/guitarmusichall.com.mx\/shop\/wp-json\/wp\/v2\/product_tag?post=10088"}],"curies":[{"name":"wp","href":"https:\/\/api.w.org\/{rel}","templated":true}]}}