{"id":10090,"date":"2025-11-06T21:19:13","date_gmt":"2025-11-06T21:19:13","guid":{"rendered":"https:\/\/guitarmusichall.com.mx\/shop\/?post_type=product&#038;p=10090"},"modified":"2025-11-06T21:41:31","modified_gmt":"2025-11-06T21:41:31","slug":"boss-katana-50-watts-ktn-50-3","status":"publish","type":"product","link":"https:\/\/guitarmusichall.com.mx\/shop\/producto\/boss-katana-50-watts-ktn-50-3\/","title":{"rendered":"BOSS KATANA 50 WATTS KTN-50 3"},"content":{"rendered":"","protected":false},"excerpt":{"rendered":"<p><strong>DESCRIPCION DEL PRODUCTO<\/strong><\/p>\n<p>Amplificador Boss Katana 50 Watts<\/p>\n<p><strong>NUMERO DE PRODUCTO<\/strong><\/p>\n<p>KTN-50 3<\/p>\n<p><strong>CARACTERISTICAS DEL PRODUCTO<\/strong><\/p>\n<p>Con el Katana Gen 3, la prestigiosa serie de amplificadores de directo BOSS evoluciona para llevar tus ambiciones como guitarrista a otro nivel. Las nuevas mejoras de Tube Logic enriquecen a\u00fan m\u00e1s el sonido, las sensaciones y la respuesta, incluido un expresivo car\u00e1cter de ampli Pushed que har\u00e1 las delicias de los amantes del punto de ruptura de las v\u00e1lvulas. Tambi\u00e9n hemos actualizado la app BOSS Tone Studio para ofrecer un proceso de edici\u00f3n de ampli y efectos a distancia m\u00e1s intuitivo que nunca. El Katana Gen 3 viene repleto de herramientas de sonido inspiradoras y vers\u00e1tiles opciones de conexi\u00f3n, lo que lo convierte en la pieza indispensable de tu estudio de grabaci\u00f3n, equipo de directo y herramienta de pr\u00e1ctica.<\/p>\n<p>El Katana-50 Gen 3 ofrece el equilibrio perfecto entre pegada y portabilidad, con una etapa de potencia Clase AB de 50 vatios en un combo 1&#215;12 compacto.<\/p>\n<p>Amplificador Katana de tercera generaci\u00f3n con expresividad y sonido Tube Logic evolucionados<br \/>\nAmplificador combo de 50 vatios para directo con un altavoz de 12 pulgadas personalizado<br \/>\nSeis caracteres de ampli \u2014incluido el nuevo tipo Pushed\u2014, cada uno con una variaci\u00f3n seleccionable<br \/>\nCinco secciones de efectos independientes: Booster, Mod, FX, Delay y Reverb<br \/>\nCuatro memorias Tone Setting para almacenar todos los ajustes de amplificador y efectos<br \/>\nPower Control para conseguir a bajo volumen el sonido y la respuesta del equipo a plena potencia<br \/>\nApp BOSS Tone Studio (Windows\/macOS) actualizada con edici\u00f3n remota desde ordenador o dispositivo m\u00f3vil<br \/>\nDescarga y comparte sonidos Katana en BOSS Tone Exchange<br \/>\nCompatible con sonidos creados en modelos anteriores de Katana de directo<\/p>\n<p>&nbsp;<\/p>\n","protected":false},"featured_media":10094,"template":"","meta":{"site-sidebar-layout":"default","site-content-layout":"","ast-site-content-layout":"default","site-content-style":"default","site-sidebar-style":"default","ast-global-header-display":"","ast-banner-title-visibility":"","ast-main-header-display":"","ast-hfb-above-header-display":"","ast-hfb-below-header-display":"","ast-hfb-mobile-header-display":"","site-post-title":"","ast-breadcrumbs-content":"","ast-featured-img":"","footer-sml-layout":"","ast-disable-related-posts":"","theme-transparent-header-meta":"default","adv-header-id-meta":"","stick-header-meta":"","header-above-stick-meta":"","header-main-stick-meta":"","header-below-stick-meta":"","astra-migrate-meta-layouts":"set","ast-page-background-enabled":"default","ast-page-background-meta":{"desktop":{"background-color":"","background-image":"","background-repeat":"repeat","background-position":"center center","background-size":"auto","background-attachment":"scroll","background-type":"","background-media":"","overlay-type":"","overlay-color":"","overlay-opacity":"","overlay-gradient":""},"tablet":{"background-color":"","background-image":"","background-repeat":"repeat","background-position":"center center","background-size":"auto","background-attachment":"scroll","background-type":"","background-media":"","overlay-type":"","overlay-color":"","overlay-opacity":"","overlay-gradient":""},"mobile":{"background-color":"","background-image":"","background-repeat":"repeat","background-position":"center center","background-size":"auto","background-attachment":"scroll","background-type":"","background-media":"","overlay-type":"","overlay-color":"","overlay-opacity":"","overlay-gradient":""}},"ast-content-background-meta":{"desktop":{"background-color":"var(--ast-global-color-5)","background-image":"","background-repeat":"repeat","background-position":"center center","background-size":"auto","background-attachment":"scroll","background-type":"","background-media":"","overlay-type":"","overlay-color":"","overlay-opacity":"","overlay-gradient":""},"tablet":{"background-color":"var(--ast-global-color-5)","background-image":"","background-repeat":"repeat","background-position":"center center","background-size":"auto","background-attachment":"scroll","background-type":"","background-media":"","overlay-type":"","overlay-color":"","overlay-opacity":"","overlay-gradient":""},"mobile":{"background-color":"var(--ast-global-color-5)","background-image":"","background-repeat":"repeat","background-position":"center center","background-size":"auto","background-attachment":"scroll","background-type":"","background-media":"","overlay-type":"","overlay-color":"","overlay-opacity":"","overlay-gradient":""}}},"product_brand":[],"product_cat":[43,145],"product_tag":[],"class_list":{"0":"post-10090","1":"product","2":"type-product","3":"status-publish","4":"has-post-thumbnail","6":"product_cat-boss","7":"product_cat-guitarra-electrica-3","8":"product_shipping_class-producto-extra-grande","9":"desktop-align-left","10":"tablet-align-left","11":"mobile-align-left","13":"first","14":"instock","15":"shipping-taxable","16":"purchasable","17":"product-type-simple"},"jetpack_sharing_enabled":true,"_links":{"self":[{"href":"https:\/\/guitarmusichall.com.mx\/shop\/wp-json\/wp\/v2\/product\/10090","targetHints":{"allow":["GET"]}}],"collection":[{"href":"https:\/\/guitarmusichall.com.mx\/shop\/wp-json\/wp\/v2\/product"}],"about":[{"href":"https:\/\/guitarmusichall.com.mx\/shop\/wp-json\/wp\/v2\/types\/product"}],"wp:featuredmedia":[{"embeddable":true,"href":"https:\/\/guitarmusichall.com.mx\/shop\/wp-json\/wp\/v2\/media\/10094"}],"wp:attachment":[{"href":"https:\/\/guitarmusichall.com.mx\/shop\/wp-json\/wp\/v2\/media?parent=10090"}],"wp:term":[{"taxonomy":"product_brand","embeddable":true,"href":"https:\/\/guitarmusichall.com.mx\/shop\/wp-json\/wp\/v2\/product_brand?post=10090"},{"taxonomy":"product_cat","embeddable":true,"href":"https:\/\/guitarmusichall.com.mx\/shop\/wp-json\/wp\/v2\/product_cat?post=10090"},{"taxonomy":"product_tag","embeddable":true,"href":"https:\/\/guitarmusichall.com.mx\/shop\/wp-json\/wp\/v2\/product_tag?post=10090"}],"curies":[{"name":"wp","href":"https:\/\/api.w.org\/{rel}","templated":true}]}}