{"id":1299,"date":"2020-09-03T19:15:14","date_gmt":"2020-09-03T19:15:14","guid":{"rendered":"https:\/\/guitarmusichall.com.mx\/shop\/?post_type=product&#038;p=1299"},"modified":"2024-04-12T19:29:47","modified_gmt":"2024-04-12T19:29:47","slug":"casio-teclado-5-octavas-ct-s300","status":"publish","type":"product","link":"https:\/\/guitarmusichall.com.mx\/shop\/producto\/casio-teclado-5-octavas-ct-s300\/","title":{"rendered":"CASIO TECLADO 5 OCTAVAS CT-S300"},"content":{"rendered":"","protected":false},"excerpt":{"rendered":"<p><strong>DESCRIPCION DEL PRODUCTO<\/strong><\/p>\n<p>Teclado Casio 5 Octavas Casiotone<\/p>\n<p><strong>NUMERO DE PRODUCTO<\/strong><\/p>\n<p>CT-S300<\/p>\n<p><strong>CARACTERISTICAS DEL PRODUCTO<\/strong><\/p>\n<p>Dise\u00f1o port\u00e1til, delgado y elegante.<br \/>\nCon el CT-S300, puede disfrutar de la m\u00fasica en cualquier momento y lugar. Su tama\u00f1o compacto de 930 mm x 256 mm x 73 mm es un 30 % m\u00e1s peque\u00f1o en volumen que el modelo CTK-3500 y su bater\u00eda alcalina cuenta con aproximadamente 19 horas de duraci\u00f3n*. Llevarlo es muy sencillo, gracias a un mango en la parte superior del teclado y un peso de solo 3,3 kg. El dise\u00f1o incorpora bordes y esquinas redondeados, lo cual permite transportarlo con seguridad.<br \/>\n* El per\u00edodo de funcionamiento continuo puede ser menor seg\u00fan el tipo de bater\u00eda y la manera en que toca m\u00fasica.<\/p>\n<p>Una interfaz f\u00e1cil de usar para todos.<br \/>\nEl CT-S300 presenta una interfaz simple e intuitiva que ofrece un dise\u00f1o organizado con menos botones mediante una pantalla LCD de puntos completos y un selector. Tambi\u00e9n cuenta con un bot\u00f3n de inicio que permite a los usuarios volver a la pantalla original en cualquier momento, lo cual convierte a este producto en un teclado multifunci\u00f3n superior con una facilidad de uso mejorada.<\/p>\n<p>Sonido que nadie esperar\u00eda de un teclado tan compacto.<br \/>\nEl uso de altavoces ovalados de 13 cm x 6 cm con imanes reforzados ofrece un sonido sorprendentemente genial para un instrumento tan compacto. Una funci\u00f3n adicional que optimiza el ecualizador en conjunto con el volumen proporciona un sonido equilibrado desde los tonos graves hasta los tonos altos, incluso a un volumen bajo.<\/p>\n<p>El modo de m\u00fasica bailable y las voces ampl\u00edan las formas para disfrutar tocando la m\u00fasica<br \/>\nEl CT-S300 incluye un modo que permite a los usuarios juntar frases de bater\u00eda, bajo y sintetizador para disfrutar f\u00e1cilmente de la m\u00fasica bailable, adem\u00e1s de 12 tipos de voces de m\u00fasica bailable que encajan muy bien con esta m\u00fasica. Solo presione junto con el ritmo para agregar detalles a la reproducci\u00f3n com\u00fan y disfrute de la m\u00fasica bailable.<\/p>\n<p>Teclas similares a las de un piano y sensibles al tacto.<br \/>\nLas teclas tienen forma de caja, similar a las de un piano. La sensibilidad al tacto proporciona cambios de volumen y tono como los de un piano, dependiendo de la fuerza que se utilice para tocar las teclas.<\/p>\n<p>Bot\u00f3n Mi configuraci\u00f3n.<br \/>\nRegistre sus ajustes favoritos para recordar f\u00e1cilmente tonos y ritmos como los que aprendi\u00f3 en la clase de m\u00fasica mientras practica en casa.<\/p>\n<p>Rueda de inflexi\u00f3n de tonos.<br \/>\nLa rueda de inflexi\u00f3n de tonos hace f\u00e1cil agregar efectos realistas de guitarra y saxo al teclado.<\/p>\n<p>Puerto USB a host micro B para fines de expansi\u00f3n.<br \/>\nEl CT-S300 incluye un conector USB a host micro B que le permite disfrutar f\u00e1cilmente de la m\u00fasica, junto con su dispositivo inteligente o computadora. (Se requiere un cable disponible comercialmente).<\/p>\n<p>Aplicaci\u00f3n Chordana Play.<br \/>\nMuestre 50 canciones de demostraci\u00f3n en la aplicaci\u00f3n o archivos MIDI descargados en el rollo de piano Chordana Play o en la pantalla de partitura musical para reproducir sus canciones favoritas en cualquier momento y lugar. Reproduzca m\u00fasica sin leer una partitura musical presionando las teclas al ritmo con las barras a medida que bajan desde la parte superior de la pantalla. Registre su puntuaci\u00f3n en la funci\u00f3n de puntaje de la aplicaci\u00f3n para que la pr\u00e1ctica sea algo divertido y observe c\u00f3mo mejora su habilidad para tocar.<\/p>\n<p>* 5 Octavas<\/p>\n<p>* 400 Tonos<\/p>\n<p>* 77 Ritmos<\/p>\n<p>* Rueda Pitch Bend<\/p>\n<p>* 61 teclas tama\u00f1o Piano con Respuesta al Tacto<\/p>\n<p>* Metr\u00f3nomo<\/p>\n<p>* Conectividad USB MIDI<\/p>\n<p>* Eliminiador de baterias incluido.<\/p>\n<p>&nbsp;<\/p>\n","protected":false},"featured_media":1300,"template":"","meta":{"site-sidebar-layout":"default","site-content-layout":"default","ast-site-content-layout":"default","site-content-style":"default","site-sidebar-style":"default","ast-global-header-display":"","ast-banner-title-visibility":"","ast-main-header-display":"","ast-hfb-above-header-display":"","ast-hfb-below-header-display":"","ast-hfb-mobile-header-display":"","site-post-title":"","ast-breadcrumbs-content":"","ast-featured-img":"","footer-sml-layout":"","ast-disable-related-posts":"","theme-transparent-header-meta":"default","adv-header-id-meta":"","stick-header-meta":"","header-above-stick-meta":"","header-main-stick-meta":"","header-below-stick-meta":"","astra-migrate-meta-layouts":"set","ast-page-background-enabled":"default","ast-page-background-meta":{"desktop":{"background-color":"","background-image":"","background-repeat":"repeat","background-position":"center center","background-size":"auto","background-attachment":"scroll","background-type":"","background-media":"","overlay-type":"","overlay-color":"","overlay-opacity":"","overlay-gradient":""},"tablet":{"background-color":"","background-image":"","background-repeat":"repeat","background-position":"center center","background-size":"auto","background-attachment":"scroll","background-type":"","background-media":"","overlay-type":"","overlay-color":"","overlay-opacity":"","overlay-gradient":""},"mobile":{"background-color":"","background-image":"","background-repeat":"repeat","background-position":"center center","background-size":"auto","background-attachment":"scroll","background-type":"","background-media":"","overlay-type":"","overlay-color":"","overlay-opacity":"","overlay-gradient":""}},"ast-content-background-meta":{"desktop":{"background-color":"var(--ast-global-color-5)","background-image":"","background-repeat":"repeat","background-position":"center center","background-size":"auto","background-attachment":"scroll","background-type":"","background-media":"","overlay-type":"","overlay-color":"","overlay-opacity":"","overlay-gradient":""},"tablet":{"background-color":"var(--ast-global-color-5)","background-image":"","background-repeat":"repeat","background-position":"center center","background-size":"auto","background-attachment":"scroll","background-type":"","background-media":"","overlay-type":"","overlay-color":"","overlay-opacity":"","overlay-gradient":""},"mobile":{"background-color":"var(--ast-global-color-5)","background-image":"","background-repeat":"repeat","background-position":"center center","background-size":"auto","background-attachment":"scroll","background-type":"","background-media":"","overlay-type":"","overlay-color":"","overlay-opacity":"","overlay-gradient":""}}},"product_brand":[],"product_cat":[80],"product_tag":[],"class_list":{"0":"post-1299","1":"product","2":"type-product","3":"status-publish","4":"has-post-thumbnail","6":"product_cat-teclados","7":"product_shipping_class-producto-super-extra-grande","8":"desktop-align-left","9":"tablet-align-left","10":"mobile-align-left","12":"first","13":"instock","14":"shipping-taxable","15":"purchasable","16":"product-type-simple"},"jetpack_sharing_enabled":true,"_links":{"self":[{"href":"https:\/\/guitarmusichall.com.mx\/shop\/wp-json\/wp\/v2\/product\/1299","targetHints":{"allow":["GET"]}}],"collection":[{"href":"https:\/\/guitarmusichall.com.mx\/shop\/wp-json\/wp\/v2\/product"}],"about":[{"href":"https:\/\/guitarmusichall.com.mx\/shop\/wp-json\/wp\/v2\/types\/product"}],"wp:featuredmedia":[{"embeddable":true,"href":"https:\/\/guitarmusichall.com.mx\/shop\/wp-json\/wp\/v2\/media\/1300"}],"wp:attachment":[{"href":"https:\/\/guitarmusichall.com.mx\/shop\/wp-json\/wp\/v2\/media?parent=1299"}],"wp:term":[{"taxonomy":"product_brand","embeddable":true,"href":"https:\/\/guitarmusichall.com.mx\/shop\/wp-json\/wp\/v2\/product_brand?post=1299"},{"taxonomy":"product_cat","embeddable":true,"href":"https:\/\/guitarmusichall.com.mx\/shop\/wp-json\/wp\/v2\/product_cat?post=1299"},{"taxonomy":"product_tag","embeddable":true,"href":"https:\/\/guitarmusichall.com.mx\/shop\/wp-json\/wp\/v2\/product_tag?post=1299"}],"curies":[{"name":"wp","href":"https:\/\/api.w.org\/{rel}","templated":true}]}}