{"id":1383,"date":"2020-09-06T18:37:16","date_gmt":"2020-09-06T18:37:16","guid":{"rendered":"https:\/\/guitarmusichall.com.mx\/shop\/?post_type=product&#038;p=1383"},"modified":"2025-02-18T23:22:38","modified_gmt":"2025-02-18T23:22:38","slug":"boss-eband-js-8","status":"publish","type":"product","link":"https:\/\/guitarmusichall.com.mx\/shop\/producto\/boss-eband-js-8\/","title":{"rendered":"BOSS EBAND JS-8"},"content":{"rendered":"","protected":false},"excerpt":{"rendered":"<p><strong>DESCRIPCION DEL PRODUCTO<\/strong><\/p>\n<p>Reproductor de Audio con Efectos para Guitarra<\/p>\n<p><strong>NUMERO DE PRODUCTO<\/strong><\/p>\n<p>JS-8<\/p>\n<p><strong>CARACTERISTICAS DEL PRODUCTO<\/strong><\/p>\n<p>Para los\/las \u201cguitarristas del cuarto\u201d que les fascina palomear con sus canciones favoritas, la compa\u00f1\u00eda musical extrema ha llegado. El JS-8 \u201ceBand\u201d es un reproductor port\u00e1til de audio todo-en-uno, cargado con grandes prestaciones. Archivos WAV y MP3 pueden ser cargados y reproducidos en tu eBand, adem\u00e1s el tempo y el tono pueden ser cambiados. Conecta tu guitarra y arma el palomazo usando el poderoso pre-amplificador COSM y los efectos BOSS. Puedes minimizar las voces pre-grabadas o las partes de la guitarra con la funci\u00f3n de Cancelaci\u00f3n Central para interpretaci\u00f3n tipo karaoke, toca, graba y salva tus palomazos. Incluso viene cargado con una librer\u00eda de pistas de acompa\u00f1amiento y ritmos, adem\u00e1s de un afinador y un metr\u00f3nomo.<\/p>\n<p>* Importa y reproduce archivos de audio (WAV y MP3)<\/p>\n<p>* Control de afinaci\u00f3n y tempo para las canciones importadas<\/p>\n<p>* Entrada Guitar\/Mic con control dedicado al nivel de entrada; salida de aud\u00edfonos<\/p>\n<p>* Bocinas afinadas especialmente para reproducci\u00f3n potente del audio<\/p>\n<p>* Preamplificador COSM y m\u00e1s de 100 efectos derivados de la GT-10 de BOSS<\/p>\n<p>* La funci\u00f3n EZ Tone provee el mejor acercamiento intuitivo y f\u00e1cil de usar, a la creaci\u00f3n de sonidos bas\u00e1ndose en iconos gr\u00e1ficos<\/p>\n<p>* 300 bucles de frases de audio a bordo para pistas de acompa\u00f1amiento y ritmos (algunos incluyen efectos de acompa\u00f1amiento para guitarra preprogramados para hacer juego con los bucles)<\/p>\n<p>* Afinador y metr\u00f3nomo<\/p>\n<p>* Graba y almacena tus interpretaciones de la guitarra<\/p>\n<p>* Interfaz USB de audio para interconexi\u00f3n directa con PC<\/p>\n<p>* Reproduce canciones desde una memoria USB<\/p>\n<p>* Importa tus canciones favoritas desde CD&#8217;s de audio a eBand con el programa incluido (PC\/MAC)<\/p>\n","protected":false},"featured_media":7216,"template":"","meta":{"site-sidebar-layout":"default","site-content-layout":"default","ast-site-content-layout":"default","site-content-style":"default","site-sidebar-style":"default","ast-global-header-display":"","ast-banner-title-visibility":"","ast-main-header-display":"","ast-hfb-above-header-display":"","ast-hfb-below-header-display":"","ast-hfb-mobile-header-display":"","site-post-title":"","ast-breadcrumbs-content":"","ast-featured-img":"","footer-sml-layout":"","ast-disable-related-posts":"","theme-transparent-header-meta":"default","adv-header-id-meta":"","stick-header-meta":"","header-above-stick-meta":"","header-main-stick-meta":"","header-below-stick-meta":"","astra-migrate-meta-layouts":"default","ast-page-background-enabled":"default","ast-page-background-meta":{"desktop":{"background-color":"","background-image":"","background-repeat":"repeat","background-position":"center center","background-size":"auto","background-attachment":"scroll","background-type":"","background-media":"","overlay-type":"","overlay-color":"","overlay-opacity":"","overlay-gradient":""},"tablet":{"background-color":"","background-image":"","background-repeat":"repeat","background-position":"center center","background-size":"auto","background-attachment":"scroll","background-type":"","background-media":"","overlay-type":"","overlay-color":"","overlay-opacity":"","overlay-gradient":""},"mobile":{"background-color":"","background-image":"","background-repeat":"repeat","background-position":"center center","background-size":"auto","background-attachment":"scroll","background-type":"","background-media":"","overlay-type":"","overlay-color":"","overlay-opacity":"","overlay-gradient":""}},"ast-content-background-meta":{"desktop":{"background-color":"var(--ast-global-color-5)","background-image":"","background-repeat":"repeat","background-position":"center center","background-size":"auto","background-attachment":"scroll","background-type":"","background-media":"","overlay-type":"","overlay-color":"","overlay-opacity":"","overlay-gradient":""},"tablet":{"background-color":"var(--ast-global-color-5)","background-image":"","background-repeat":"repeat","background-position":"center center","background-size":"auto","background-attachment":"scroll","background-type":"","background-media":"","overlay-type":"","overlay-color":"","overlay-opacity":"","overlay-gradient":""},"mobile":{"background-color":"var(--ast-global-color-5)","background-image":"","background-repeat":"repeat","background-position":"center center","background-size":"auto","background-attachment":"scroll","background-type":"","background-media":"","overlay-type":"","overlay-color":"","overlay-opacity":"","overlay-gradient":""}}},"product_brand":[],"product_cat":[145],"product_tag":[],"class_list":{"0":"post-1383","1":"product","2":"type-product","3":"status-publish","4":"has-post-thumbnail","6":"product_cat-guitarra-electrica-3","7":"product_shipping_class-producto-grande","8":"desktop-align-left","9":"tablet-align-left","10":"mobile-align-left","12":"first","13":"instock","14":"shipping-taxable","15":"purchasable","16":"product-type-simple"},"jetpack_sharing_enabled":true,"_links":{"self":[{"href":"https:\/\/guitarmusichall.com.mx\/shop\/wp-json\/wp\/v2\/product\/1383","targetHints":{"allow":["GET"]}}],"collection":[{"href":"https:\/\/guitarmusichall.com.mx\/shop\/wp-json\/wp\/v2\/product"}],"about":[{"href":"https:\/\/guitarmusichall.com.mx\/shop\/wp-json\/wp\/v2\/types\/product"}],"wp:featuredmedia":[{"embeddable":true,"href":"https:\/\/guitarmusichall.com.mx\/shop\/wp-json\/wp\/v2\/media\/7216"}],"wp:attachment":[{"href":"https:\/\/guitarmusichall.com.mx\/shop\/wp-json\/wp\/v2\/media?parent=1383"}],"wp:term":[{"taxonomy":"product_brand","embeddable":true,"href":"https:\/\/guitarmusichall.com.mx\/shop\/wp-json\/wp\/v2\/product_brand?post=1383"},{"taxonomy":"product_cat","embeddable":true,"href":"https:\/\/guitarmusichall.com.mx\/shop\/wp-json\/wp\/v2\/product_cat?post=1383"},{"taxonomy":"product_tag","embeddable":true,"href":"https:\/\/guitarmusichall.com.mx\/shop\/wp-json\/wp\/v2\/product_tag?post=1383"}],"curies":[{"name":"wp","href":"https:\/\/api.w.org\/{rel}","templated":true}]}}