{"id":1402,"date":"2020-09-06T19:31:27","date_gmt":"2020-09-06T19:31:27","guid":{"rendered":"https:\/\/guitarmusichall.com.mx\/shop\/?post_type=product&#038;p=1402"},"modified":"2025-06-12T22:35:50","modified_gmt":"2025-06-12T22:35:50","slug":"orange-gabinete-ppc108-20-watts","status":"publish","type":"product","link":"https:\/\/guitarmusichall.com.mx\/shop\/producto\/orange-gabinete-ppc108-20-watts\/","title":{"rendered":"ORANGE GABINETE PPC108 20 WATTS"},"content":{"rendered":"","protected":false},"excerpt":{"rendered":"<p><strong>DESCRIPCION DEL PRODUCTO<\/strong><\/p>\n<p>Gabinete Orange PPC108 20W<\/p>\n<p><strong>NUMERO DE PRODUCTO<\/strong><\/p>\n<p>PPC108<\/p>\n<p><strong>CARACTERISTICAS DEL PRODUCTO<\/strong><\/p>\n<p>Compartiendo el mismo aspecto ic\u00f3nico que nuestros recintos PPC m\u00e1s grandes listos para el escenario, esta encarnaci\u00f3n en miniatura es perfecta para el Micro Terror, Micro Dark y Terror Stamp. Con un altavoz Voice of the World de 8\u2033, funciona notablemente bien cuando se combina con su cabezal de amplificador a juego, brindando un tono contundente que tiene que escucharse para creerse. Un medio stack de apariencia inteligente y sonido inteligente que cabe en su mueble del sal\u00f3n: \u00bfC\u00f3mo no lo vas a amar?<\/p>\n<p>Nota: solo para usar con Micro Terror, Micro Dark o Terror Stamp<\/p>\n<p>TALLA PEQUE\u00d1A<br \/>\nLo suficientemente peque\u00f1o como para colocarlo en su escritorio pero capaz de entregar 20 vatios, el PPC108 es el compa\u00f1ero perfecto para su Micro Terror, Micro Dark o Terror Stamp.<\/p>\n<p>ORADORES DE LA VOZ DEL MUNDO<br \/>\nNuestros propios parlantes dise\u00f1ados a medida brindan el equilibrio perfecto entre el golpe moderno de gama baja y los agudos cl\u00e1sicos, manteniendo la claridad incluso cuando se presiona.<\/p>\n<p>CL\u00c1SICO ESTILO ORANGE<br \/>\nTerminado con nuestra librea legendaria que data de 1968, el PPC108 cuenta con nuestro vinilo de tejido de canasta, tela tejida para la rejilla del altavoz y el borde caracter\u00edstico de \u00abmarco de imagen\u00bb.<\/p>\n<p>* 1 x 8 Micro Terror Speaker<\/p>\n<p>* 20 Watts a 8 Ohms<\/p>\n<p>&nbsp;<\/p>\n","protected":false},"featured_media":1403,"template":"","meta":{"site-sidebar-layout":"default","site-content-layout":"default","ast-site-content-layout":"default","site-content-style":"default","site-sidebar-style":"default","ast-global-header-display":"","ast-banner-title-visibility":"","ast-main-header-display":"","ast-hfb-above-header-display":"","ast-hfb-below-header-display":"","ast-hfb-mobile-header-display":"","site-post-title":"","ast-breadcrumbs-content":"","ast-featured-img":"","footer-sml-layout":"","ast-disable-related-posts":"","theme-transparent-header-meta":"default","adv-header-id-meta":"","stick-header-meta":"","header-above-stick-meta":"","header-main-stick-meta":"","header-below-stick-meta":"","astra-migrate-meta-layouts":"default","ast-page-background-enabled":"default","ast-page-background-meta":{"desktop":{"background-color":"","background-image":"","background-repeat":"repeat","background-position":"center center","background-size":"auto","background-attachment":"scroll","background-type":"","background-media":"","overlay-type":"","overlay-color":"","overlay-opacity":"","overlay-gradient":""},"tablet":{"background-color":"","background-image":"","background-repeat":"repeat","background-position":"center center","background-size":"auto","background-attachment":"scroll","background-type":"","background-media":"","overlay-type":"","overlay-color":"","overlay-opacity":"","overlay-gradient":""},"mobile":{"background-color":"","background-image":"","background-repeat":"repeat","background-position":"center center","background-size":"auto","background-attachment":"scroll","background-type":"","background-media":"","overlay-type":"","overlay-color":"","overlay-opacity":"","overlay-gradient":""}},"ast-content-background-meta":{"desktop":{"background-color":"var(--ast-global-color-5)","background-image":"","background-repeat":"repeat","background-position":"center center","background-size":"auto","background-attachment":"scroll","background-type":"","background-media":"","overlay-type":"","overlay-color":"","overlay-opacity":"","overlay-gradient":""},"tablet":{"background-color":"var(--ast-global-color-5)","background-image":"","background-repeat":"repeat","background-position":"center center","background-size":"auto","background-attachment":"scroll","background-type":"","background-media":"","overlay-type":"","overlay-color":"","overlay-opacity":"","overlay-gradient":""},"mobile":{"background-color":"var(--ast-global-color-5)","background-image":"","background-repeat":"repeat","background-position":"center center","background-size":"auto","background-attachment":"scroll","background-type":"","background-media":"","overlay-type":"","overlay-color":"","overlay-opacity":"","overlay-gradient":""}}},"product_brand":[],"product_cat":[145],"product_tag":[],"class_list":{"0":"post-1402","1":"product","2":"type-product","3":"status-publish","4":"has-post-thumbnail","6":"product_cat-guitarra-electrica-3","7":"product_shipping_class-producto-grande","8":"desktop-align-left","9":"tablet-align-left","10":"mobile-align-left","12":"first","13":"instock","14":"shipping-taxable","15":"purchasable","16":"product-type-simple"},"jetpack_sharing_enabled":true,"_links":{"self":[{"href":"https:\/\/guitarmusichall.com.mx\/shop\/wp-json\/wp\/v2\/product\/1402","targetHints":{"allow":["GET"]}}],"collection":[{"href":"https:\/\/guitarmusichall.com.mx\/shop\/wp-json\/wp\/v2\/product"}],"about":[{"href":"https:\/\/guitarmusichall.com.mx\/shop\/wp-json\/wp\/v2\/types\/product"}],"wp:featuredmedia":[{"embeddable":true,"href":"https:\/\/guitarmusichall.com.mx\/shop\/wp-json\/wp\/v2\/media\/1403"}],"wp:attachment":[{"href":"https:\/\/guitarmusichall.com.mx\/shop\/wp-json\/wp\/v2\/media?parent=1402"}],"wp:term":[{"taxonomy":"product_brand","embeddable":true,"href":"https:\/\/guitarmusichall.com.mx\/shop\/wp-json\/wp\/v2\/product_brand?post=1402"},{"taxonomy":"product_cat","embeddable":true,"href":"https:\/\/guitarmusichall.com.mx\/shop\/wp-json\/wp\/v2\/product_cat?post=1402"},{"taxonomy":"product_tag","embeddable":true,"href":"https:\/\/guitarmusichall.com.mx\/shop\/wp-json\/wp\/v2\/product_tag?post=1402"}],"curies":[{"name":"wp","href":"https:\/\/api.w.org\/{rel}","templated":true}]}}