{"id":1443,"date":"2020-09-12T18:58:32","date_gmt":"2020-09-12T18:58:32","guid":{"rendered":"https:\/\/guitarmusichall.com.mx\/shop\/?post_type=product&#038;p=1443"},"modified":"2024-11-05T19:20:01","modified_gmt":"2024-11-05T19:20:01","slug":"orange-cabezal-dark-terror","status":"publish","type":"product","link":"https:\/\/guitarmusichall.com.mx\/shop\/producto\/orange-cabezal-dark-terror\/","title":{"rendered":"ORANGE CABEZAL DARK TERROR"},"content":{"rendered":"","protected":false},"excerpt":{"rendered":"<p><strong>DESCRIPCION DEL PRODUCTO<\/strong><\/p>\n<p>Orange Dark Terror Head<\/p>\n<p><strong>NUMERO DE PRODUCTO<\/strong><\/p>\n<p>DA15-H<\/p>\n<p><strong>CARACTERISTICAS DEL PRODUCTO<\/strong><\/p>\n<p>Continuando donde lo dej\u00f3 el Tiny Terror original, Dark Terror toma esta f\u00f3rmula cl\u00e1sica de &#8216;amplificador de fiambrera&#8217; y le da un toque oscuro y moderno. Dise\u00f1ado para dar prioridad a los tonos pesados \u200b\u200bde alta ganancia, el preamplificador de 4 etapas toma prestada la tecnolog\u00eda de nuestros amplificadores emblem\u00e1ticos y empaqueta lo mejor de la saturaci\u00f3n de Orange en un paquete port\u00e1til de 15 vatios. Equipado con nuestro bucle FX de todas las v\u00e1lvulas y conmutaci\u00f3n de potencia de salida, el Dark Terror convoca no solo una distorsi\u00f3n demon\u00edaca sino tambi\u00e9n excelentes tonos limpios y crujientes. Este amplificador enga\u00f1osamente simple hace mucho m\u00e1s que solo metal.<\/p>\n<p>* Single CHannel<\/p>\n<p>* Hich Gain<\/p>\n<p>* All Valve Amp Head With Valve FX Loop<\/p>\n<p>* Top Panel : Gain, Shape, Volume<\/p>\n<p>* Valves: Power Amp 2 X EL84<\/p>\n<p>* Preamp\u00a0 3 X ECC83\/12AX7<\/p>\n<p>* FX Loop 1 X ECC81\/12AT7<\/p>\n<p>* Speaker outs : 1\u00d78 OHM OR 1\u00d716 OHM OR 2\u00d716 OHM<\/p>\n","protected":false},"featured_media":1451,"template":"","meta":{"site-sidebar-layout":"default","site-content-layout":"default","ast-site-content-layout":"default","site-content-style":"default","site-sidebar-style":"default","ast-global-header-display":"","ast-banner-title-visibility":"","ast-main-header-display":"","ast-hfb-above-header-display":"","ast-hfb-below-header-display":"","ast-hfb-mobile-header-display":"","site-post-title":"","ast-breadcrumbs-content":"","ast-featured-img":"","footer-sml-layout":"","ast-disable-related-posts":"","theme-transparent-header-meta":"default","adv-header-id-meta":"","stick-header-meta":"","header-above-stick-meta":"","header-main-stick-meta":"","header-below-stick-meta":"","astra-migrate-meta-layouts":"set","ast-page-background-enabled":"default","ast-page-background-meta":{"desktop":{"background-color":"","background-image":"","background-repeat":"repeat","background-position":"center center","background-size":"auto","background-attachment":"scroll","background-type":"","background-media":"","overlay-type":"","overlay-color":"","overlay-opacity":"","overlay-gradient":""},"tablet":{"background-color":"","background-image":"","background-repeat":"repeat","background-position":"center center","background-size":"auto","background-attachment":"scroll","background-type":"","background-media":"","overlay-type":"","overlay-color":"","overlay-opacity":"","overlay-gradient":""},"mobile":{"background-color":"","background-image":"","background-repeat":"repeat","background-position":"center center","background-size":"auto","background-attachment":"scroll","background-type":"","background-media":"","overlay-type":"","overlay-color":"","overlay-opacity":"","overlay-gradient":""}},"ast-content-background-meta":{"desktop":{"background-color":"var(--ast-global-color-5)","background-image":"","background-repeat":"repeat","background-position":"center center","background-size":"auto","background-attachment":"scroll","background-type":"","background-media":"","overlay-type":"","overlay-color":"","overlay-opacity":"","overlay-gradient":""},"tablet":{"background-color":"var(--ast-global-color-5)","background-image":"","background-repeat":"repeat","background-position":"center center","background-size":"auto","background-attachment":"scroll","background-type":"","background-media":"","overlay-type":"","overlay-color":"","overlay-opacity":"","overlay-gradient":""},"mobile":{"background-color":"var(--ast-global-color-5)","background-image":"","background-repeat":"repeat","background-position":"center center","background-size":"auto","background-attachment":"scroll","background-type":"","background-media":"","overlay-type":"","overlay-color":"","overlay-opacity":"","overlay-gradient":""}}},"product_brand":[],"product_cat":[145],"product_tag":[],"class_list":{"0":"post-1443","1":"product","2":"type-product","3":"status-publish","4":"has-post-thumbnail","6":"product_cat-guitarra-electrica-3","7":"product_shipping_class-producto-super-extra-grande","8":"desktop-align-left","9":"tablet-align-left","10":"mobile-align-left","12":"first","13":"instock","14":"shipping-taxable","15":"purchasable","16":"product-type-simple"},"jetpack_sharing_enabled":true,"_links":{"self":[{"href":"https:\/\/guitarmusichall.com.mx\/shop\/wp-json\/wp\/v2\/product\/1443","targetHints":{"allow":["GET"]}}],"collection":[{"href":"https:\/\/guitarmusichall.com.mx\/shop\/wp-json\/wp\/v2\/product"}],"about":[{"href":"https:\/\/guitarmusichall.com.mx\/shop\/wp-json\/wp\/v2\/types\/product"}],"wp:featuredmedia":[{"embeddable":true,"href":"https:\/\/guitarmusichall.com.mx\/shop\/wp-json\/wp\/v2\/media\/1451"}],"wp:attachment":[{"href":"https:\/\/guitarmusichall.com.mx\/shop\/wp-json\/wp\/v2\/media?parent=1443"}],"wp:term":[{"taxonomy":"product_brand","embeddable":true,"href":"https:\/\/guitarmusichall.com.mx\/shop\/wp-json\/wp\/v2\/product_brand?post=1443"},{"taxonomy":"product_cat","embeddable":true,"href":"https:\/\/guitarmusichall.com.mx\/shop\/wp-json\/wp\/v2\/product_cat?post=1443"},{"taxonomy":"product_tag","embeddable":true,"href":"https:\/\/guitarmusichall.com.mx\/shop\/wp-json\/wp\/v2\/product_tag?post=1443"}],"curies":[{"name":"wp","href":"https:\/\/api.w.org\/{rel}","templated":true}]}}