{"id":1452,"date":"2020-09-12T22:35:25","date_gmt":"2020-09-12T22:35:25","guid":{"rendered":"https:\/\/guitarmusichall.com.mx\/shop\/?post_type=product&#038;p=1452"},"modified":"2025-07-11T21:47:45","modified_gmt":"2025-07-11T21:47:45","slug":"roland-jazz-chorus-jc-40","status":"publish","type":"product","link":"https:\/\/guitarmusichall.com.mx\/shop\/producto\/roland-jazz-chorus-jc-40\/","title":{"rendered":"ROLAND JAZZ CHORUS JC-40"},"content":{"rendered":"","protected":false},"excerpt":{"rendered":"<p><strong>DESCRIPCION DEL PRODUCTO<\/strong><\/p>\n<p>Amplificador Roland Jazz Chorus 40 Watts<\/p>\n<p><strong>NUMERO DE PRODUCTO<\/strong><\/p>\n<p>JC-40<\/p>\n<p><strong>CARACTERISTICAS DEL PRODUCTO<\/strong><\/p>\n<p>El Jazz Chorus JC-40 entrega el renombrado tono Roland \u201cJC clean\u201d y su distintivo efecto est\u00e9reo chorus en un combo amplificador compacto con caracter\u00edsticas evolucionadas para el guitarrista moderno. Tal como en el amplificador JC-120 buque insignia en el que est\u00e1 basado, el JC-40 ofrece un sonido est\u00e9reo cl\u00e1sico que es la paleta perfecta para darle forma al tono con pedales de efectos. Ahora, porta una entrada est\u00e9reo verdadera para el desempe\u00f1o realzado con pedales de efectos est\u00e9reo, sintetizadores de guitarra, equipo modelador de guitarra, y multi-efectos. En adici\u00f3n, los efectos a bordo del JC-40 incluyen nuevas funciones a\u00f1adidas y sonidos actualizados para soportar las necesidades de los int\u00e9rpretes de hoy.<\/p>\n<p>Legendario tono Roland \u201cJC clean\u201d en un peque\u00f1o combo amplificador listo para el evento<br \/>\nAmplificador est\u00e9reo de 40-watts con dos bocinas de 10-pulgadas<br \/>\nEntrada est\u00e9reo habilitando que el int\u00e9rprete obtenga el verdadero sonido est\u00e9reo usando modeladores y pedales de efecto est\u00e9reo<br \/>\nDistintivo efecto Dimensional Space Chorus para el sonido est\u00e9reo expansivo<br \/>\nPorta efectos Vibrato, Distorsi\u00f3n, y Reverb de nueva evoluci\u00f3n para estilos modernos<br \/>\nPuertos de pedal de cambio para activar\/desactivar durante la interpretaci\u00f3n, los efectos integrados<br \/>\nBucle de efectos est\u00e9reo para conectarle efectos externos<\/p>\n<p>&nbsp;<\/p>\n<p>&nbsp;<\/p>\n","protected":false},"featured_media":9869,"template":"","meta":{"site-sidebar-layout":"default","site-content-layout":"default","ast-site-content-layout":"default","site-content-style":"default","site-sidebar-style":"default","ast-global-header-display":"","ast-banner-title-visibility":"","ast-main-header-display":"","ast-hfb-above-header-display":"","ast-hfb-below-header-display":"","ast-hfb-mobile-header-display":"","site-post-title":"","ast-breadcrumbs-content":"","ast-featured-img":"","footer-sml-layout":"","ast-disable-related-posts":"","theme-transparent-header-meta":"default","adv-header-id-meta":"","stick-header-meta":"","header-above-stick-meta":"","header-main-stick-meta":"","header-below-stick-meta":"","astra-migrate-meta-layouts":"set","ast-page-background-enabled":"default","ast-page-background-meta":{"desktop":{"background-color":"","background-image":"","background-repeat":"repeat","background-position":"center center","background-size":"auto","background-attachment":"scroll","background-type":"","background-media":"","overlay-type":"","overlay-color":"","overlay-opacity":"","overlay-gradient":""},"tablet":{"background-color":"","background-image":"","background-repeat":"repeat","background-position":"center center","background-size":"auto","background-attachment":"scroll","background-type":"","background-media":"","overlay-type":"","overlay-color":"","overlay-opacity":"","overlay-gradient":""},"mobile":{"background-color":"","background-image":"","background-repeat":"repeat","background-position":"center center","background-size":"auto","background-attachment":"scroll","background-type":"","background-media":"","overlay-type":"","overlay-color":"","overlay-opacity":"","overlay-gradient":""}},"ast-content-background-meta":{"desktop":{"background-color":"var(--ast-global-color-5)","background-image":"","background-repeat":"repeat","background-position":"center center","background-size":"auto","background-attachment":"scroll","background-type":"","background-media":"","overlay-type":"","overlay-color":"","overlay-opacity":"","overlay-gradient":""},"tablet":{"background-color":"var(--ast-global-color-5)","background-image":"","background-repeat":"repeat","background-position":"center center","background-size":"auto","background-attachment":"scroll","background-type":"","background-media":"","overlay-type":"","overlay-color":"","overlay-opacity":"","overlay-gradient":""},"mobile":{"background-color":"var(--ast-global-color-5)","background-image":"","background-repeat":"repeat","background-position":"center center","background-size":"auto","background-attachment":"scroll","background-type":"","background-media":"","overlay-type":"","overlay-color":"","overlay-opacity":"","overlay-gradient":""}}},"product_brand":[],"product_cat":[145,44,254],"product_tag":[],"class_list":{"0":"post-1452","1":"product","2":"type-product","3":"status-publish","4":"has-post-thumbnail","6":"product_cat-guitarra-electrica-3","7":"product_cat-roland","8":"product_cat-roland-electrica","9":"product_shipping_class-producto-premium","10":"desktop-align-left","11":"tablet-align-left","12":"mobile-align-left","14":"first","15":"instock","16":"shipping-taxable","17":"purchasable","18":"product-type-simple"},"jetpack_sharing_enabled":true,"_links":{"self":[{"href":"https:\/\/guitarmusichall.com.mx\/shop\/wp-json\/wp\/v2\/product\/1452","targetHints":{"allow":["GET"]}}],"collection":[{"href":"https:\/\/guitarmusichall.com.mx\/shop\/wp-json\/wp\/v2\/product"}],"about":[{"href":"https:\/\/guitarmusichall.com.mx\/shop\/wp-json\/wp\/v2\/types\/product"}],"wp:featuredmedia":[{"embeddable":true,"href":"https:\/\/guitarmusichall.com.mx\/shop\/wp-json\/wp\/v2\/media\/9869"}],"wp:attachment":[{"href":"https:\/\/guitarmusichall.com.mx\/shop\/wp-json\/wp\/v2\/media?parent=1452"}],"wp:term":[{"taxonomy":"product_brand","embeddable":true,"href":"https:\/\/guitarmusichall.com.mx\/shop\/wp-json\/wp\/v2\/product_brand?post=1452"},{"taxonomy":"product_cat","embeddable":true,"href":"https:\/\/guitarmusichall.com.mx\/shop\/wp-json\/wp\/v2\/product_cat?post=1452"},{"taxonomy":"product_tag","embeddable":true,"href":"https:\/\/guitarmusichall.com.mx\/shop\/wp-json\/wp\/v2\/product_tag?post=1452"}],"curies":[{"name":"wp","href":"https:\/\/api.w.org\/{rel}","templated":true}]}}