{"id":1536,"date":"2020-09-16T18:53:55","date_gmt":"2020-09-16T18:53:55","guid":{"rendered":"https:\/\/guitarmusichall.com.mx\/shop\/?post_type=product&#038;p=1536"},"modified":"2024-11-22T19:14:17","modified_gmt":"2024-11-22T19:14:17","slug":"fender-g-dec-3-fifteen","status":"publish","type":"product","link":"https:\/\/guitarmusichall.com.mx\/shop\/producto\/fender-g-dec-3-fifteen\/","title":{"rendered":"FENDER G DEC 3 FIFTEEN"},"content":{"rendered":"","protected":false},"excerpt":{"rendered":"<p><strong>DESCRIPCION DEL PRODUCTO<\/strong><\/p>\n<p>Fender G-DEC\u00ae 3 Fifteen 15W<\/p>\n<p><strong>NUMERO DE PRODUCTO<\/strong><\/p>\n<p>GDEC15<\/p>\n<p><strong>CARACTERISTICAS DEL PRODUCTO<\/strong><\/p>\n<p>El G-DEC\u00ae 3 Fifteen es un amplificador nuevo incre\u00edble y de gran sonido para practicar y grabar. Repleto de funciones, incluye amplificadores digitales y modelos de efectos para cada estilo de interpretaci\u00f3n; 100 ajustes preestablecidos, muchos creados por los mejores artistas y ases de sesi\u00f3n del mundo; Software Fender\u00ae FUSE\u2122: su clave para crear, conectar y configurar su G-DEC 3; y muchas otras excelentes caracter\u00edsticas. Crea tu propio arsenal de tonos de guitarra; luego experimente las fant\u00e1sticas capacidades de acompa\u00f1amiento del G-DEC 3. Contiene una gran colecci\u00f3n de m\u00fasica para practicar y tocar, y muchas de sus 100 pistas de acompa\u00f1amiento fueron grabadas por los mejores m\u00fasicos del mundo, desde Los \u00c1ngeles a Londres y de Nashville a Nueva York; del rock al blues, del lat\u00edn al metal; desde los mejores m\u00fasicos de estudio hasta famosas estrellas de rock. \u00bfTu amplificador es 100 por ciento met\u00e1lico? \u00bf100 por ciento blues? Su G-DEC 3 Quince puede ser &#8211; es depende de ti La interfaz del software Fender FUSE\u2122 te permite conectar tu G-DEC 3 a tu computadora (con el cable USB incluido) y personalizarlo descargando y cargando pistas de acompa\u00f1amiento; edici\u00f3n, almacenamiento y edici\u00f3n profunda de par\u00e1metros de rendimiento e intercambio de archivos con otros miembros de la comunidad mundial Fender FUSE\u2122. El G-DEC 3 Fifteen de 15 vatios tambi\u00e9n cuenta con almacenamiento y reproducci\u00f3n de archivos mp3 y wav integrados; ranura para tarjeta SD multifunci\u00f3n para almacenamiento ilimitado de presinton\u00edas y contenido de audio; software de grabaci\u00f3n con calidad de estudio Ableton\u00ae Live Lite 8 Fender Edition para crear y editar contenido adicional de pistas de acompa\u00f1amiento; y el software AmpliTube\u00ae Fender LE para practicar, tocar y grabar con tonos cl\u00e1sicos de Fender en tu computadora. La interfaz del software Fender FUSE\u2122 te permite conectar tu G-DEC 3 a tu computadora (con el cable USB incluido) y personalizarlo descargando y cargando pistas de acompa\u00f1amiento; edici\u00f3n, almacenamiento y edici\u00f3n profunda de par\u00e1metros de rendimiento e intercambio de archivos con otros miembros de la comunidad mundial Fender FUSE\u2122. El G-DEC 3 Fifteen de 15 vatios tambi\u00e9n cuenta con almacenamiento y reproducci\u00f3n de archivos mp3 y wav integrados; ranura para tarjeta SD multifunci\u00f3n para almacenamiento ilimitado de presinton\u00edas y contenido de audio; software de grabaci\u00f3n con calidad de estudio Ableton\u00ae Live Lite 8 Fender Edition para crear y editar contenido adicional de pistas de acompa\u00f1amiento; y el software AmpliTube\u00ae Fender LE para practicar, tocar y grabar con tonos cl\u00e1sicos de Fender en tu computadora. La interfaz del software Fender FUSE\u2122 te permite conectar tu G-DEC 3 a tu computadora (con el cable USB incluido) y personalizarlo descargando y cargando pistas de acompa\u00f1amiento; edici\u00f3n, almacenamiento y edici\u00f3n profunda de par\u00e1metros de rendimiento e intercambio de archivos con otros miembros de la comunidad mundial Fender FUSE\u2122. El G-DEC 3 Fifteen de 15 vatios tambi\u00e9n cuenta con almacenamiento y reproducci\u00f3n de archivos mp3 y wav integrados; ranura para tarjeta SD multifunci\u00f3n para almacenamiento ilimitado de presinton\u00edas y contenido de audio; software de grabaci\u00f3n con calidad de estudio Ableton\u00ae Live Lite 8 Fender Edition para crear y editar contenido adicional de pistas de acompa\u00f1amiento; y el software AmpliTube\u00ae Fender LE para practicar, tocar y grabar con tonos cl\u00e1sicos de Fender en tu computadora. e intercambiar archivos con otros miembros de la comunidad mundial Fender FUSE\u2122. El G-DEC 3 Fifteen de 15 vatios tambi\u00e9n cuenta con almacenamiento y reproducci\u00f3n de archivos mp3 y wav integrados; ranura para tarjeta SD multifunci\u00f3n para almacenamiento ilimitado de presinton\u00edas y contenido de audio; software de grabaci\u00f3n con calidad de estudio Ableton\u00ae Live Lite 8 Fender Edition para crear y editar contenido adicional de pistas de acompa\u00f1amiento; y el software AmpliTube\u00ae Fender LE para practicar, tocar y grabar con tonos cl\u00e1sicos de Fender en tu computadora. e intercambiar archivos con otros miembros de la comunidad mundial Fender FUSE\u2122. El G-DEC 3 Fifteen de 15 vatios tambi\u00e9n cuenta con almacenamiento y reproducci\u00f3n de archivos mp3 y wav integrados; ranura para tarjeta SD multifunci\u00f3n para almacenamiento ilimitado de presinton\u00edas y contenido de audio; software de grabaci\u00f3n con calidad de estudio Ableton\u00ae Live Lite 8 Fender Edition para crear y editar contenido adicional de pistas de acompa\u00f1amiento; y el software AmpliTube\u00ae Fender LE para practicar, tocar y grabar con tonos cl\u00e1sicos de Fender en tu computadora.<\/p>\n<p>&nbsp;<\/p>\n","protected":false},"featured_media":1538,"template":"","meta":{"site-sidebar-layout":"default","site-content-layout":"default","ast-site-content-layout":"default","site-content-style":"default","site-sidebar-style":"default","ast-global-header-display":"","ast-banner-title-visibility":"","ast-main-header-display":"","ast-hfb-above-header-display":"","ast-hfb-below-header-display":"","ast-hfb-mobile-header-display":"","site-post-title":"","ast-breadcrumbs-content":"","ast-featured-img":"","footer-sml-layout":"","ast-disable-related-posts":"","theme-transparent-header-meta":"default","adv-header-id-meta":"","stick-header-meta":"","header-above-stick-meta":"","header-main-stick-meta":"","header-below-stick-meta":"","astra-migrate-meta-layouts":"default","ast-page-background-enabled":"default","ast-page-background-meta":{"desktop":{"background-color":"","background-image":"","background-repeat":"repeat","background-position":"center center","background-size":"auto","background-attachment":"scroll","background-type":"","background-media":"","overlay-type":"","overlay-color":"","overlay-opacity":"","overlay-gradient":""},"tablet":{"background-color":"","background-image":"","background-repeat":"repeat","background-position":"center center","background-size":"auto","background-attachment":"scroll","background-type":"","background-media":"","overlay-type":"","overlay-color":"","overlay-opacity":"","overlay-gradient":""},"mobile":{"background-color":"","background-image":"","background-repeat":"repeat","background-position":"center center","background-size":"auto","background-attachment":"scroll","background-type":"","background-media":"","overlay-type":"","overlay-color":"","overlay-opacity":"","overlay-gradient":""}},"ast-content-background-meta":{"desktop":{"background-color":"var(--ast-global-color-5)","background-image":"","background-repeat":"repeat","background-position":"center center","background-size":"auto","background-attachment":"scroll","background-type":"","background-media":"","overlay-type":"","overlay-color":"","overlay-opacity":"","overlay-gradient":""},"tablet":{"background-color":"var(--ast-global-color-5)","background-image":"","background-repeat":"repeat","background-position":"center center","background-size":"auto","background-attachment":"scroll","background-type":"","background-media":"","overlay-type":"","overlay-color":"","overlay-opacity":"","overlay-gradient":""},"mobile":{"background-color":"var(--ast-global-color-5)","background-image":"","background-repeat":"repeat","background-position":"center center","background-size":"auto","background-attachment":"scroll","background-type":"","background-media":"","overlay-type":"","overlay-color":"","overlay-opacity":"","overlay-gradient":""}}},"product_brand":[],"product_cat":[145],"product_tag":[],"class_list":{"0":"post-1536","1":"product","2":"type-product","3":"status-publish","4":"has-post-thumbnail","6":"product_cat-guitarra-electrica-3","7":"product_shipping_class-producto-grande","8":"desktop-align-left","9":"tablet-align-left","10":"mobile-align-left","12":"first","13":"instock","14":"shipping-taxable","15":"purchasable","16":"product-type-simple"},"jetpack_sharing_enabled":true,"_links":{"self":[{"href":"https:\/\/guitarmusichall.com.mx\/shop\/wp-json\/wp\/v2\/product\/1536","targetHints":{"allow":["GET"]}}],"collection":[{"href":"https:\/\/guitarmusichall.com.mx\/shop\/wp-json\/wp\/v2\/product"}],"about":[{"href":"https:\/\/guitarmusichall.com.mx\/shop\/wp-json\/wp\/v2\/types\/product"}],"wp:featuredmedia":[{"embeddable":true,"href":"https:\/\/guitarmusichall.com.mx\/shop\/wp-json\/wp\/v2\/media\/1538"}],"wp:attachment":[{"href":"https:\/\/guitarmusichall.com.mx\/shop\/wp-json\/wp\/v2\/media?parent=1536"}],"wp:term":[{"taxonomy":"product_brand","embeddable":true,"href":"https:\/\/guitarmusichall.com.mx\/shop\/wp-json\/wp\/v2\/product_brand?post=1536"},{"taxonomy":"product_cat","embeddable":true,"href":"https:\/\/guitarmusichall.com.mx\/shop\/wp-json\/wp\/v2\/product_cat?post=1536"},{"taxonomy":"product_tag","embeddable":true,"href":"https:\/\/guitarmusichall.com.mx\/shop\/wp-json\/wp\/v2\/product_tag?post=1536"}],"curies":[{"name":"wp","href":"https:\/\/api.w.org\/{rel}","templated":true}]}}