{"id":1590,"date":"2020-09-16T22:00:25","date_gmt":"2020-09-16T22:00:25","guid":{"rendered":"https:\/\/guitarmusichall.com.mx\/shop\/?post_type=product&#038;p=1590"},"modified":"2025-08-07T20:41:13","modified_gmt":"2025-08-07T20:41:13","slug":"mustang-micro-plus","status":"publish","type":"product","link":"https:\/\/guitarmusichall.com.mx\/shop\/producto\/mustang-micro-plus\/","title":{"rendered":"MUSTANG MICRO PLUS"},"content":{"rendered":"","protected":false},"excerpt":{"rendered":"<p><strong>DESCRIPCION DEL PRODUCTO<\/strong><\/p>\n<p>Amplificador para aud\u00edfonos Fender Mustang Micro Plus<\/p>\n<p><strong>NUMERO DE PRODUCTO<\/strong><\/p>\n<p>2311614000<\/p>\n<p><strong>CARACTERISTICAS DEL PRODUCTO<\/strong><\/p>\n<p>Mustang Micro Plus lleva todo lo que los m\u00fasicos adoran de Mustang Micro al siguiente nivel. Con 25 amplificadores y 25 efectos integrados, Mustang Micro Plus es el amplificador de guitarra personal definitivo. Micro Plus cuenta con 100 ranuras de preajustes editables compatibles con la aplicaci\u00f3n Fender Tone, un afinador integrado y una pantalla.<\/p>\n<p>Todo lo que necesitas para tocar est\u00e1 integrado. Simplemente conecta Micro Plus directamente a la toma de tu guitarra, conecta un par de auriculares con cable o aud\u00edfonos, y elige entre una selecci\u00f3n de incre\u00edbles ajustes preestablecidos de f\u00e1brica. Y con la transmisi\u00f3n de audio Bluetooth incorporada, puedes tocar al ritmo de tus canciones o videos de guitarra favoritos en tiempo real.<\/p>\n<p>25 tipos de amplificadores para una amplia gama de tonos limpios y saturados<br \/>\n25 efectos con control de par\u00e1metros<br \/>\nPantalla oled integrada<br \/>\nAfinador crom\u00e1tico incorporado<br \/>\n100 ajustes preestablecidos editables<br \/>\nCompatible con la app Fender Tone para iOS y Android a trav\u00e9s de Bluetooth<br \/>\nEcualizador global ajustable<br \/>\nStreaming de audio por Bluetooth con sincronizaci\u00f3n de audio\/video para tocar en tiempo real<br \/>\nBater\u00eda de litio recargable (a trav\u00e9s de USB)<br \/>\nM\u00e1s de 4 horas de tiempo de reproducci\u00f3n continua<br \/>\nEnchufe de entrada giratorio para compatibilidad con la mayor\u00eda de guitarras y bajos.<br \/>\nGrabaci\u00f3n USB bidireccional<br \/>\nIncluye 6 meses de acceso a Studio One<\/p>\n","protected":false},"featured_media":9586,"template":"","meta":{"site-sidebar-layout":"default","site-content-layout":"default","ast-site-content-layout":"default","site-content-style":"default","site-sidebar-style":"default","ast-global-header-display":"","ast-banner-title-visibility":"","ast-main-header-display":"","ast-hfb-above-header-display":"","ast-hfb-below-header-display":"","ast-hfb-mobile-header-display":"","site-post-title":"","ast-breadcrumbs-content":"","ast-featured-img":"","footer-sml-layout":"","ast-disable-related-posts":"","theme-transparent-header-meta":"default","adv-header-id-meta":"","stick-header-meta":"","header-above-stick-meta":"","header-main-stick-meta":"","header-below-stick-meta":"","astra-migrate-meta-layouts":"set","ast-page-background-enabled":"default","ast-page-background-meta":{"desktop":{"background-color":"","background-image":"","background-repeat":"repeat","background-position":"center center","background-size":"auto","background-attachment":"scroll","background-type":"","background-media":"","overlay-type":"","overlay-color":"","overlay-opacity":"","overlay-gradient":""},"tablet":{"background-color":"","background-image":"","background-repeat":"repeat","background-position":"center center","background-size":"auto","background-attachment":"scroll","background-type":"","background-media":"","overlay-type":"","overlay-color":"","overlay-opacity":"","overlay-gradient":""},"mobile":{"background-color":"","background-image":"","background-repeat":"repeat","background-position":"center center","background-size":"auto","background-attachment":"scroll","background-type":"","background-media":"","overlay-type":"","overlay-color":"","overlay-opacity":"","overlay-gradient":""}},"ast-content-background-meta":{"desktop":{"background-color":"var(--ast-global-color-5)","background-image":"","background-repeat":"repeat","background-position":"center center","background-size":"auto","background-attachment":"scroll","background-type":"","background-media":"","overlay-type":"","overlay-color":"","overlay-opacity":"","overlay-gradient":""},"tablet":{"background-color":"var(--ast-global-color-5)","background-image":"","background-repeat":"repeat","background-position":"center center","background-size":"auto","background-attachment":"scroll","background-type":"","background-media":"","overlay-type":"","overlay-color":"","overlay-opacity":"","overlay-gradient":""},"mobile":{"background-color":"var(--ast-global-color-5)","background-image":"","background-repeat":"repeat","background-position":"center center","background-size":"auto","background-attachment":"scroll","background-type":"","background-media":"","overlay-type":"","overlay-color":"","overlay-opacity":"","overlay-gradient":""}}},"product_brand":[],"product_cat":[38,145],"product_tag":[],"class_list":{"0":"post-1590","1":"product","2":"type-product","3":"status-publish","4":"has-post-thumbnail","6":"product_cat-fender","7":"product_cat-guitarra-electrica-3","8":"product_shipping_class-producto-grande","9":"desktop-align-left","10":"tablet-align-left","11":"mobile-align-left","13":"first","14":"instock","15":"shipping-taxable","16":"purchasable","17":"product-type-simple"},"jetpack_sharing_enabled":true,"_links":{"self":[{"href":"https:\/\/guitarmusichall.com.mx\/shop\/wp-json\/wp\/v2\/product\/1590","targetHints":{"allow":["GET"]}}],"collection":[{"href":"https:\/\/guitarmusichall.com.mx\/shop\/wp-json\/wp\/v2\/product"}],"about":[{"href":"https:\/\/guitarmusichall.com.mx\/shop\/wp-json\/wp\/v2\/types\/product"}],"wp:featuredmedia":[{"embeddable":true,"href":"https:\/\/guitarmusichall.com.mx\/shop\/wp-json\/wp\/v2\/media\/9586"}],"wp:attachment":[{"href":"https:\/\/guitarmusichall.com.mx\/shop\/wp-json\/wp\/v2\/media?parent=1590"}],"wp:term":[{"taxonomy":"product_brand","embeddable":true,"href":"https:\/\/guitarmusichall.com.mx\/shop\/wp-json\/wp\/v2\/product_brand?post=1590"},{"taxonomy":"product_cat","embeddable":true,"href":"https:\/\/guitarmusichall.com.mx\/shop\/wp-json\/wp\/v2\/product_cat?post=1590"},{"taxonomy":"product_tag","embeddable":true,"href":"https:\/\/guitarmusichall.com.mx\/shop\/wp-json\/wp\/v2\/product_tag?post=1590"}],"curies":[{"name":"wp","href":"https:\/\/api.w.org\/{rel}","templated":true}]}}