{"id":1710,"date":"2020-10-31T18:22:25","date_gmt":"2020-10-31T18:22:25","guid":{"rendered":"https:\/\/guitarmusichall.com.mx\/shop\/?post_type=product&#038;p=1710"},"modified":"2025-12-23T19:56:26","modified_gmt":"2025-12-23T19:56:26","slug":"ehx-polyphonic-octave-generator","status":"publish","type":"product","link":"https:\/\/guitarmusichall.com.mx\/shop\/producto\/ehx-polyphonic-octave-generator\/","title":{"rendered":"EHX POLYPHONIC OCTAVE GENERATOR"},"content":{"rendered":"","protected":false},"excerpt":{"rendered":"<p><strong>DESCRIPCION DEL PRODUCTO<\/strong><\/p>\n<p>Pedal Electro-Harmonix POG2 Polyphonic Octave Generator<\/p>\n<p><strong>NUMERO DE PRODUCTO<\/strong><\/p>\n<p>POG2<\/p>\n<p><strong>CARACTERISTICAS DEL PRODUCTO<\/strong><\/p>\n<p>En 2005, Electro-Harmonix present\u00f3 el POG original, un generador de octavas polif\u00f3nicas que permit\u00eda a los guitarristas conjurar de todo, desde el tintineo surrealista de una guitarra de 18 cuerdas hasta paredes ricas y gruesas de sonido sinf\u00f3nico. El POG2 te llevar\u00e1 a\u00fan m\u00e1s alto. Use el nuevo control de ataque para desvanecerse en oleajes exuberantes y suaves. Sintoniza la nueva segunda sub-octava para llegar m\u00e1s profundo que nunca. El filtro de paso bajo resonante de 2 polos ahora incluye dos modos Q adicionales. Deslice la desafinaci\u00f3n recientemente mejorada para refinar a\u00fan m\u00e1s su sonido.<\/p>\n<p>* True bypass<\/p>\n<p>* Memoria de 8 preajustes totalmente programable con recuperaci\u00f3n instant\u00e1nea de cuatro voces polif\u00f3nicas mezclables + su guitarra<\/p>\n<p>* El control deslizante Attack delay controla la velocidad de aparici\u00f3n gradual de las octavas<\/p>\n<p>* Filtro de paso bajo con Q seleccionable<\/p>\n<p>* La se\u00f1al seca se puede enrutar a trav\u00e9s de los faders Attack, LP y Detune<\/p>\n<p>* Seguimiento polif\u00f3nico impecable sin fallas<\/p>\n<p>* Se puede conectar en cadena con otros pedales y fuentes de alimentaci\u00f3n<\/p>\n<p>* Fuente de alimentaci\u00f3n 9.6DC-200 incluida<\/p>\n","protected":false},"featured_media":1747,"template":"","meta":{"site-sidebar-layout":"default","site-content-layout":"default","ast-site-content-layout":"default","site-content-style":"default","site-sidebar-style":"default","ast-global-header-display":"","ast-banner-title-visibility":"","ast-main-header-display":"","ast-hfb-above-header-display":"","ast-hfb-below-header-display":"","ast-hfb-mobile-header-display":"","site-post-title":"","ast-breadcrumbs-content":"","ast-featured-img":"","footer-sml-layout":"","ast-disable-related-posts":"","theme-transparent-header-meta":"default","adv-header-id-meta":"","stick-header-meta":"","header-above-stick-meta":"","header-main-stick-meta":"","header-below-stick-meta":"","astra-migrate-meta-layouts":"default","ast-page-background-enabled":"default","ast-page-background-meta":{"desktop":{"background-color":"","background-image":"","background-repeat":"repeat","background-position":"center center","background-size":"auto","background-attachment":"scroll","background-type":"","background-media":"","overlay-type":"","overlay-color":"","overlay-opacity":"","overlay-gradient":""},"tablet":{"background-color":"","background-image":"","background-repeat":"repeat","background-position":"center center","background-size":"auto","background-attachment":"scroll","background-type":"","background-media":"","overlay-type":"","overlay-color":"","overlay-opacity":"","overlay-gradient":""},"mobile":{"background-color":"","background-image":"","background-repeat":"repeat","background-position":"center center","background-size":"auto","background-attachment":"scroll","background-type":"","background-media":"","overlay-type":"","overlay-color":"","overlay-opacity":"","overlay-gradient":""}},"ast-content-background-meta":{"desktop":{"background-color":"var(--ast-global-color-5)","background-image":"","background-repeat":"repeat","background-position":"center center","background-size":"auto","background-attachment":"scroll","background-type":"","background-media":"","overlay-type":"","overlay-color":"","overlay-opacity":"","overlay-gradient":""},"tablet":{"background-color":"var(--ast-global-color-5)","background-image":"","background-repeat":"repeat","background-position":"center center","background-size":"auto","background-attachment":"scroll","background-type":"","background-media":"","overlay-type":"","overlay-color":"","overlay-opacity":"","overlay-gradient":""},"mobile":{"background-color":"var(--ast-global-color-5)","background-image":"","background-repeat":"repeat","background-position":"center center","background-size":"auto","background-attachment":"scroll","background-type":"","background-media":"","overlay-type":"","overlay-color":"","overlay-opacity":"","overlay-gradient":""}}},"product_brand":[],"product_cat":[36,153],"product_tag":[],"class_list":{"0":"post-1710","1":"product","2":"type-product","3":"status-publish","4":"has-post-thumbnail","6":"product_cat-electro-harmonix","7":"product_cat-electro-harmonix-guit","8":"product_shipping_class-producto-grande","9":"desktop-align-left","10":"tablet-align-left","11":"mobile-align-left","13":"first","14":"instock","15":"shipping-taxable","16":"purchasable","17":"product-type-simple"},"jetpack_sharing_enabled":true,"_links":{"self":[{"href":"https:\/\/guitarmusichall.com.mx\/shop\/wp-json\/wp\/v2\/product\/1710","targetHints":{"allow":["GET"]}}],"collection":[{"href":"https:\/\/guitarmusichall.com.mx\/shop\/wp-json\/wp\/v2\/product"}],"about":[{"href":"https:\/\/guitarmusichall.com.mx\/shop\/wp-json\/wp\/v2\/types\/product"}],"wp:featuredmedia":[{"embeddable":true,"href":"https:\/\/guitarmusichall.com.mx\/shop\/wp-json\/wp\/v2\/media\/1747"}],"wp:attachment":[{"href":"https:\/\/guitarmusichall.com.mx\/shop\/wp-json\/wp\/v2\/media?parent=1710"}],"wp:term":[{"taxonomy":"product_brand","embeddable":true,"href":"https:\/\/guitarmusichall.com.mx\/shop\/wp-json\/wp\/v2\/product_brand?post=1710"},{"taxonomy":"product_cat","embeddable":true,"href":"https:\/\/guitarmusichall.com.mx\/shop\/wp-json\/wp\/v2\/product_cat?post=1710"},{"taxonomy":"product_tag","embeddable":true,"href":"https:\/\/guitarmusichall.com.mx\/shop\/wp-json\/wp\/v2\/product_tag?post=1710"}],"curies":[{"name":"wp","href":"https:\/\/api.w.org\/{rel}","templated":true}]}}