{"id":1748,"date":"2020-11-07T17:43:37","date_gmt":"2020-11-07T17:43:37","guid":{"rendered":"https:\/\/guitarmusichall.com.mx\/shop\/?post_type=product&#038;p=1748"},"modified":"2025-05-23T21:47:41","modified_gmt":"2025-05-23T21:47:41","slug":"ehx-micro-sinth-analog-guitar","status":"publish","type":"product","link":"https:\/\/guitarmusichall.com.mx\/shop\/producto\/ehx-micro-sinth-analog-guitar\/","title":{"rendered":"EHX MICRO SINTH ANALOG GUITAR"},"content":{"rendered":"","protected":false},"excerpt":{"rendered":"<p><strong>DESCRIPCION DEL PRODUCTO<\/strong><\/p>\n<p>Pedal Electro-Harmonix Micro Synthesizer Analog Guitar Microsynth<\/p>\n<p><strong>NUMERO DE PRODUCTO<\/strong><\/p>\n<p>MICRO<\/p>\n<p><strong>CARACTERISTICAS DEL PRODUCTO<\/strong><\/p>\n<p>Desde los cl\u00e1sicos sonidos vintage de los primeros grandes sintetizadores Moog hasta las creaciones personalizadas, el Microsynth crea sonidos de sintetizador anal\u00f3gico gruesos que se escuchan en grabaciones cl\u00e1sicas de algunos de los mejores m\u00fasicos del mundo. El dise\u00f1o compacto de diez controles deslizantes permite al guitarrista s\u00f3nicamente aventurero marcar una variedad pr\u00e1cticamente ilimitada de sonidos de sintetizador anal\u00f3gico: desde golpes de percusi\u00f3n hasta efectos de arco que suenan hacia atr\u00e1s.<\/p>\n<p>* Bypass verdadero<\/p>\n<p>* Dise\u00f1o totalmente anal\u00f3gico<\/p>\n<p>* Filtro resonante anal\u00f3gico de 3 polos &#8211; Mezcla de 4 secciones de mezclador de voz: sub octava, original, octava arriba y onda cuadrada<\/p>\n<p>* La voz de onda cuadrada se puede utilizar como tono de distorsi\u00f3n<\/p>\n<p>* Frecuencia de filtro de inicio, parada controles deslizantes con tasa ajustable para un control total sobre la direcci\u00f3n y velocidad de barrido del filtro<\/p>\n<p>* Control de resonancia de filtro ajustable<\/p>\n<p>* Control de tiempo de ataque ajustable para notas que se desvanecen<\/p>\n<p>* Chasis de fundici\u00f3n a presi\u00f3n resistente y compacto<\/p>\n<p>* Fuente de alimentaci\u00f3n 96DC-200BI incluida<\/p>\n","protected":false},"featured_media":1753,"template":"","meta":{"site-sidebar-layout":"default","site-content-layout":"default","ast-site-content-layout":"default","site-content-style":"default","site-sidebar-style":"default","ast-global-header-display":"","ast-banner-title-visibility":"","ast-main-header-display":"","ast-hfb-above-header-display":"","ast-hfb-below-header-display":"","ast-hfb-mobile-header-display":"","site-post-title":"","ast-breadcrumbs-content":"","ast-featured-img":"","footer-sml-layout":"","ast-disable-related-posts":"","theme-transparent-header-meta":"default","adv-header-id-meta":"","stick-header-meta":"","header-above-stick-meta":"","header-main-stick-meta":"","header-below-stick-meta":"","astra-migrate-meta-layouts":"default","ast-page-background-enabled":"default","ast-page-background-meta":{"desktop":{"background-color":"","background-image":"","background-repeat":"repeat","background-position":"center center","background-size":"auto","background-attachment":"scroll","background-type":"","background-media":"","overlay-type":"","overlay-color":"","overlay-opacity":"","overlay-gradient":""},"tablet":{"background-color":"","background-image":"","background-repeat":"repeat","background-position":"center center","background-size":"auto","background-attachment":"scroll","background-type":"","background-media":"","overlay-type":"","overlay-color":"","overlay-opacity":"","overlay-gradient":""},"mobile":{"background-color":"","background-image":"","background-repeat":"repeat","background-position":"center center","background-size":"auto","background-attachment":"scroll","background-type":"","background-media":"","overlay-type":"","overlay-color":"","overlay-opacity":"","overlay-gradient":""}},"ast-content-background-meta":{"desktop":{"background-color":"var(--ast-global-color-5)","background-image":"","background-repeat":"repeat","background-position":"center center","background-size":"auto","background-attachment":"scroll","background-type":"","background-media":"","overlay-type":"","overlay-color":"","overlay-opacity":"","overlay-gradient":""},"tablet":{"background-color":"var(--ast-global-color-5)","background-image":"","background-repeat":"repeat","background-position":"center center","background-size":"auto","background-attachment":"scroll","background-type":"","background-media":"","overlay-type":"","overlay-color":"","overlay-opacity":"","overlay-gradient":""},"mobile":{"background-color":"var(--ast-global-color-5)","background-image":"","background-repeat":"repeat","background-position":"center center","background-size":"auto","background-attachment":"scroll","background-type":"","background-media":"","overlay-type":"","overlay-color":"","overlay-opacity":"","overlay-gradient":""}}},"product_brand":[],"product_cat":[36,153],"product_tag":[],"class_list":{"0":"post-1748","1":"product","2":"type-product","3":"status-publish","4":"has-post-thumbnail","6":"product_cat-electro-harmonix","7":"product_cat-electro-harmonix-guit","8":"product_shipping_class-producto-grande","9":"desktop-align-left","10":"tablet-align-left","11":"mobile-align-left","13":"first","14":"instock","15":"shipping-taxable","16":"purchasable","17":"product-type-simple"},"jetpack_sharing_enabled":true,"_links":{"self":[{"href":"https:\/\/guitarmusichall.com.mx\/shop\/wp-json\/wp\/v2\/product\/1748","targetHints":{"allow":["GET"]}}],"collection":[{"href":"https:\/\/guitarmusichall.com.mx\/shop\/wp-json\/wp\/v2\/product"}],"about":[{"href":"https:\/\/guitarmusichall.com.mx\/shop\/wp-json\/wp\/v2\/types\/product"}],"wp:featuredmedia":[{"embeddable":true,"href":"https:\/\/guitarmusichall.com.mx\/shop\/wp-json\/wp\/v2\/media\/1753"}],"wp:attachment":[{"href":"https:\/\/guitarmusichall.com.mx\/shop\/wp-json\/wp\/v2\/media?parent=1748"}],"wp:term":[{"taxonomy":"product_brand","embeddable":true,"href":"https:\/\/guitarmusichall.com.mx\/shop\/wp-json\/wp\/v2\/product_brand?post=1748"},{"taxonomy":"product_cat","embeddable":true,"href":"https:\/\/guitarmusichall.com.mx\/shop\/wp-json\/wp\/v2\/product_cat?post=1748"},{"taxonomy":"product_tag","embeddable":true,"href":"https:\/\/guitarmusichall.com.mx\/shop\/wp-json\/wp\/v2\/product_tag?post=1748"}],"curies":[{"name":"wp","href":"https:\/\/api.w.org\/{rel}","templated":true}]}}