{"id":1762,"date":"2020-11-07T18:40:27","date_gmt":"2020-11-07T18:40:27","guid":{"rendered":"https:\/\/guitarmusichall.com.mx\/shop\/?post_type=product&#038;p=1762"},"modified":"2022-05-30T23:09:15","modified_gmt":"2022-05-30T23:09:15","slug":"ehx-mod-rex-polyrhytmic-mod","status":"publish","type":"product","link":"https:\/\/guitarmusichall.com.mx\/shop\/producto\/ehx-mod-rex-polyrhytmic-mod\/","title":{"rendered":"EHX MOD REX POLYRHYTMIC MOD"},"content":{"rendered":"","protected":false},"excerpt":{"rendered":"<p><strong>DESCRIPCION DEL PRODUCTO<\/strong><\/p>\n<p>Pedal Electro-Harmonix Mod Rex PolyRhytmic Modulator<\/p>\n<p><strong>NUMERO DE PRODUCTO<\/strong><\/p>\n<p>MODREX<\/p>\n<p><strong>CARACTERISTICAS DEL PRODUCTO<\/strong><\/p>\n<p>El MOD REX es un tour-de-force cin\u00e9tico que te permite tejer tapices musicales convincentes y cambiantes. Ya seas guitarrista, sintetizador o m\u00fasico electr\u00f3nico, encontrar\u00e1s que inspira tu creatividad y ampl\u00eda tus l\u00edmites musicales.<\/p>\n<p>* Hasta cuatro secciones de modulaci\u00f3n simult\u00e1neas sincronizadas en el tiempo.<\/p>\n<p>* La secci\u00f3n MOD ofrece una opci\u00f3n de Vibrato, Flanger, Chorus o Phaser<\/p>\n<p>* Secciones de tr\u00e9molo independiente, panoramizaci\u00f3n modulada y filtro modulado.<\/p>\n<p>* 9 opciones de subdivisi\u00f3n de tempo para cada secci\u00f3n de modulaci\u00f3n.<\/p>\n<p>* 4 opciones de forma de LFO para cada secci\u00f3n de modulaci\u00f3n<\/p>\n<p>*100 presets almacenables -Entrada<br \/>\ny salida est\u00e9reo completa<\/p>\n<p>* Pulse Tempo y Tempo Sync a un dispositivo externo con reloj MIDI o un reloj de pulso externo<\/p>\n<p>* Control MIDI completo de todos los par\u00e1metros y recuperaci\u00f3n de presets<\/p>\n<p>* Entrada de pedal de expresi\u00f3n externo<\/p>\n<p>* Entrada de controlador de pie externo para subir y bajar presets<\/p>\n<p>* 9.6VDC \/ 200mA fuente de alimentaci\u00f3n incluida<\/p>\n","protected":false},"featured_media":1770,"template":"","meta":{"site-sidebar-layout":"default","site-content-layout":"default","ast-site-content-layout":"default","site-content-style":"default","site-sidebar-style":"default","ast-global-header-display":"","ast-banner-title-visibility":"","ast-main-header-display":"","ast-hfb-above-header-display":"","ast-hfb-below-header-display":"","ast-hfb-mobile-header-display":"","site-post-title":"","ast-breadcrumbs-content":"","ast-featured-img":"","footer-sml-layout":"","ast-disable-related-posts":"","theme-transparent-header-meta":"default","adv-header-id-meta":"","stick-header-meta":"","header-above-stick-meta":"","header-main-stick-meta":"","header-below-stick-meta":"","astra-migrate-meta-layouts":"default","ast-page-background-enabled":"default","ast-page-background-meta":{"desktop":{"background-color":"","background-image":"","background-repeat":"repeat","background-position":"center center","background-size":"auto","background-attachment":"scroll","background-type":"","background-media":"","overlay-type":"","overlay-color":"","overlay-opacity":"","overlay-gradient":""},"tablet":{"background-color":"","background-image":"","background-repeat":"repeat","background-position":"center center","background-size":"auto","background-attachment":"scroll","background-type":"","background-media":"","overlay-type":"","overlay-color":"","overlay-opacity":"","overlay-gradient":""},"mobile":{"background-color":"","background-image":"","background-repeat":"repeat","background-position":"center center","background-size":"auto","background-attachment":"scroll","background-type":"","background-media":"","overlay-type":"","overlay-color":"","overlay-opacity":"","overlay-gradient":""}},"ast-content-background-meta":{"desktop":{"background-color":"var(--ast-global-color-5)","background-image":"","background-repeat":"repeat","background-position":"center center","background-size":"auto","background-attachment":"scroll","background-type":"","background-media":"","overlay-type":"","overlay-color":"","overlay-opacity":"","overlay-gradient":""},"tablet":{"background-color":"var(--ast-global-color-5)","background-image":"","background-repeat":"repeat","background-position":"center center","background-size":"auto","background-attachment":"scroll","background-type":"","background-media":"","overlay-type":"","overlay-color":"","overlay-opacity":"","overlay-gradient":""},"mobile":{"background-color":"var(--ast-global-color-5)","background-image":"","background-repeat":"repeat","background-position":"center center","background-size":"auto","background-attachment":"scroll","background-type":"","background-media":"","overlay-type":"","overlay-color":"","overlay-opacity":"","overlay-gradient":""}}},"product_brand":[],"product_cat":[36,153],"product_tag":[],"class_list":{"0":"post-1762","1":"product","2":"type-product","3":"status-publish","4":"has-post-thumbnail","6":"product_cat-electro-harmonix","7":"product_cat-electro-harmonix-guit","8":"product_shipping_class-producto-grande","9":"desktop-align-left","10":"tablet-align-left","11":"mobile-align-left","13":"first","14":"instock","15":"shipping-taxable","16":"purchasable","17":"product-type-simple"},"jetpack_sharing_enabled":true,"_links":{"self":[{"href":"https:\/\/guitarmusichall.com.mx\/shop\/wp-json\/wp\/v2\/product\/1762","targetHints":{"allow":["GET"]}}],"collection":[{"href":"https:\/\/guitarmusichall.com.mx\/shop\/wp-json\/wp\/v2\/product"}],"about":[{"href":"https:\/\/guitarmusichall.com.mx\/shop\/wp-json\/wp\/v2\/types\/product"}],"wp:featuredmedia":[{"embeddable":true,"href":"https:\/\/guitarmusichall.com.mx\/shop\/wp-json\/wp\/v2\/media\/1770"}],"wp:attachment":[{"href":"https:\/\/guitarmusichall.com.mx\/shop\/wp-json\/wp\/v2\/media?parent=1762"}],"wp:term":[{"taxonomy":"product_brand","embeddable":true,"href":"https:\/\/guitarmusichall.com.mx\/shop\/wp-json\/wp\/v2\/product_brand?post=1762"},{"taxonomy":"product_cat","embeddable":true,"href":"https:\/\/guitarmusichall.com.mx\/shop\/wp-json\/wp\/v2\/product_cat?post=1762"},{"taxonomy":"product_tag","embeddable":true,"href":"https:\/\/guitarmusichall.com.mx\/shop\/wp-json\/wp\/v2\/product_tag?post=1762"}],"curies":[{"name":"wp","href":"https:\/\/api.w.org\/{rel}","templated":true}]}}