{"id":1784,"date":"2020-11-07T19:39:50","date_gmt":"2020-11-07T19:39:50","guid":{"rendered":"https:\/\/guitarmusichall.com.mx\/shop\/?post_type=product&#038;p=1784"},"modified":"2022-05-30T23:14:21","modified_gmt":"2022-05-30T23:14:21","slug":"ehx-st-memory-man-w-h-delay-l","status":"publish","type":"product","link":"https:\/\/guitarmusichall.com.mx\/shop\/producto\/ehx-st-memory-man-w-h-delay-l\/","title":{"rendered":"EHX ST MEMORY MAN W\/H DELAY &#038; L"},"content":{"rendered":"","protected":false},"excerpt":{"rendered":"<p><strong>DESCRIPCION DEL PRODUCTO<\/strong><\/p>\n<p>Pedal Electro-Harmonix Stereo Memory Man w\/Hazarai<\/p>\n<p><strong>NUMERO DE PRODUCTO<\/strong><\/p>\n<p>STEREO HAZARAI<\/p>\n<p><strong>CARACTERISTICAS DEL PRODUCTO<\/strong><\/p>\n<p>Es un eco, un retardo de pulsaciones m\u00faltiples, un eco inverso y un looper de rendimiento con hasta 30 segundos de tiempo de bucle, \u00a1todo en verdadero est\u00e9reo! Con tap tempo, filtrado de eco de cinta vintage y ocho preajustes programables&#8230; tiene todo el Hazarai. Dise\u00f1ado para el m\u00fasico int\u00e9rprete y destinado a ser una de las herramientas m\u00e1s creativas en tu pedalera.<\/p>\n<p>* Looper est\u00e9reo de 30 segundos con sobregrabaci\u00f3n continua, retroceso, ajuste de velocidad y\u00a0 \u00a0 \u00a0 \u00a0ajuste de tempo solo<\/p>\n<p>* Hasta 3 segundos de eco est\u00e9reo con lavados reverberantes ajustables<\/p>\n<p>* Hasta 3 segundos de retardo est\u00e9reo de m\u00faltiples pulsaciones con n\u00famero ajustable de\u00a0 \u00a0 \u00a0 \u00a0 \u00a0 \u00a0 \u00a0 \u00a0 \u00a0 \u00a0pulsaciones y amplitud de pulsaciones envolvente.<\/p>\n<p>* Hasta 300 mS de eco est\u00e9reo con modulaci\u00f3n.<\/p>\n<p>* Hasta 3 segundos de eco inverso inteligente.<\/p>\n<p>* Filtro de paso bajo o paso alto ajustable disponible en todos los modos<\/p>\n<p>* Retardo de ping pong cuando se usa como entrada mono a salida est\u00e9reo<\/p>\n<p>* Salidas est\u00e9reo verdaderas<\/p>\n<p>* Interruptor de pedal Tap tempo para configurar el tiempo de retardo en cada modo<\/p>\n<p>* 8 presets de usuario para guardar y recuperar<\/p>\n<p>* Resistente y compacto chasis de fundici\u00f3n a presi\u00f3n<\/p>\n<p>* Fuente de alimentaci\u00f3n US96DC-200BI incluida<\/p>\n<p>&nbsp;<\/p>\n","protected":false},"featured_media":1785,"template":"","meta":{"site-sidebar-layout":"default","site-content-layout":"default","ast-site-content-layout":"default","site-content-style":"default","site-sidebar-style":"default","ast-global-header-display":"","ast-banner-title-visibility":"","ast-main-header-display":"","ast-hfb-above-header-display":"","ast-hfb-below-header-display":"","ast-hfb-mobile-header-display":"","site-post-title":"","ast-breadcrumbs-content":"","ast-featured-img":"","footer-sml-layout":"","ast-disable-related-posts":"","theme-transparent-header-meta":"default","adv-header-id-meta":"","stick-header-meta":"","header-above-stick-meta":"","header-main-stick-meta":"","header-below-stick-meta":"","astra-migrate-meta-layouts":"default","ast-page-background-enabled":"default","ast-page-background-meta":{"desktop":{"background-color":"","background-image":"","background-repeat":"repeat","background-position":"center center","background-size":"auto","background-attachment":"scroll","background-type":"","background-media":"","overlay-type":"","overlay-color":"","overlay-opacity":"","overlay-gradient":""},"tablet":{"background-color":"","background-image":"","background-repeat":"repeat","background-position":"center center","background-size":"auto","background-attachment":"scroll","background-type":"","background-media":"","overlay-type":"","overlay-color":"","overlay-opacity":"","overlay-gradient":""},"mobile":{"background-color":"","background-image":"","background-repeat":"repeat","background-position":"center center","background-size":"auto","background-attachment":"scroll","background-type":"","background-media":"","overlay-type":"","overlay-color":"","overlay-opacity":"","overlay-gradient":""}},"ast-content-background-meta":{"desktop":{"background-color":"var(--ast-global-color-5)","background-image":"","background-repeat":"repeat","background-position":"center center","background-size":"auto","background-attachment":"scroll","background-type":"","background-media":"","overlay-type":"","overlay-color":"","overlay-opacity":"","overlay-gradient":""},"tablet":{"background-color":"var(--ast-global-color-5)","background-image":"","background-repeat":"repeat","background-position":"center center","background-size":"auto","background-attachment":"scroll","background-type":"","background-media":"","overlay-type":"","overlay-color":"","overlay-opacity":"","overlay-gradient":""},"mobile":{"background-color":"var(--ast-global-color-5)","background-image":"","background-repeat":"repeat","background-position":"center center","background-size":"auto","background-attachment":"scroll","background-type":"","background-media":"","overlay-type":"","overlay-color":"","overlay-opacity":"","overlay-gradient":""}}},"product_brand":[],"product_cat":[36,153],"product_tag":[],"class_list":{"0":"post-1784","1":"product","2":"type-product","3":"status-publish","4":"has-post-thumbnail","6":"product_cat-electro-harmonix","7":"product_cat-electro-harmonix-guit","8":"product_shipping_class-producto-grande","9":"desktop-align-left","10":"tablet-align-left","11":"mobile-align-left","13":"first","14":"instock","15":"shipping-taxable","16":"purchasable","17":"product-type-simple"},"jetpack_sharing_enabled":true,"_links":{"self":[{"href":"https:\/\/guitarmusichall.com.mx\/shop\/wp-json\/wp\/v2\/product\/1784","targetHints":{"allow":["GET"]}}],"collection":[{"href":"https:\/\/guitarmusichall.com.mx\/shop\/wp-json\/wp\/v2\/product"}],"about":[{"href":"https:\/\/guitarmusichall.com.mx\/shop\/wp-json\/wp\/v2\/types\/product"}],"wp:featuredmedia":[{"embeddable":true,"href":"https:\/\/guitarmusichall.com.mx\/shop\/wp-json\/wp\/v2\/media\/1785"}],"wp:attachment":[{"href":"https:\/\/guitarmusichall.com.mx\/shop\/wp-json\/wp\/v2\/media?parent=1784"}],"wp:term":[{"taxonomy":"product_brand","embeddable":true,"href":"https:\/\/guitarmusichall.com.mx\/shop\/wp-json\/wp\/v2\/product_brand?post=1784"},{"taxonomy":"product_cat","embeddable":true,"href":"https:\/\/guitarmusichall.com.mx\/shop\/wp-json\/wp\/v2\/product_cat?post=1784"},{"taxonomy":"product_tag","embeddable":true,"href":"https:\/\/guitarmusichall.com.mx\/shop\/wp-json\/wp\/v2\/product_tag?post=1784"}],"curies":[{"name":"wp","href":"https:\/\/api.w.org\/{rel}","templated":true}]}}