{"id":1788,"date":"2020-11-07T20:10:36","date_gmt":"2020-11-07T20:10:36","guid":{"rendered":"https:\/\/guitarmusichall.com.mx\/shop\/?post_type=product&#038;p=1788"},"modified":"2025-09-30T02:31:30","modified_gmt":"2025-09-30T02:31:30","slug":"ehx-ravish-sitar-emulator","status":"publish","type":"product","link":"https:\/\/guitarmusichall.com.mx\/shop\/producto\/ehx-ravish-sitar-emulator\/","title":{"rendered":"EHX RAVISH SITAR EMULATOR"},"content":{"rendered":"","protected":false},"excerpt":{"rendered":"<p><strong>DESCRIPCION DEL PRODUCTO<\/strong><\/p>\n<p>Pedal Electro-Harmonix Ravish Sitar<\/p>\n<p><strong>NUMERO DE PRODUCTO<\/strong><\/p>\n<p>RAVISH<\/p>\n<p><strong>CARACTERISTICAS DEL PRODUCTO<\/strong><\/p>\n<p>Muy pocos instrumentos ofrecen tanta flexibilidad arm\u00f3nica y din\u00e1mica como un sitar. Electro-Harmonix ha simplificado la esencia del sitar en una caja compacta que ofrece una voz principal polif\u00f3nica y drones de cuerdas simp\u00e1ticos sintonizables que reaccionan din\u00e1micamente a su interpretaci\u00f3n. Cree sus propias escalas personalizadas para las cuerdas simp\u00e1ticas mientras configura el tiempo de ca\u00edda para la voz principal. Dos entradas de pedal de expresi\u00f3n le permiten modificar el tono de la voz principal y controlar el volumen de las cuerdas simp\u00e1ticas simult\u00e1neamente. Estos controles \u00fanicos ofrecen al jugador la capacidad de programar el Ravish para que se convierta en un instrumento totalmente \u00fanico y org\u00e1nico en s\u00ed mismo. El Ravish es un dise\u00f1o verdaderamente nuevo con la flexibilidad de ser una maravilla tonal cruzada. transforme su guitarra el\u00e9ctrica en un sitar<\/p>\n<p>* La voz principal de sitar rastrea sus notas de forma polif\u00f3nica con una amplia gama de posibilidades tonales<\/p>\n<p>* Velocidad de decaimiento seleccionable para la voz principal<\/p>\n<p>* Simulaci\u00f3n de dron de cuerda simp\u00e1tica con una amplia gama tonal<\/p>\n<p>* Teclas y escalas seleccionables que incluyen mayores, menores y ex\u00f3ticas proporcionadas para las cuerdas simp\u00e1ticas<\/p>\n<p>* Fuente de alimentaci\u00f3n de 9 voltios<\/p>\n","protected":false},"featured_media":1789,"template":"","meta":{"site-sidebar-layout":"default","site-content-layout":"default","ast-site-content-layout":"default","site-content-style":"default","site-sidebar-style":"default","ast-global-header-display":"","ast-banner-title-visibility":"","ast-main-header-display":"","ast-hfb-above-header-display":"","ast-hfb-below-header-display":"","ast-hfb-mobile-header-display":"","site-post-title":"","ast-breadcrumbs-content":"","ast-featured-img":"","footer-sml-layout":"","ast-disable-related-posts":"","theme-transparent-header-meta":"default","adv-header-id-meta":"","stick-header-meta":"","header-above-stick-meta":"","header-main-stick-meta":"","header-below-stick-meta":"","astra-migrate-meta-layouts":"default","ast-page-background-enabled":"default","ast-page-background-meta":{"desktop":{"background-color":"","background-image":"","background-repeat":"repeat","background-position":"center center","background-size":"auto","background-attachment":"scroll","background-type":"","background-media":"","overlay-type":"","overlay-color":"","overlay-opacity":"","overlay-gradient":""},"tablet":{"background-color":"","background-image":"","background-repeat":"repeat","background-position":"center center","background-size":"auto","background-attachment":"scroll","background-type":"","background-media":"","overlay-type":"","overlay-color":"","overlay-opacity":"","overlay-gradient":""},"mobile":{"background-color":"","background-image":"","background-repeat":"repeat","background-position":"center center","background-size":"auto","background-attachment":"scroll","background-type":"","background-media":"","overlay-type":"","overlay-color":"","overlay-opacity":"","overlay-gradient":""}},"ast-content-background-meta":{"desktop":{"background-color":"var(--ast-global-color-5)","background-image":"","background-repeat":"repeat","background-position":"center center","background-size":"auto","background-attachment":"scroll","background-type":"","background-media":"","overlay-type":"","overlay-color":"","overlay-opacity":"","overlay-gradient":""},"tablet":{"background-color":"var(--ast-global-color-5)","background-image":"","background-repeat":"repeat","background-position":"center center","background-size":"auto","background-attachment":"scroll","background-type":"","background-media":"","overlay-type":"","overlay-color":"","overlay-opacity":"","overlay-gradient":""},"mobile":{"background-color":"var(--ast-global-color-5)","background-image":"","background-repeat":"repeat","background-position":"center center","background-size":"auto","background-attachment":"scroll","background-type":"","background-media":"","overlay-type":"","overlay-color":"","overlay-opacity":"","overlay-gradient":""}}},"product_brand":[],"product_cat":[36,153],"product_tag":[],"class_list":{"0":"post-1788","1":"product","2":"type-product","3":"status-publish","4":"has-post-thumbnail","6":"product_cat-electro-harmonix","7":"product_cat-electro-harmonix-guit","8":"product_shipping_class-producto-grande","9":"desktop-align-left","10":"tablet-align-left","11":"mobile-align-left","13":"first","14":"instock","15":"shipping-taxable","16":"purchasable","17":"product-type-simple"},"jetpack_sharing_enabled":true,"_links":{"self":[{"href":"https:\/\/guitarmusichall.com.mx\/shop\/wp-json\/wp\/v2\/product\/1788","targetHints":{"allow":["GET"]}}],"collection":[{"href":"https:\/\/guitarmusichall.com.mx\/shop\/wp-json\/wp\/v2\/product"}],"about":[{"href":"https:\/\/guitarmusichall.com.mx\/shop\/wp-json\/wp\/v2\/types\/product"}],"wp:featuredmedia":[{"embeddable":true,"href":"https:\/\/guitarmusichall.com.mx\/shop\/wp-json\/wp\/v2\/media\/1789"}],"wp:attachment":[{"href":"https:\/\/guitarmusichall.com.mx\/shop\/wp-json\/wp\/v2\/media?parent=1788"}],"wp:term":[{"taxonomy":"product_brand","embeddable":true,"href":"https:\/\/guitarmusichall.com.mx\/shop\/wp-json\/wp\/v2\/product_brand?post=1788"},{"taxonomy":"product_cat","embeddable":true,"href":"https:\/\/guitarmusichall.com.mx\/shop\/wp-json\/wp\/v2\/product_cat?post=1788"},{"taxonomy":"product_tag","embeddable":true,"href":"https:\/\/guitarmusichall.com.mx\/shop\/wp-json\/wp\/v2\/product_tag?post=1788"}],"curies":[{"name":"wp","href":"https:\/\/api.w.org\/{rel}","templated":true}]}}