{"id":1946,"date":"2020-11-16T20:27:33","date_gmt":"2020-11-16T20:27:33","guid":{"rendered":"https:\/\/guitarmusichall.com.mx\/shop\/?post_type=product&#038;p=1946"},"modified":"2025-05-23T19:41:24","modified_gmt":"2025-05-23T19:41:24","slug":"ehx-platform-stereo-comp-limiter","status":"publish","type":"product","link":"https:\/\/guitarmusichall.com.mx\/shop\/producto\/ehx-platform-stereo-comp-limiter\/","title":{"rendered":"EHX PLATFORM STEREO COMP\/LIMITER"},"content":{"rendered":"","protected":false},"excerpt":{"rendered":"<p><strong>DESCRIPCION DEL PRODUCTO<\/strong><\/p>\n<p>Pedal Electro-Harmonix Platform Stereo Compressor\/limiter<\/p>\n<p><strong>NUMERO DE PRODUCTO<\/strong><\/p>\n<p>PLATFORM<\/p>\n<p><strong>CARACTRERISTICAS DEL PRODUCTO<\/strong><\/p>\n<p>El PLATFORM es un limitador de compresor est\u00e9reo profesional y sofisticado que incluye aumento de volumen y retroceso de cinta, adem\u00e1s de overdrive.<\/p>\n<p>El compresor \/ limitador con calidad de estudio permite al usuario ajustar con precisi\u00f3n la din\u00e1mica independientemente del instrumento o la situaci\u00f3n.<br \/>\nEl compresor \/ limitador incluye un complemento completo de controles: volumen, ataque, liberaci\u00f3n y sostenido, adem\u00e1s de botones para rodilla dura o suave y el limitador.<br \/>\nLa secci\u00f3n de overdrive intercambiable con el pie agrega versatilidad e incluye controles dedicados para volumen, tono y conducci\u00f3n. Junto con el compresor, produce un sonido saturado, suave y resbaladizo.<br \/>\nLa funci\u00f3n Swell ajustable crea efectos de arco, fundido y retroceso.<br \/>\nVerdadero funcionamiento est\u00e9reo, se puede utilizar como entrada y salida mono, entrada mono y salida est\u00e9reo, o entrada est\u00e9reo y salida est\u00e9reo.<br \/>\nCuenta con un medidor de compresi\u00f3n de ocho LED de tres colores que muestra la reducci\u00f3n de ganancia real del compresor en tiempo real.<br \/>\nBypass est\u00e9reo con b\u00fafer que es ideal para mantener su se\u00f1al impecable con m\u00faltiples configuraciones de pedal y largos recorridos de cable.<\/p>\n<p>* Viene con una fuente de alimentaci\u00f3n EHX9.6DC-200mA.<\/p>\n<p>&nbsp;<\/p>\n","protected":false},"featured_media":1947,"template":"","meta":{"site-sidebar-layout":"default","site-content-layout":"default","ast-site-content-layout":"default","site-content-style":"default","site-sidebar-style":"default","ast-global-header-display":"","ast-banner-title-visibility":"","ast-main-header-display":"","ast-hfb-above-header-display":"","ast-hfb-below-header-display":"","ast-hfb-mobile-header-display":"","site-post-title":"","ast-breadcrumbs-content":"","ast-featured-img":"","footer-sml-layout":"","ast-disable-related-posts":"","theme-transparent-header-meta":"default","adv-header-id-meta":"","stick-header-meta":"","header-above-stick-meta":"","header-main-stick-meta":"","header-below-stick-meta":"","astra-migrate-meta-layouts":"default","ast-page-background-enabled":"default","ast-page-background-meta":{"desktop":{"background-color":"","background-image":"","background-repeat":"repeat","background-position":"center center","background-size":"auto","background-attachment":"scroll","background-type":"","background-media":"","overlay-type":"","overlay-color":"","overlay-opacity":"","overlay-gradient":""},"tablet":{"background-color":"","background-image":"","background-repeat":"repeat","background-position":"center center","background-size":"auto","background-attachment":"scroll","background-type":"","background-media":"","overlay-type":"","overlay-color":"","overlay-opacity":"","overlay-gradient":""},"mobile":{"background-color":"","background-image":"","background-repeat":"repeat","background-position":"center center","background-size":"auto","background-attachment":"scroll","background-type":"","background-media":"","overlay-type":"","overlay-color":"","overlay-opacity":"","overlay-gradient":""}},"ast-content-background-meta":{"desktop":{"background-color":"var(--ast-global-color-5)","background-image":"","background-repeat":"repeat","background-position":"center center","background-size":"auto","background-attachment":"scroll","background-type":"","background-media":"","overlay-type":"","overlay-color":"","overlay-opacity":"","overlay-gradient":""},"tablet":{"background-color":"var(--ast-global-color-5)","background-image":"","background-repeat":"repeat","background-position":"center center","background-size":"auto","background-attachment":"scroll","background-type":"","background-media":"","overlay-type":"","overlay-color":"","overlay-opacity":"","overlay-gradient":""},"mobile":{"background-color":"var(--ast-global-color-5)","background-image":"","background-repeat":"repeat","background-position":"center center","background-size":"auto","background-attachment":"scroll","background-type":"","background-media":"","overlay-type":"","overlay-color":"","overlay-opacity":"","overlay-gradient":""}}},"product_brand":[],"product_cat":[36,153],"product_tag":[],"class_list":{"0":"post-1946","1":"product","2":"type-product","3":"status-publish","4":"has-post-thumbnail","6":"product_cat-electro-harmonix","7":"product_cat-electro-harmonix-guit","8":"desktop-align-left","9":"tablet-align-left","10":"mobile-align-left","12":"first","13":"instock","14":"shipping-taxable","15":"purchasable","16":"product-type-simple"},"jetpack_sharing_enabled":true,"_links":{"self":[{"href":"https:\/\/guitarmusichall.com.mx\/shop\/wp-json\/wp\/v2\/product\/1946","targetHints":{"allow":["GET"]}}],"collection":[{"href":"https:\/\/guitarmusichall.com.mx\/shop\/wp-json\/wp\/v2\/product"}],"about":[{"href":"https:\/\/guitarmusichall.com.mx\/shop\/wp-json\/wp\/v2\/types\/product"}],"wp:featuredmedia":[{"embeddable":true,"href":"https:\/\/guitarmusichall.com.mx\/shop\/wp-json\/wp\/v2\/media\/1947"}],"wp:attachment":[{"href":"https:\/\/guitarmusichall.com.mx\/shop\/wp-json\/wp\/v2\/media?parent=1946"}],"wp:term":[{"taxonomy":"product_brand","embeddable":true,"href":"https:\/\/guitarmusichall.com.mx\/shop\/wp-json\/wp\/v2\/product_brand?post=1946"},{"taxonomy":"product_cat","embeddable":true,"href":"https:\/\/guitarmusichall.com.mx\/shop\/wp-json\/wp\/v2\/product_cat?post=1946"},{"taxonomy":"product_tag","embeddable":true,"href":"https:\/\/guitarmusichall.com.mx\/shop\/wp-json\/wp\/v2\/product_tag?post=1946"}],"curies":[{"name":"wp","href":"https:\/\/api.w.org\/{rel}","templated":true}]}}