{"id":2415,"date":"2020-12-21T21:59:58","date_gmt":"2020-12-21T21:59:58","guid":{"rendered":"https:\/\/guitarmusichall.com.mx\/shop\/?post_type=product&#038;p=2415"},"modified":"2025-05-23T19:37:13","modified_gmt":"2025-05-23T19:37:13","slug":"ehx-pitch-fork-plus-poly-pitch-shifter","status":"publish","type":"product","link":"https:\/\/guitarmusichall.com.mx\/shop\/producto\/ehx-pitch-fork-plus-poly-pitch-shifter\/","title":{"rendered":"EHX PITCH FORK PLUS+ POLY PITCH SHIFTER"},"content":{"rendered":"","protected":false},"excerpt":{"rendered":"<p><strong>DESCRIPCION DEL PRODUCTO<\/strong><\/p>\n<p>Pedal Electro-Harmonix Pitch Fork + Poly Shifter<\/p>\n<p><strong>NUMERO DE PRODUCTO<\/strong><\/p>\n<p>FORK+<\/p>\n<p><strong>CARACTERISTICAS DEL PRODUCTO<\/strong><\/p>\n<p>El EHX Pitch Fork\u00ae+ presenta dos motores de cambio de tono independientes con control total sobre cada uno. Ambos transportar\u00e1n su tono hacia arriba o hacia abajo en un rango de +\/- tres octavas y desafinar\u00e1n +\/- 99 centavos. Con un seguimiento s\u00f3lido como una roca, un tono musical org\u00e1nico y un amplio control, es su mejor armonizador.<\/p>\n<p>* Controles de volumen dedicados tanto para las voces Shift como para la se\u00f1al Dry<\/p>\n<p>* Dos salidas, principal y auxiliar, con m\u00faltiples opciones de enrutamiento<\/p>\n<p>*10 preajustes de f\u00e1brica \u00fanicos m\u00e1s la capacidad de guardar\/recuperar f\u00e1cilmente 100 programas<\/p>\n<p>* Un interruptor de pie de derivaci\u00f3n que alterna entre el efecto activado y la derivaci\u00f3n en b\u00fafer. En el modo de bloqueo, cambia entre el modo de efectos y el modo de derivaci\u00f3n. En el modo moment\u00e1neo, el efecto est\u00e1 activado cuando se mantiene presionado el FS y el pedal entra en bypass cuando se suelta.<\/p>\n<p>* Un interruptor de pie de usuario que es programable y se puede asignar a una variedad de funciones, como silenciar la voz Shift o saltar a un programa preestablecido. Cuenta con un LED dedicado<\/p>\n<p>* Una entrada EXP para control EXP o CV sobre una amplia selecci\u00f3n de par\u00e1metros en tres submen\u00fas: Frecuencia, Glissando y Volumen<\/p>\n<p>* Una entrada EXT para conectar un controlador de pie externo como el Controlador de pie triple de EHX que permite a los jugadores cambiar de modo, ingresar\/salir de submen\u00fas y cargar ajustes preestablecidos<\/p>\n<p>* Ocho modos, incluido X-MOD, que cuenta con modulaci\u00f3n cruzada que crea efectos de tipo modulaci\u00f3n de anillo y FM, y LATCH, que proporciona funciones mejoradas de Latch y Momentary<\/p>\n<p>* Adaptador de corriente incluido<\/p>\n","protected":false},"featured_media":2416,"template":"","meta":{"site-sidebar-layout":"default","site-content-layout":"default","ast-site-content-layout":"default","site-content-style":"default","site-sidebar-style":"default","ast-global-header-display":"","ast-banner-title-visibility":"","ast-main-header-display":"","ast-hfb-above-header-display":"","ast-hfb-below-header-display":"","ast-hfb-mobile-header-display":"","site-post-title":"","ast-breadcrumbs-content":"","ast-featured-img":"","footer-sml-layout":"","ast-disable-related-posts":"","theme-transparent-header-meta":"default","adv-header-id-meta":"","stick-header-meta":"","header-above-stick-meta":"","header-main-stick-meta":"","header-below-stick-meta":"","astra-migrate-meta-layouts":"default","ast-page-background-enabled":"default","ast-page-background-meta":{"desktop":{"background-color":"","background-image":"","background-repeat":"repeat","background-position":"center center","background-size":"auto","background-attachment":"scroll","background-type":"","background-media":"","overlay-type":"","overlay-color":"","overlay-opacity":"","overlay-gradient":""},"tablet":{"background-color":"","background-image":"","background-repeat":"repeat","background-position":"center center","background-size":"auto","background-attachment":"scroll","background-type":"","background-media":"","overlay-type":"","overlay-color":"","overlay-opacity":"","overlay-gradient":""},"mobile":{"background-color":"","background-image":"","background-repeat":"repeat","background-position":"center center","background-size":"auto","background-attachment":"scroll","background-type":"","background-media":"","overlay-type":"","overlay-color":"","overlay-opacity":"","overlay-gradient":""}},"ast-content-background-meta":{"desktop":{"background-color":"var(--ast-global-color-5)","background-image":"","background-repeat":"repeat","background-position":"center center","background-size":"auto","background-attachment":"scroll","background-type":"","background-media":"","overlay-type":"","overlay-color":"","overlay-opacity":"","overlay-gradient":""},"tablet":{"background-color":"var(--ast-global-color-5)","background-image":"","background-repeat":"repeat","background-position":"center center","background-size":"auto","background-attachment":"scroll","background-type":"","background-media":"","overlay-type":"","overlay-color":"","overlay-opacity":"","overlay-gradient":""},"mobile":{"background-color":"var(--ast-global-color-5)","background-image":"","background-repeat":"repeat","background-position":"center center","background-size":"auto","background-attachment":"scroll","background-type":"","background-media":"","overlay-type":"","overlay-color":"","overlay-opacity":"","overlay-gradient":""}}},"product_brand":[],"product_cat":[36,153],"product_tag":[],"class_list":{"0":"post-2415","1":"product","2":"type-product","3":"status-publish","4":"has-post-thumbnail","6":"product_cat-electro-harmonix","7":"product_cat-electro-harmonix-guit","8":"product_shipping_class-producto-grande","9":"desktop-align-left","10":"tablet-align-left","11":"mobile-align-left","13":"first","14":"instock","15":"shipping-taxable","16":"purchasable","17":"product-type-simple"},"jetpack_sharing_enabled":true,"_links":{"self":[{"href":"https:\/\/guitarmusichall.com.mx\/shop\/wp-json\/wp\/v2\/product\/2415","targetHints":{"allow":["GET"]}}],"collection":[{"href":"https:\/\/guitarmusichall.com.mx\/shop\/wp-json\/wp\/v2\/product"}],"about":[{"href":"https:\/\/guitarmusichall.com.mx\/shop\/wp-json\/wp\/v2\/types\/product"}],"wp:featuredmedia":[{"embeddable":true,"href":"https:\/\/guitarmusichall.com.mx\/shop\/wp-json\/wp\/v2\/media\/2416"}],"wp:attachment":[{"href":"https:\/\/guitarmusichall.com.mx\/shop\/wp-json\/wp\/v2\/media?parent=2415"}],"wp:term":[{"taxonomy":"product_brand","embeddable":true,"href":"https:\/\/guitarmusichall.com.mx\/shop\/wp-json\/wp\/v2\/product_brand?post=2415"},{"taxonomy":"product_cat","embeddable":true,"href":"https:\/\/guitarmusichall.com.mx\/shop\/wp-json\/wp\/v2\/product_cat?post=2415"},{"taxonomy":"product_tag","embeddable":true,"href":"https:\/\/guitarmusichall.com.mx\/shop\/wp-json\/wp\/v2\/product_tag?post=2415"}],"curies":[{"name":"wp","href":"https:\/\/api.w.org\/{rel}","templated":true}]}}