{"id":2492,"date":"2020-12-23T21:16:33","date_gmt":"2020-12-23T21:16:33","guid":{"rendered":"https:\/\/guitarmusichall.com.mx\/shop\/?post_type=product&#038;p=2492"},"modified":"2025-12-09T03:42:33","modified_gmt":"2025-12-09T03:42:33","slug":"ehx-bass-mono-synth","status":"publish","type":"product","link":"https:\/\/guitarmusichall.com.mx\/shop\/producto\/ehx-bass-mono-synth\/","title":{"rendered":"EHX BASS MONO SYNTH"},"content":{"rendered":"","protected":false},"excerpt":{"rendered":"<p><strong>DESCRIPCION DEL PRODUCTO<\/strong><br \/>\nPedal EHX Bass Mono Synth.<\/p>\n<p><strong>NUMERO DE PRODUCTO<\/strong><br \/>\nBASSMONOSYNTH<\/p>\n<p><strong>CARACTERISTICAS DEL PRODUCTO<\/strong><\/p>\n<p>El EHX Bass Mono Synth transforma su bajo en once sintetizadores de gran sonido &#8230; desde emulaciones de sintetizador vintage hasta voces densas y apiladas, sonidos pulsantes profundos y m\u00e1s.<\/p>\n<p>Su dise\u00f1o intuitivo hace que sea f\u00e1cil de usar y f\u00e1cil de marcar en buenos sonidos r\u00e1pidamente. DRY controla el volumen de la se\u00f1al de graves secos en la salida del sintetizador. SYNTH controla el volumen del sonido del sintetizador en la salida del sintetizador. Utilizados juntos, te permiten crear la combinaci\u00f3n perfecta. El control SENS, abreviatura de sensibilidad, ajusta c\u00f3mo la din\u00e1mica de su interpretaci\u00f3n activa el sintetizador y le permite afinar la forma en que el pedal responde a su plataforma de bajos y estilo de ejecuci\u00f3n.<\/p>\n<p>Con la perilla CTRL puede ajustar un par\u00e1metro clave para cada uno de los once tipos de sintetizador. Var\u00eda seg\u00fan el ajuste preestablecido y proporciona m\u00e1s posibilidades de ajuste para personalizar su sonido. \u00a1Tambi\u00e9n hay una entrada EXP que le permite controlar un par\u00e1metro completamente diferente en tiempo real con un pedal de expresi\u00f3n!<\/p>\n<p>Utilizando el conmutador de pedal de preajuste incorporado, se puede crear, guardar y recuperar un preajuste personalizable por el usuario para cada uno de los once sonidos de sintetizador. Los ajustes predeterminados de f\u00e1brica tambi\u00e9n son f\u00e1ciles de restaurar si lo desea.<\/p>\n<p>Desde sonidos c\u00e1lidos y exuberantes hasta golpes agudos de percusi\u00f3n, el Bass Mono Synth pone una colecci\u00f3n de sintetizadores de bajos geniales a su alcance.<\/p>\n","protected":false},"featured_media":2495,"template":"","meta":{"site-sidebar-layout":"default","site-content-layout":"default","ast-site-content-layout":"default","site-content-style":"default","site-sidebar-style":"default","ast-global-header-display":"","ast-banner-title-visibility":"","ast-main-header-display":"","ast-hfb-above-header-display":"","ast-hfb-below-header-display":"","ast-hfb-mobile-header-display":"","site-post-title":"","ast-breadcrumbs-content":"","ast-featured-img":"","footer-sml-layout":"","ast-disable-related-posts":"","theme-transparent-header-meta":"default","adv-header-id-meta":"","stick-header-meta":"","header-above-stick-meta":"","header-main-stick-meta":"","header-below-stick-meta":"","astra-migrate-meta-layouts":"default","ast-page-background-enabled":"default","ast-page-background-meta":{"desktop":{"background-color":"","background-image":"","background-repeat":"repeat","background-position":"center center","background-size":"auto","background-attachment":"scroll","background-type":"","background-media":"","overlay-type":"","overlay-color":"","overlay-opacity":"","overlay-gradient":""},"tablet":{"background-color":"","background-image":"","background-repeat":"repeat","background-position":"center center","background-size":"auto","background-attachment":"scroll","background-type":"","background-media":"","overlay-type":"","overlay-color":"","overlay-opacity":"","overlay-gradient":""},"mobile":{"background-color":"","background-image":"","background-repeat":"repeat","background-position":"center center","background-size":"auto","background-attachment":"scroll","background-type":"","background-media":"","overlay-type":"","overlay-color":"","overlay-opacity":"","overlay-gradient":""}},"ast-content-background-meta":{"desktop":{"background-color":"var(--ast-global-color-5)","background-image":"","background-repeat":"repeat","background-position":"center center","background-size":"auto","background-attachment":"scroll","background-type":"","background-media":"","overlay-type":"","overlay-color":"","overlay-opacity":"","overlay-gradient":""},"tablet":{"background-color":"var(--ast-global-color-5)","background-image":"","background-repeat":"repeat","background-position":"center center","background-size":"auto","background-attachment":"scroll","background-type":"","background-media":"","overlay-type":"","overlay-color":"","overlay-opacity":"","overlay-gradient":""},"mobile":{"background-color":"var(--ast-global-color-5)","background-image":"","background-repeat":"repeat","background-position":"center center","background-size":"auto","background-attachment":"scroll","background-type":"","background-media":"","overlay-type":"","overlay-color":"","overlay-opacity":"","overlay-gradient":""}}},"product_brand":[],"product_cat":[36,163],"product_tag":[],"class_list":{"0":"post-2492","1":"product","2":"type-product","3":"status-publish","4":"has-post-thumbnail","6":"product_cat-electro-harmonix","7":"product_cat-electro-harmonix-bajo","8":"desktop-align-left","9":"tablet-align-left","10":"mobile-align-left","12":"first","13":"outofstock","14":"shipping-taxable","15":"purchasable","16":"product-type-simple"},"jetpack_sharing_enabled":true,"_links":{"self":[{"href":"https:\/\/guitarmusichall.com.mx\/shop\/wp-json\/wp\/v2\/product\/2492","targetHints":{"allow":["GET"]}}],"collection":[{"href":"https:\/\/guitarmusichall.com.mx\/shop\/wp-json\/wp\/v2\/product"}],"about":[{"href":"https:\/\/guitarmusichall.com.mx\/shop\/wp-json\/wp\/v2\/types\/product"}],"wp:featuredmedia":[{"embeddable":true,"href":"https:\/\/guitarmusichall.com.mx\/shop\/wp-json\/wp\/v2\/media\/2495"}],"wp:attachment":[{"href":"https:\/\/guitarmusichall.com.mx\/shop\/wp-json\/wp\/v2\/media?parent=2492"}],"wp:term":[{"taxonomy":"product_brand","embeddable":true,"href":"https:\/\/guitarmusichall.com.mx\/shop\/wp-json\/wp\/v2\/product_brand?post=2492"},{"taxonomy":"product_cat","embeddable":true,"href":"https:\/\/guitarmusichall.com.mx\/shop\/wp-json\/wp\/v2\/product_cat?post=2492"},{"taxonomy":"product_tag","embeddable":true,"href":"https:\/\/guitarmusichall.com.mx\/shop\/wp-json\/wp\/v2\/product_tag?post=2492"}],"curies":[{"name":"wp","href":"https:\/\/api.w.org\/{rel}","templated":true}]}}