{"id":2501,"date":"2020-12-24T19:08:28","date_gmt":"2020-12-24T19:08:28","guid":{"rendered":"https:\/\/guitarmusichall.com.mx\/shop\/?post_type=product&#038;p=2501"},"modified":"2026-02-20T21:47:59","modified_gmt":"2026-02-20T21:47:59","slug":"ehx-bass-preacher-compressor-sust","status":"publish","type":"product","link":"https:\/\/guitarmusichall.com.mx\/shop\/producto\/ehx-bass-preacher-compressor-sust\/","title":{"rendered":"EHX BASS PREACHER COMPRESSOR\/SUST"},"content":{"rendered":"","protected":false},"excerpt":{"rendered":"<p><strong>DESCRIPCION DEL PRODUCTO<\/strong><\/p>\n<p>Pedal de Efectos Electro-Harmonix Bass Preacher Comp\/Sustainer para Bajo El\u00e9ctrico<\/p>\n<p><strong>NUMERO DE PRODUCTO<\/strong><\/p>\n<p>BASSPREACHER<\/p>\n<p><strong>CARACTERISTICAS DEL PRODUCTO<\/strong><\/p>\n<p>Compresor compacto dise\u00f1ado especialmente para bajo<br \/>\n&#8211; La sensibilidad de entrada var\u00eda de -10 dBu a +2 dBu, lo que lo convierte en un ajuste perfecto para bajos pasivos y activos de diferentes niveles de salida<br \/>\n&#8211; Reducci\u00f3n m\u00e1xima de ganancia de 21 dB, con suficiente compensaci\u00f3n ganancia para devolver la se\u00f1al al volumen m\u00e1ximo con el m\u00e1ximo sostenido (compresi\u00f3n)<br \/>\n&#8211; El interruptor de palanca de ataque cambia la sincronizaci\u00f3n del inicio de la compresi\u00f3n y proporciona tres configuraciones seleccionables: R\u00e1pido, Medio y Lento<br \/>\n&#8211; Bypass verdadero para una integridad m\u00e1xima de la ruta de la se\u00f1al cuando est\u00e1 en modo de bypass<br \/>\n&#8211; Paquete compacto y resistente de fundici\u00f3n a presi\u00f3n<\/p>\n<p>&nbsp;<\/p>\n","protected":false},"featured_media":2502,"template":"","meta":{"site-sidebar-layout":"default","site-content-layout":"default","ast-site-content-layout":"default","site-content-style":"default","site-sidebar-style":"default","ast-global-header-display":"","ast-banner-title-visibility":"","ast-main-header-display":"","ast-hfb-above-header-display":"","ast-hfb-below-header-display":"","ast-hfb-mobile-header-display":"","site-post-title":"","ast-breadcrumbs-content":"","ast-featured-img":"","footer-sml-layout":"","ast-disable-related-posts":"","theme-transparent-header-meta":"default","adv-header-id-meta":"","stick-header-meta":"","header-above-stick-meta":"","header-main-stick-meta":"","header-below-stick-meta":"","astra-migrate-meta-layouts":"default","ast-page-background-enabled":"default","ast-page-background-meta":{"desktop":{"background-color":"","background-image":"","background-repeat":"repeat","background-position":"center center","background-size":"auto","background-attachment":"scroll","background-type":"","background-media":"","overlay-type":"","overlay-color":"","overlay-opacity":"","overlay-gradient":""},"tablet":{"background-color":"","background-image":"","background-repeat":"repeat","background-position":"center center","background-size":"auto","background-attachment":"scroll","background-type":"","background-media":"","overlay-type":"","overlay-color":"","overlay-opacity":"","overlay-gradient":""},"mobile":{"background-color":"","background-image":"","background-repeat":"repeat","background-position":"center center","background-size":"auto","background-attachment":"scroll","background-type":"","background-media":"","overlay-type":"","overlay-color":"","overlay-opacity":"","overlay-gradient":""}},"ast-content-background-meta":{"desktop":{"background-color":"var(--ast-global-color-5)","background-image":"","background-repeat":"repeat","background-position":"center center","background-size":"auto","background-attachment":"scroll","background-type":"","background-media":"","overlay-type":"","overlay-color":"","overlay-opacity":"","overlay-gradient":""},"tablet":{"background-color":"var(--ast-global-color-5)","background-image":"","background-repeat":"repeat","background-position":"center center","background-size":"auto","background-attachment":"scroll","background-type":"","background-media":"","overlay-type":"","overlay-color":"","overlay-opacity":"","overlay-gradient":""},"mobile":{"background-color":"var(--ast-global-color-5)","background-image":"","background-repeat":"repeat","background-position":"center center","background-size":"auto","background-attachment":"scroll","background-type":"","background-media":"","overlay-type":"","overlay-color":"","overlay-opacity":"","overlay-gradient":""}}},"product_brand":[],"product_cat":[36,163],"product_tag":[],"class_list":{"0":"post-2501","1":"product","2":"type-product","3":"status-publish","4":"has-post-thumbnail","6":"product_cat-electro-harmonix","7":"product_cat-electro-harmonix-bajo","8":"desktop-align-left","9":"tablet-align-left","10":"mobile-align-left","12":"first","13":"instock","14":"shipping-taxable","15":"purchasable","16":"product-type-simple"},"jetpack_sharing_enabled":true,"_links":{"self":[{"href":"https:\/\/guitarmusichall.com.mx\/shop\/wp-json\/wp\/v2\/product\/2501","targetHints":{"allow":["GET"]}}],"collection":[{"href":"https:\/\/guitarmusichall.com.mx\/shop\/wp-json\/wp\/v2\/product"}],"about":[{"href":"https:\/\/guitarmusichall.com.mx\/shop\/wp-json\/wp\/v2\/types\/product"}],"wp:featuredmedia":[{"embeddable":true,"href":"https:\/\/guitarmusichall.com.mx\/shop\/wp-json\/wp\/v2\/media\/2502"}],"wp:attachment":[{"href":"https:\/\/guitarmusichall.com.mx\/shop\/wp-json\/wp\/v2\/media?parent=2501"}],"wp:term":[{"taxonomy":"product_brand","embeddable":true,"href":"https:\/\/guitarmusichall.com.mx\/shop\/wp-json\/wp\/v2\/product_brand?post=2501"},{"taxonomy":"product_cat","embeddable":true,"href":"https:\/\/guitarmusichall.com.mx\/shop\/wp-json\/wp\/v2\/product_cat?post=2501"},{"taxonomy":"product_tag","embeddable":true,"href":"https:\/\/guitarmusichall.com.mx\/shop\/wp-json\/wp\/v2\/product_tag?post=2501"}],"curies":[{"name":"wp","href":"https:\/\/api.w.org\/{rel}","templated":true}]}}