{"id":3302,"date":"2021-01-15T23:12:13","date_gmt":"2021-01-15T23:12:13","guid":{"rendered":"https:\/\/guitarmusichall.com.mx\/shop\/?post_type=product&#038;p=3302"},"modified":"2025-02-18T23:35:15","modified_gmt":"2025-02-18T23:35:15","slug":"ernie-ball-volume","status":"publish","type":"product","link":"https:\/\/guitarmusichall.com.mx\/shop\/producto\/ernie-ball-volume\/","title":{"rendered":"ERNIE BALL VOLUME"},"content":{"rendered":"","protected":false},"excerpt":{"rendered":"<p><strong>DESCRIPCION DEL PRODUCTO<\/strong><\/p>\n<p>Pedal Ernie Ball Volume<\/p>\n<p><strong>NUMERO DE PRODUCTO<\/strong><\/p>\n<p>6166<\/p>\n<p><strong>CARACTERISTICAS DEL PRODUCTO<\/strong><\/p>\n<p>El pedal de volumen Ernie Ball presenta un control de volumen preciso y est\u00e1 perfectamente fabricado para se\u00f1ales de audio pasivas. Directamente detr\u00e1s del conector de entrada debajo de la placa de pie hay un conmutador micro c\u00f3nico que proporciona al usuario dos velocidades de expansi\u00f3n de volumen distintas. La robusta construcci\u00f3n del Ernie Ball VP 250k consiste en una carcasa de aluminio de grado aeron\u00e1utico que es pr\u00e1cticamente indestructible.<\/p>\n<p>* Potenci\u00f3metro de 500 ohms adecuado para la ruta de audio de instrumentos pasivos<\/p>\n<p>* Proporciona al usuario dos tipos de volumen<\/p>\n<p>* Entrada para Afinador<\/p>\n","protected":false},"featured_media":3303,"template":"","meta":{"site-sidebar-layout":"default","site-content-layout":"default","ast-site-content-layout":"default","site-content-style":"default","site-sidebar-style":"default","ast-global-header-display":"","ast-banner-title-visibility":"","ast-main-header-display":"","ast-hfb-above-header-display":"","ast-hfb-below-header-display":"","ast-hfb-mobile-header-display":"","site-post-title":"","ast-breadcrumbs-content":"","ast-featured-img":"","footer-sml-layout":"","ast-disable-related-posts":"","theme-transparent-header-meta":"default","adv-header-id-meta":"","stick-header-meta":"","header-above-stick-meta":"","header-main-stick-meta":"","header-below-stick-meta":"","astra-migrate-meta-layouts":"default","ast-page-background-enabled":"default","ast-page-background-meta":{"desktop":{"background-color":"","background-image":"","background-repeat":"repeat","background-position":"center center","background-size":"auto","background-attachment":"scroll","background-type":"","background-media":"","overlay-type":"","overlay-color":"","overlay-opacity":"","overlay-gradient":""},"tablet":{"background-color":"","background-image":"","background-repeat":"repeat","background-position":"center center","background-size":"auto","background-attachment":"scroll","background-type":"","background-media":"","overlay-type":"","overlay-color":"","overlay-opacity":"","overlay-gradient":""},"mobile":{"background-color":"","background-image":"","background-repeat":"repeat","background-position":"center center","background-size":"auto","background-attachment":"scroll","background-type":"","background-media":"","overlay-type":"","overlay-color":"","overlay-opacity":"","overlay-gradient":""}},"ast-content-background-meta":{"desktop":{"background-color":"var(--ast-global-color-5)","background-image":"","background-repeat":"repeat","background-position":"center center","background-size":"auto","background-attachment":"scroll","background-type":"","background-media":"","overlay-type":"","overlay-color":"","overlay-opacity":"","overlay-gradient":""},"tablet":{"background-color":"var(--ast-global-color-5)","background-image":"","background-repeat":"repeat","background-position":"center center","background-size":"auto","background-attachment":"scroll","background-type":"","background-media":"","overlay-type":"","overlay-color":"","overlay-opacity":"","overlay-gradient":""},"mobile":{"background-color":"var(--ast-global-color-5)","background-image":"","background-repeat":"repeat","background-position":"center center","background-size":"auto","background-attachment":"scroll","background-type":"","background-media":"","overlay-type":"","overlay-color":"","overlay-opacity":"","overlay-gradient":""}}},"product_brand":[],"product_cat":[154],"product_tag":[],"class_list":{"0":"post-3302","1":"product","2":"type-product","3":"status-publish","4":"has-post-thumbnail","6":"product_cat-ernie-ball-guit","7":"desktop-align-left","8":"tablet-align-left","9":"mobile-align-left","11":"first","12":"instock","13":"shipping-taxable","14":"purchasable","15":"product-type-simple"},"jetpack_sharing_enabled":true,"_links":{"self":[{"href":"https:\/\/guitarmusichall.com.mx\/shop\/wp-json\/wp\/v2\/product\/3302","targetHints":{"allow":["GET"]}}],"collection":[{"href":"https:\/\/guitarmusichall.com.mx\/shop\/wp-json\/wp\/v2\/product"}],"about":[{"href":"https:\/\/guitarmusichall.com.mx\/shop\/wp-json\/wp\/v2\/types\/product"}],"wp:featuredmedia":[{"embeddable":true,"href":"https:\/\/guitarmusichall.com.mx\/shop\/wp-json\/wp\/v2\/media\/3303"}],"wp:attachment":[{"href":"https:\/\/guitarmusichall.com.mx\/shop\/wp-json\/wp\/v2\/media?parent=3302"}],"wp:term":[{"taxonomy":"product_brand","embeddable":true,"href":"https:\/\/guitarmusichall.com.mx\/shop\/wp-json\/wp\/v2\/product_brand?post=3302"},{"taxonomy":"product_cat","embeddable":true,"href":"https:\/\/guitarmusichall.com.mx\/shop\/wp-json\/wp\/v2\/product_cat?post=3302"},{"taxonomy":"product_tag","embeddable":true,"href":"https:\/\/guitarmusichall.com.mx\/shop\/wp-json\/wp\/v2\/product_tag?post=3302"}],"curies":[{"name":"wp","href":"https:\/\/api.w.org\/{rel}","templated":true}]}}