{"id":3805,"date":"2021-01-26T23:56:16","date_gmt":"2021-01-26T23:56:16","guid":{"rendered":"https:\/\/guitarmusichall.com.mx\/shop\/?post_type=product&#038;p=3805"},"modified":"2025-06-16T22:56:23","modified_gmt":"2025-06-16T22:56:23","slug":"tc-electronic-mini-hypergravity","status":"publish","type":"product","link":"https:\/\/guitarmusichall.com.mx\/shop\/producto\/tc-electronic-mini-hypergravity\/","title":{"rendered":"TC ELECTRONIC MINI HYPERGRAVITY"},"content":{"rendered":"","protected":false},"excerpt":{"rendered":"<p><strong>DESCRIPCION DEL PRODUCTO<\/strong><\/p>\n<p>Pedal TC Electronic Hyper Gravity Mini Compressor<\/p>\n<p><strong>NUMERO DE PRODUCTO<\/strong><\/p>\n<p>HGMINCOMP<\/p>\n<p><strong>CARACTERISTICAS DEL PRODUCTO<\/strong><\/p>\n<p>Hypergravity Mini Compressor es lo \u00fanico que falta en tu pedalera que har\u00e1 que tu tono pase de ser bueno a ser excelente. Esta peque\u00f1a belleza presenta tres incre\u00edbles modos de compresi\u00f3n: un compresor multibanda de \u00faltima generaci\u00f3n; un compresor vintage genial; adem\u00e1s de infinitas combinaciones de compresi\u00f3n, que est\u00e1n disponibles a trav\u00e9s de Tone Print (el pedal retiene un modo a la vez, todos los dem\u00e1s est\u00e1n disponibles a trav\u00e9s de la aplicaci\u00f3n gratuita TonePrint). Hypergravity Mini Compressor es la clave para obtener ese tono pro tan deseado con una din\u00e1mica uniforme. \u00a1Ponlo en marcha y prep\u00e1rate para brillar!<\/p>\n<p>El algoritmo din\u00e1mico multibanda altamente avanzado del Hypergravity Mini Compressor es la misma compresi\u00f3n MD3 que se encuentra en nuestra obra maestra de producci\u00f3n de estudio System 6000, que es la herramienta din\u00e1mica preferida de los mejores productores durante m\u00e1s de 10 a\u00f1os. Su motor tecnol\u00f3gicamente superior aplica una compresi\u00f3n perfectamente adaptada a sus agudos, medios y graves, proporcionando una compresi\u00f3n ultratransparente y m\u00e1s musical que la que se puede lograr con los compresores est\u00e1ndar de una sola banda. Esto le permite pasar de sutiles destellos et\u00e9reos a tonos de camisa de fuerza y \u200b\u200bcualquier punto intermedio, sin comprometer nunca su tono original.<\/p>\n<p>* Compresor de calidad de estudio<\/p>\n<p>* Tone Print<\/p>\n<p>* True Bypass<\/p>\n","protected":false},"featured_media":3806,"template":"","meta":{"site-sidebar-layout":"default","site-content-layout":"default","ast-site-content-layout":"default","site-content-style":"default","site-sidebar-style":"default","ast-global-header-display":"","ast-banner-title-visibility":"","ast-main-header-display":"","ast-hfb-above-header-display":"","ast-hfb-below-header-display":"","ast-hfb-mobile-header-display":"","site-post-title":"","ast-breadcrumbs-content":"","ast-featured-img":"","footer-sml-layout":"","ast-disable-related-posts":"","theme-transparent-header-meta":"default","adv-header-id-meta":"","stick-header-meta":"","header-above-stick-meta":"","header-main-stick-meta":"","header-below-stick-meta":"","astra-migrate-meta-layouts":"default","ast-page-background-enabled":"default","ast-page-background-meta":{"desktop":{"background-color":"","background-image":"","background-repeat":"repeat","background-position":"center center","background-size":"auto","background-attachment":"scroll","background-type":"","background-media":"","overlay-type":"","overlay-color":"","overlay-opacity":"","overlay-gradient":""},"tablet":{"background-color":"","background-image":"","background-repeat":"repeat","background-position":"center center","background-size":"auto","background-attachment":"scroll","background-type":"","background-media":"","overlay-type":"","overlay-color":"","overlay-opacity":"","overlay-gradient":""},"mobile":{"background-color":"","background-image":"","background-repeat":"repeat","background-position":"center center","background-size":"auto","background-attachment":"scroll","background-type":"","background-media":"","overlay-type":"","overlay-color":"","overlay-opacity":"","overlay-gradient":""}},"ast-content-background-meta":{"desktop":{"background-color":"var(--ast-global-color-5)","background-image":"","background-repeat":"repeat","background-position":"center center","background-size":"auto","background-attachment":"scroll","background-type":"","background-media":"","overlay-type":"","overlay-color":"","overlay-opacity":"","overlay-gradient":""},"tablet":{"background-color":"var(--ast-global-color-5)","background-image":"","background-repeat":"repeat","background-position":"center center","background-size":"auto","background-attachment":"scroll","background-type":"","background-media":"","overlay-type":"","overlay-color":"","overlay-opacity":"","overlay-gradient":""},"mobile":{"background-color":"var(--ast-global-color-5)","background-image":"","background-repeat":"repeat","background-position":"center center","background-size":"auto","background-attachment":"scroll","background-type":"","background-media":"","overlay-type":"","overlay-color":"","overlay-opacity":"","overlay-gradient":""}}},"product_brand":[],"product_cat":[42,159],"product_tag":[],"class_list":{"0":"post-3805","1":"product","2":"type-product","3":"status-publish","4":"has-post-thumbnail","6":"product_cat-tc-electronic","7":"product_cat-tc-electronic-guit","8":"desktop-align-left","9":"tablet-align-left","10":"mobile-align-left","12":"first","13":"instock","14":"shipping-taxable","15":"purchasable","16":"product-type-simple"},"jetpack_sharing_enabled":true,"_links":{"self":[{"href":"https:\/\/guitarmusichall.com.mx\/shop\/wp-json\/wp\/v2\/product\/3805","targetHints":{"allow":["GET"]}}],"collection":[{"href":"https:\/\/guitarmusichall.com.mx\/shop\/wp-json\/wp\/v2\/product"}],"about":[{"href":"https:\/\/guitarmusichall.com.mx\/shop\/wp-json\/wp\/v2\/types\/product"}],"wp:featuredmedia":[{"embeddable":true,"href":"https:\/\/guitarmusichall.com.mx\/shop\/wp-json\/wp\/v2\/media\/3806"}],"wp:attachment":[{"href":"https:\/\/guitarmusichall.com.mx\/shop\/wp-json\/wp\/v2\/media?parent=3805"}],"wp:term":[{"taxonomy":"product_brand","embeddable":true,"href":"https:\/\/guitarmusichall.com.mx\/shop\/wp-json\/wp\/v2\/product_brand?post=3805"},{"taxonomy":"product_cat","embeddable":true,"href":"https:\/\/guitarmusichall.com.mx\/shop\/wp-json\/wp\/v2\/product_cat?post=3805"},{"taxonomy":"product_tag","embeddable":true,"href":"https:\/\/guitarmusichall.com.mx\/shop\/wp-json\/wp\/v2\/product_tag?post=3805"}],"curies":[{"name":"wp","href":"https:\/\/api.w.org\/{rel}","templated":true}]}}