{"id":3961,"date":"2021-02-03T00:23:29","date_gmt":"2021-02-03T00:23:29","guid":{"rendered":"https:\/\/guitarmusichall.com.mx\/shop\/?post_type=product&#038;p=3961"},"modified":"2025-11-06T00:30:55","modified_gmt":"2025-11-06T00:30:55","slug":"boss-digital-delay-dd-8","status":"publish","type":"product","link":"https:\/\/guitarmusichall.com.mx\/shop\/producto\/boss-digital-delay-dd-8\/","title":{"rendered":"BOSS DIGITAL DELAY DD-8"},"content":{"rendered":"","protected":false},"excerpt":{"rendered":"<p><strong>DESCRIPCION DEL PRODUCTO<\/strong><\/p>\n<p>Pedal Boss Digital Delay<\/p>\n<p><strong>NUMERO DE PRODUCTO<\/strong><\/p>\n<p>DD-8<\/p>\n<p><strong>CARACTERISTICA DEL PRODUCTO<\/strong><\/p>\n<p>El mas avanzado Delay de la serie de pedales compactos BOSS en la historia<br \/>\nOnce vers\u00e1tiles modos incluyendo Delay digital b\u00e1sico, ecos vintage, Shimmer, Mod, Looper y m\u00e1s<br \/>\nLooper ofreciendo hasta 40 segundos de tiempo de grabaci\u00f3n, capacidad de overdub y operaci\u00f3n de tres pedales con pedales de cambio externos<br \/>\nTres tipos de Delay de nuevo desarrollo: Warm, +RV (delay+reverb) y GLT (retraso r\u00edtmico)<br \/>\nHasta 10 segundos de tiempo de retraso disponible con la entrada del Tap Tempo<br \/>\nEl interruptor Carryover establece si los rastros del Delay contin\u00faan o se detienen cuando se pasa por alto (bypass) el efecto<br \/>\nEntrada\/Salida est\u00e9reo verdadera y tres modos de salida seleccionables (independiente, panor\u00e1mico y est\u00e9reo amplio)<br \/>\nPuertos de Entrada\/Salida inteligentes admitiendo una variedad de configuraciones de conexi\u00f3n (mono, est\u00e9reo, Wet\/Dry, solamente Wet y m\u00e1s)<br \/>\nSoporte para el control externo con dos pedales de cambio o con un pedal de expresi\u00f3n<br \/>\nFunci\u00f3n Twist exclusiva disponible en cada modo de Delay v\u00eda un pedal de cambio externo<\/p>\n","protected":false},"featured_media":3969,"template":"","meta":{"site-sidebar-layout":"default","site-content-layout":"default","ast-site-content-layout":"default","site-content-style":"default","site-sidebar-style":"default","ast-global-header-display":"","ast-banner-title-visibility":"","ast-main-header-display":"","ast-hfb-above-header-display":"","ast-hfb-below-header-display":"","ast-hfb-mobile-header-display":"","site-post-title":"","ast-breadcrumbs-content":"","ast-featured-img":"","footer-sml-layout":"","ast-disable-related-posts":"","theme-transparent-header-meta":"default","adv-header-id-meta":"","stick-header-meta":"","header-above-stick-meta":"","header-main-stick-meta":"","header-below-stick-meta":"","astra-migrate-meta-layouts":"default","ast-page-background-enabled":"default","ast-page-background-meta":{"desktop":{"background-color":"","background-image":"","background-repeat":"repeat","background-position":"center center","background-size":"auto","background-attachment":"scroll","background-type":"","background-media":"","overlay-type":"","overlay-color":"","overlay-opacity":"","overlay-gradient":""},"tablet":{"background-color":"","background-image":"","background-repeat":"repeat","background-position":"center center","background-size":"auto","background-attachment":"scroll","background-type":"","background-media":"","overlay-type":"","overlay-color":"","overlay-opacity":"","overlay-gradient":""},"mobile":{"background-color":"","background-image":"","background-repeat":"repeat","background-position":"center center","background-size":"auto","background-attachment":"scroll","background-type":"","background-media":"","overlay-type":"","overlay-color":"","overlay-opacity":"","overlay-gradient":""}},"ast-content-background-meta":{"desktop":{"background-color":"var(--ast-global-color-5)","background-image":"","background-repeat":"repeat","background-position":"center center","background-size":"auto","background-attachment":"scroll","background-type":"","background-media":"","overlay-type":"","overlay-color":"","overlay-opacity":"","overlay-gradient":""},"tablet":{"background-color":"var(--ast-global-color-5)","background-image":"","background-repeat":"repeat","background-position":"center center","background-size":"auto","background-attachment":"scroll","background-type":"","background-media":"","overlay-type":"","overlay-color":"","overlay-opacity":"","overlay-gradient":""},"mobile":{"background-color":"var(--ast-global-color-5)","background-image":"","background-repeat":"repeat","background-position":"center center","background-size":"auto","background-attachment":"scroll","background-type":"","background-media":"","overlay-type":"","overlay-color":"","overlay-opacity":"","overlay-gradient":""}}},"product_brand":[],"product_cat":[43,149],"product_tag":[],"class_list":{"0":"post-3961","1":"product","2":"type-product","3":"status-publish","4":"has-post-thumbnail","6":"product_cat-boss","7":"product_cat-boss-guit","8":"desktop-align-left","9":"tablet-align-left","10":"mobile-align-left","12":"first","13":"instock","14":"shipping-taxable","15":"purchasable","16":"product-type-simple"},"jetpack_sharing_enabled":true,"_links":{"self":[{"href":"https:\/\/guitarmusichall.com.mx\/shop\/wp-json\/wp\/v2\/product\/3961","targetHints":{"allow":["GET"]}}],"collection":[{"href":"https:\/\/guitarmusichall.com.mx\/shop\/wp-json\/wp\/v2\/product"}],"about":[{"href":"https:\/\/guitarmusichall.com.mx\/shop\/wp-json\/wp\/v2\/types\/product"}],"wp:featuredmedia":[{"embeddable":true,"href":"https:\/\/guitarmusichall.com.mx\/shop\/wp-json\/wp\/v2\/media\/3969"}],"wp:attachment":[{"href":"https:\/\/guitarmusichall.com.mx\/shop\/wp-json\/wp\/v2\/media?parent=3961"}],"wp:term":[{"taxonomy":"product_brand","embeddable":true,"href":"https:\/\/guitarmusichall.com.mx\/shop\/wp-json\/wp\/v2\/product_brand?post=3961"},{"taxonomy":"product_cat","embeddable":true,"href":"https:\/\/guitarmusichall.com.mx\/shop\/wp-json\/wp\/v2\/product_cat?post=3961"},{"taxonomy":"product_tag","embeddable":true,"href":"https:\/\/guitarmusichall.com.mx\/shop\/wp-json\/wp\/v2\/product_tag?post=3961"}],"curies":[{"name":"wp","href":"https:\/\/api.w.org\/{rel}","templated":true}]}}