{"id":4110,"date":"2021-02-04T20:32:20","date_gmt":"2021-02-04T20:32:20","guid":{"rendered":"https:\/\/guitarmusichall.com.mx\/shop\/?post_type=product&#038;p=4110"},"modified":"2023-02-01T20:46:24","modified_gmt":"2023-02-01T20:46:24","slug":"boss-hybrid-drive-od-200","status":"publish","type":"product","link":"https:\/\/guitarmusichall.com.mx\/shop\/producto\/boss-hybrid-drive-od-200\/","title":{"rendered":"BOSS HYBRID DRIVE OD-200"},"content":{"rendered":"","protected":false},"excerpt":{"rendered":"<p><strong>DESCRIPCION DEL PRODUCTO<\/strong><\/p>\n<p>Pedal Boss Hybrid Drive serie 200<\/p>\n<p><strong>NUMERO DE PRODUCTO<\/strong><\/p>\n<p>OD-200<\/p>\n<p><strong>CARACTERISTICAS DEL PRODUCTO<\/strong><\/p>\n<p>Con la serie 200, BOSS introduce una nueva generaci\u00f3n de pedales que ofrecen sonido y versatilidad avanzados en un formato estilizado que ahorra espacio en tu pedalera. Los controles f\u00e1ciles de usar y los interruptores multifunci\u00f3n permiten una operaci\u00f3n sencilla e intuitiva, mientras que las memorias integradas te dan la posibilidad de almacenar varias configuraciones y activarlas al instante. Todos los pedales de la serie 200 ofrecen audio premium con procesamiento interno de 32 bits, adem\u00e1s de compatibilidad con control adicional mediante conmutadores externos, un pedal de expresi\u00f3n o MIDI.<\/p>\n<p>La unidad de ganancia h\u00edbrida OD-200 aporta sonido, sensaciones y flexibilidad de nueva generaci\u00f3n a los efectos de overdrive y distorsi\u00f3n, combinando tecnolog\u00edas innovadoras con la experiencia acumulada por BOSS durante d\u00e9cadas de trabajo. Equipado con circuiter\u00eda h\u00edbrida anal\u00f3gica\/digital, este pedal de ensue\u00f1o ofrece cualquier sonido saturado que puedas imaginar con 12 modos primarios, 15 tipos de realce, rutas de ganancia en serie\/paralelo y m\u00e1s. Incluso dispones de una avanzada puerta, ideal para eliminar el ruido y a\u00f1adir definici\u00f3n a los sonidos con ganancia alta.<\/p>\n<p>&nbsp;<\/p>\n","protected":false},"featured_media":8315,"template":"","meta":{"site-sidebar-layout":"default","site-content-layout":"default","ast-site-content-layout":"default","site-content-style":"default","site-sidebar-style":"default","ast-global-header-display":"","ast-banner-title-visibility":"","ast-main-header-display":"","ast-hfb-above-header-display":"","ast-hfb-below-header-display":"","ast-hfb-mobile-header-display":"","site-post-title":"","ast-breadcrumbs-content":"","ast-featured-img":"","footer-sml-layout":"","ast-disable-related-posts":"","theme-transparent-header-meta":"default","adv-header-id-meta":"","stick-header-meta":"","header-above-stick-meta":"","header-main-stick-meta":"","header-below-stick-meta":"","astra-migrate-meta-layouts":"default","ast-page-background-enabled":"default","ast-page-background-meta":{"desktop":{"background-color":"","background-image":"","background-repeat":"repeat","background-position":"center center","background-size":"auto","background-attachment":"scroll","background-type":"","background-media":"","overlay-type":"","overlay-color":"","overlay-opacity":"","overlay-gradient":""},"tablet":{"background-color":"","background-image":"","background-repeat":"repeat","background-position":"center center","background-size":"auto","background-attachment":"scroll","background-type":"","background-media":"","overlay-type":"","overlay-color":"","overlay-opacity":"","overlay-gradient":""},"mobile":{"background-color":"","background-image":"","background-repeat":"repeat","background-position":"center center","background-size":"auto","background-attachment":"scroll","background-type":"","background-media":"","overlay-type":"","overlay-color":"","overlay-opacity":"","overlay-gradient":""}},"ast-content-background-meta":{"desktop":{"background-color":"var(--ast-global-color-5)","background-image":"","background-repeat":"repeat","background-position":"center center","background-size":"auto","background-attachment":"scroll","background-type":"","background-media":"","overlay-type":"","overlay-color":"","overlay-opacity":"","overlay-gradient":""},"tablet":{"background-color":"var(--ast-global-color-5)","background-image":"","background-repeat":"repeat","background-position":"center center","background-size":"auto","background-attachment":"scroll","background-type":"","background-media":"","overlay-type":"","overlay-color":"","overlay-opacity":"","overlay-gradient":""},"mobile":{"background-color":"var(--ast-global-color-5)","background-image":"","background-repeat":"repeat","background-position":"center center","background-size":"auto","background-attachment":"scroll","background-type":"","background-media":"","overlay-type":"","overlay-color":"","overlay-opacity":"","overlay-gradient":""}}},"product_brand":[],"product_cat":[43,149],"product_tag":[],"class_list":{"0":"post-4110","1":"product","2":"type-product","3":"status-publish","4":"has-post-thumbnail","6":"product_cat-boss","7":"product_cat-boss-guit","8":"product_shipping_class-producto-grande","9":"desktop-align-left","10":"tablet-align-left","11":"mobile-align-left","13":"first","14":"instock","15":"shipping-taxable","16":"purchasable","17":"product-type-simple"},"jetpack_sharing_enabled":true,"_links":{"self":[{"href":"https:\/\/guitarmusichall.com.mx\/shop\/wp-json\/wp\/v2\/product\/4110","targetHints":{"allow":["GET"]}}],"collection":[{"href":"https:\/\/guitarmusichall.com.mx\/shop\/wp-json\/wp\/v2\/product"}],"about":[{"href":"https:\/\/guitarmusichall.com.mx\/shop\/wp-json\/wp\/v2\/types\/product"}],"wp:featuredmedia":[{"embeddable":true,"href":"https:\/\/guitarmusichall.com.mx\/shop\/wp-json\/wp\/v2\/media\/8315"}],"wp:attachment":[{"href":"https:\/\/guitarmusichall.com.mx\/shop\/wp-json\/wp\/v2\/media?parent=4110"}],"wp:term":[{"taxonomy":"product_brand","embeddable":true,"href":"https:\/\/guitarmusichall.com.mx\/shop\/wp-json\/wp\/v2\/product_brand?post=4110"},{"taxonomy":"product_cat","embeddable":true,"href":"https:\/\/guitarmusichall.com.mx\/shop\/wp-json\/wp\/v2\/product_cat?post=4110"},{"taxonomy":"product_tag","embeddable":true,"href":"https:\/\/guitarmusichall.com.mx\/shop\/wp-json\/wp\/v2\/product_tag?post=4110"}],"curies":[{"name":"wp","href":"https:\/\/api.w.org\/{rel}","templated":true}]}}