{"id":4264,"date":"2021-02-10T01:03:57","date_gmt":"2021-02-10T01:03:57","guid":{"rendered":"https:\/\/guitarmusichall.com.mx\/shop\/?post_type=product&#038;p=4264"},"modified":"2026-01-19T22:51:11","modified_gmt":"2026-01-19T22:51:11","slug":"behringer-u-phoria-umc404hd","status":"publish","type":"product","link":"https:\/\/guitarmusichall.com.mx\/shop\/producto\/behringer-u-phoria-umc404hd\/","title":{"rendered":"BEHRINGER U-PHORIA UMC404HD"},"content":{"rendered":"","protected":false},"excerpt":{"rendered":"<p><strong>DESCRIPCION DEL PRODUCTO<\/strong><\/p>\n<p>Interface Behringer U-Phoria\u00a0 UMC404HD<\/p>\n<p><strong>NUMERO DE PRODUCTO<\/strong><\/p>\n<p>UMC404HD<\/p>\n<p><strong>CARACTERISTICAS DEL PRODUCTO<\/strong><\/p>\n<p>El incre\u00edble U-PHORIA UMC404HD cierra la brecha entre su creatividad y sus fan\u00e1ticos. Este estudio USB 2.0 incre\u00edblemente r\u00e1pido en una caja te permitir\u00e1 grabar tu pr\u00f3xima obra maestra en minutos con toda la conectividad requerida para tus micr\u00f3fonos, guitarras, teclados e incluso dispositivos MIDI.<\/p>\n<p>Grabe la voz perfecta directamente en su DAW basado en computadora gracias a los 4 preamplificadores de micr\u00f3fono incre\u00edblemente puros y de clase mundial dise\u00f1ados por MIDAS , que incluyen alimentaci\u00f3n fantasma de +48 voltios para micr\u00f3fonos de condensador, todos con calidad de estudio de 24 bits \/ 192 kHz convertidores para obtener la mejor calidad de sonido posible. Ya sea que sea un cantautor, un productor en movimiento o simplemente necesite una interfaz s\u00f3lida como una roca para ejecutar pistas de acompa\u00f1amiento en un concierto, el U-PHORIA UMC404HD ultra confiable lo ayudar\u00e1 a brillar en el dominio digital.<\/p>\n<p>Precisi\u00f3n de 192 kHz<br \/>\nTe tomas tus pistas en serio y el UMC404HD lo respeta, proporcionando una resoluci\u00f3n de hasta 192 kHz incluso para las aplicaciones m\u00e1s exigentes de m\u00fasica y postproducci\u00f3n de video. Trabaje con confianza y precisi\u00f3n en su software de grabaci\u00f3n favorito para obtener resultados profesionales en todo momento.<\/p>\n<p>&nbsp;<\/p>\n<p>&nbsp;<\/p>\n","protected":false},"featured_media":4293,"template":"","meta":{"site-sidebar-layout":"default","site-content-layout":"default","ast-site-content-layout":"default","site-content-style":"default","site-sidebar-style":"default","ast-global-header-display":"","ast-banner-title-visibility":"","ast-main-header-display":"","ast-hfb-above-header-display":"","ast-hfb-below-header-display":"","ast-hfb-mobile-header-display":"","site-post-title":"","ast-breadcrumbs-content":"","ast-featured-img":"","footer-sml-layout":"","ast-disable-related-posts":"","theme-transparent-header-meta":"default","adv-header-id-meta":"","stick-header-meta":"","header-above-stick-meta":"","header-main-stick-meta":"","header-below-stick-meta":"","astra-migrate-meta-layouts":"default","ast-page-background-enabled":"default","ast-page-background-meta":{"desktop":{"background-color":"","background-image":"","background-repeat":"repeat","background-position":"center center","background-size":"auto","background-attachment":"scroll","background-type":"","background-media":"","overlay-type":"","overlay-color":"","overlay-opacity":"","overlay-gradient":""},"tablet":{"background-color":"","background-image":"","background-repeat":"repeat","background-position":"center center","background-size":"auto","background-attachment":"scroll","background-type":"","background-media":"","overlay-type":"","overlay-color":"","overlay-opacity":"","overlay-gradient":""},"mobile":{"background-color":"","background-image":"","background-repeat":"repeat","background-position":"center center","background-size":"auto","background-attachment":"scroll","background-type":"","background-media":"","overlay-type":"","overlay-color":"","overlay-opacity":"","overlay-gradient":""}},"ast-content-background-meta":{"desktop":{"background-color":"var(--ast-global-color-5)","background-image":"","background-repeat":"repeat","background-position":"center center","background-size":"auto","background-attachment":"scroll","background-type":"","background-media":"","overlay-type":"","overlay-color":"","overlay-opacity":"","overlay-gradient":""},"tablet":{"background-color":"var(--ast-global-color-5)","background-image":"","background-repeat":"repeat","background-position":"center center","background-size":"auto","background-attachment":"scroll","background-type":"","background-media":"","overlay-type":"","overlay-color":"","overlay-opacity":"","overlay-gradient":""},"mobile":{"background-color":"var(--ast-global-color-5)","background-image":"","background-repeat":"repeat","background-position":"center center","background-size":"auto","background-attachment":"scroll","background-type":"","background-media":"","overlay-type":"","overlay-color":"","overlay-opacity":"","overlay-gradient":""}}},"product_brand":[],"product_cat":[253,81],"product_tag":[],"class_list":{"0":"post-4264","1":"product","2":"type-product","3":"status-publish","4":"has-post-thumbnail","6":"product_cat-behringer","7":"product_cat-interfaces","8":"desktop-align-left","9":"tablet-align-left","10":"mobile-align-left","12":"first","13":"outofstock","14":"shipping-taxable","15":"purchasable","16":"product-type-simple"},"jetpack_sharing_enabled":true,"_links":{"self":[{"href":"https:\/\/guitarmusichall.com.mx\/shop\/wp-json\/wp\/v2\/product\/4264","targetHints":{"allow":["GET"]}}],"collection":[{"href":"https:\/\/guitarmusichall.com.mx\/shop\/wp-json\/wp\/v2\/product"}],"about":[{"href":"https:\/\/guitarmusichall.com.mx\/shop\/wp-json\/wp\/v2\/types\/product"}],"wp:featuredmedia":[{"embeddable":true,"href":"https:\/\/guitarmusichall.com.mx\/shop\/wp-json\/wp\/v2\/media\/4293"}],"wp:attachment":[{"href":"https:\/\/guitarmusichall.com.mx\/shop\/wp-json\/wp\/v2\/media?parent=4264"}],"wp:term":[{"taxonomy":"product_brand","embeddable":true,"href":"https:\/\/guitarmusichall.com.mx\/shop\/wp-json\/wp\/v2\/product_brand?post=4264"},{"taxonomy":"product_cat","embeddable":true,"href":"https:\/\/guitarmusichall.com.mx\/shop\/wp-json\/wp\/v2\/product_cat?post=4264"},{"taxonomy":"product_tag","embeddable":true,"href":"https:\/\/guitarmusichall.com.mx\/shop\/wp-json\/wp\/v2\/product_tag?post=4264"}],"curies":[{"name":"wp","href":"https:\/\/api.w.org\/{rel}","templated":true}]}}