{"id":4317,"date":"2021-02-12T23:04:12","date_gmt":"2021-02-12T23:04:12","guid":{"rendered":"https:\/\/guitarmusichall.com.mx\/shop\/?post_type=product&#038;p=4317"},"modified":"2025-07-29T18:58:39","modified_gmt":"2025-07-29T18:58:39","slug":"shure-sm81","status":"publish","type":"product","link":"https:\/\/guitarmusichall.com.mx\/shop\/producto\/shure-sm81\/","title":{"rendered":"SHURE SM81"},"content":{"rendered":"","protected":false},"excerpt":{"rendered":"<p><strong>DESCRIPCION DEL PRODUCTO<\/strong><\/p>\n<p>Micr\u00f3fono Shure SM81-LC<\/p>\n<p><strong>NUMERO DE PRODUCTO<\/strong><\/p>\n<p>SM81-LC<\/p>\n<p><strong>CARACTERISTICAS DEL PRODUCTO<\/strong><\/p>\n<p>Micr\u00f3fono de instrumento condensador cardioide de amplia respuesta en frecuencia y bajo ruido propio. Ofrece una curva de respuesta plana, ruido bajo, nivel alto de salida sin saturar, baja distorsi\u00f3n bajo un gran rango de impedancias de carga y baja susceptibilidad a inferencias de RF.<\/p>\n<p>* Respuesta en frecuencia de 20 Hz a 20 kHz<\/p>\n<p>* Curva de respuesta plana para una reproducci\u00f3n precisa de las fuentes de sonido<\/p>\n<p>* Bajo nivel de ruido y alto nivel de salida sin saturar<\/p>\n<p>* Baja distorsi\u00f3n en un gran rango de impedancias de carga<\/p>\n<p>* Patr\u00f3n polar cardioide, uniforme en la frecuencia y sim\u00e9trico en el eje, que ofrece el m\u00e1ximo nivel de rechazo y la m\u00ednima coloraci\u00f3n de los sonidos fuera del eje<\/p>\n<p>* Baja susceptibilidad a interferencias de RF<\/p>\n<p>* Respuesta seleccionable para las frecuencias graves: plana, supresi\u00f3n de 6 o 18 dB\/octava<\/p>\n<p>* Atenuador con bloqueo de 0 dB\/10 dB<\/p>\n<p>* Alimentaci\u00f3n phantom (DIN 45 596, tensiones de 12 a 48 VDC)<\/p>\n<p>* Robusta construcci\u00f3n en acero para la m\u00e1xima durabilidad<\/p>\n<p>* Puede usarse en exteriores en muchas condiciones de temperatura y humedad<\/p>\n","protected":false},"featured_media":4318,"template":"","meta":{"site-sidebar-layout":"default","site-content-layout":"default","ast-site-content-layout":"default","site-content-style":"default","site-sidebar-style":"default","ast-global-header-display":"","ast-banner-title-visibility":"","ast-main-header-display":"","ast-hfb-above-header-display":"","ast-hfb-below-header-display":"","ast-hfb-mobile-header-display":"","site-post-title":"","ast-breadcrumbs-content":"","ast-featured-img":"","footer-sml-layout":"","ast-disable-related-posts":"","theme-transparent-header-meta":"default","adv-header-id-meta":"","stick-header-meta":"","header-above-stick-meta":"","header-main-stick-meta":"","header-below-stick-meta":"","astra-migrate-meta-layouts":"default","ast-page-background-enabled":"default","ast-page-background-meta":{"desktop":{"background-color":"","background-image":"","background-repeat":"repeat","background-position":"center center","background-size":"auto","background-attachment":"scroll","background-type":"","background-media":"","overlay-type":"","overlay-color":"","overlay-opacity":"","overlay-gradient":""},"tablet":{"background-color":"","background-image":"","background-repeat":"repeat","background-position":"center center","background-size":"auto","background-attachment":"scroll","background-type":"","background-media":"","overlay-type":"","overlay-color":"","overlay-opacity":"","overlay-gradient":""},"mobile":{"background-color":"","background-image":"","background-repeat":"repeat","background-position":"center center","background-size":"auto","background-attachment":"scroll","background-type":"","background-media":"","overlay-type":"","overlay-color":"","overlay-opacity":"","overlay-gradient":""}},"ast-content-background-meta":{"desktop":{"background-color":"var(--ast-global-color-5)","background-image":"","background-repeat":"repeat","background-position":"center center","background-size":"auto","background-attachment":"scroll","background-type":"","background-media":"","overlay-type":"","overlay-color":"","overlay-opacity":"","overlay-gradient":""},"tablet":{"background-color":"var(--ast-global-color-5)","background-image":"","background-repeat":"repeat","background-position":"center center","background-size":"auto","background-attachment":"scroll","background-type":"","background-media":"","overlay-type":"","overlay-color":"","overlay-opacity":"","overlay-gradient":""},"mobile":{"background-color":"var(--ast-global-color-5)","background-image":"","background-repeat":"repeat","background-position":"center center","background-size":"auto","background-attachment":"scroll","background-type":"","background-media":"","overlay-type":"","overlay-color":"","overlay-opacity":"","overlay-gradient":""}}},"product_brand":[],"product_cat":[177],"product_tag":[],"class_list":{"0":"post-4317","1":"product","2":"type-product","3":"status-publish","4":"has-post-thumbnail","6":"product_cat-para-instrumento","7":"product_shipping_class-producto-grande","8":"desktop-align-left","9":"tablet-align-left","10":"mobile-align-left","12":"first","13":"instock","14":"shipping-taxable","15":"purchasable","16":"product-type-simple"},"jetpack_sharing_enabled":true,"_links":{"self":[{"href":"https:\/\/guitarmusichall.com.mx\/shop\/wp-json\/wp\/v2\/product\/4317","targetHints":{"allow":["GET"]}}],"collection":[{"href":"https:\/\/guitarmusichall.com.mx\/shop\/wp-json\/wp\/v2\/product"}],"about":[{"href":"https:\/\/guitarmusichall.com.mx\/shop\/wp-json\/wp\/v2\/types\/product"}],"wp:featuredmedia":[{"embeddable":true,"href":"https:\/\/guitarmusichall.com.mx\/shop\/wp-json\/wp\/v2\/media\/4318"}],"wp:attachment":[{"href":"https:\/\/guitarmusichall.com.mx\/shop\/wp-json\/wp\/v2\/media?parent=4317"}],"wp:term":[{"taxonomy":"product_brand","embeddable":true,"href":"https:\/\/guitarmusichall.com.mx\/shop\/wp-json\/wp\/v2\/product_brand?post=4317"},{"taxonomy":"product_cat","embeddable":true,"href":"https:\/\/guitarmusichall.com.mx\/shop\/wp-json\/wp\/v2\/product_cat?post=4317"},{"taxonomy":"product_tag","embeddable":true,"href":"https:\/\/guitarmusichall.com.mx\/shop\/wp-json\/wp\/v2\/product_tag?post=4317"}],"curies":[{"name":"wp","href":"https:\/\/api.w.org\/{rel}","templated":true}]}}