{"id":4475,"date":"2021-03-10T21:42:54","date_gmt":"2021-03-10T21:42:54","guid":{"rendered":"https:\/\/guitarmusichall.com.mx\/shop\/?post_type=product&#038;p=4475"},"modified":"2025-10-11T20:08:23","modified_gmt":"2025-10-11T20:08:23","slug":"shure-pga57-xlr","status":"publish","type":"product","link":"https:\/\/guitarmusichall.com.mx\/shop\/producto\/shure-pga57-xlr\/","title":{"rendered":"SHURE PGA57-XLR"},"content":{"rendered":"","protected":false},"excerpt":{"rendered":"<p><strong>DESCRIPCION DEL PRODUCTO<\/strong><\/p>\n<p>Micr\u00f3fono Shure PGA57-XLR din\u00e1mico<\/p>\n<p><strong>NUMERO DE PRODUCTO<\/strong><br \/>\nPGA57-XLR<\/p>\n<p><strong>CARACTERISTICAS DEL PRODUCTO<\/strong><\/p>\n<p>El PGA57 es un micr\u00f3fono de instrumento, de calidad profesional y con un dise\u00f1o discreto y moderno, con rejilla y acabado met\u00e1licos de color negro. Calidad legendaria de Shure en el dise\u00f1o y la construcci\u00f3n, que garantiza un sonido excepcional y durabilidad. El PGA57 es ideal para instrumentos amplificados y percusiones ac\u00fasticas, tanto en directo como en grabaciones. Incluye un adaptador orientable para pie de micro, una funda de transporte y un cable XLR.<\/p>\n<p>* C\u00e1psula de micr\u00f3fono de respuesta plana para reproducir las fuentes sonoras de forma n\u00edtida.<\/p>\n<p>* Patr\u00f3n polar cardioide que capta el audio de la fuente a la vez que rechaza el ruido.<\/p>\n<p>* Dise\u00f1o industrial moderno con rejilla y acabado met\u00e1licos de color negro para pasar inadvertido.<\/p>\n<p>* Disponible con cable XLR (4,57 m).<\/p>\n<p>* Adaptador para pie de micro, para montar el micr\u00f3fono en un pie.<\/p>\n<p>* Funda con cremallera, para una protecci\u00f3n adicional durante el transporte y el almacenamiento.<\/p>\n<p>* Calidad legendaria de Shure en el dise\u00f1o y la construcci\u00f3n, para un funcionamiento excepcional en entornos rigurosos.<\/p>\n","protected":false},"featured_media":4476,"template":"","meta":{"site-sidebar-layout":"default","site-content-layout":"default","ast-site-content-layout":"default","site-content-style":"default","site-sidebar-style":"default","ast-global-header-display":"","ast-banner-title-visibility":"","ast-main-header-display":"","ast-hfb-above-header-display":"","ast-hfb-below-header-display":"","ast-hfb-mobile-header-display":"","site-post-title":"","ast-breadcrumbs-content":"","ast-featured-img":"","footer-sml-layout":"","ast-disable-related-posts":"","theme-transparent-header-meta":"default","adv-header-id-meta":"","stick-header-meta":"","header-above-stick-meta":"","header-main-stick-meta":"","header-below-stick-meta":"","astra-migrate-meta-layouts":"default","ast-page-background-enabled":"default","ast-page-background-meta":{"desktop":{"background-color":"","background-image":"","background-repeat":"repeat","background-position":"center center","background-size":"auto","background-attachment":"scroll","background-type":"","background-media":"","overlay-type":"","overlay-color":"","overlay-opacity":"","overlay-gradient":""},"tablet":{"background-color":"","background-image":"","background-repeat":"repeat","background-position":"center center","background-size":"auto","background-attachment":"scroll","background-type":"","background-media":"","overlay-type":"","overlay-color":"","overlay-opacity":"","overlay-gradient":""},"mobile":{"background-color":"","background-image":"","background-repeat":"repeat","background-position":"center center","background-size":"auto","background-attachment":"scroll","background-type":"","background-media":"","overlay-type":"","overlay-color":"","overlay-opacity":"","overlay-gradient":""}},"ast-content-background-meta":{"desktop":{"background-color":"var(--ast-global-color-5)","background-image":"","background-repeat":"repeat","background-position":"center center","background-size":"auto","background-attachment":"scroll","background-type":"","background-media":"","overlay-type":"","overlay-color":"","overlay-opacity":"","overlay-gradient":""},"tablet":{"background-color":"var(--ast-global-color-5)","background-image":"","background-repeat":"repeat","background-position":"center center","background-size":"auto","background-attachment":"scroll","background-type":"","background-media":"","overlay-type":"","overlay-color":"","overlay-opacity":"","overlay-gradient":""},"mobile":{"background-color":"var(--ast-global-color-5)","background-image":"","background-repeat":"repeat","background-position":"center center","background-size":"auto","background-attachment":"scroll","background-type":"","background-media":"","overlay-type":"","overlay-color":"","overlay-opacity":"","overlay-gradient":""}}},"product_brand":[],"product_cat":[177],"product_tag":[],"class_list":{"0":"post-4475","1":"product","2":"type-product","3":"status-publish","4":"has-post-thumbnail","6":"product_cat-para-instrumento","7":"desktop-align-left","8":"tablet-align-left","9":"mobile-align-left","11":"first","12":"outofstock","13":"shipping-taxable","14":"purchasable","15":"product-type-simple"},"jetpack_sharing_enabled":true,"_links":{"self":[{"href":"https:\/\/guitarmusichall.com.mx\/shop\/wp-json\/wp\/v2\/product\/4475","targetHints":{"allow":["GET"]}}],"collection":[{"href":"https:\/\/guitarmusichall.com.mx\/shop\/wp-json\/wp\/v2\/product"}],"about":[{"href":"https:\/\/guitarmusichall.com.mx\/shop\/wp-json\/wp\/v2\/types\/product"}],"wp:featuredmedia":[{"embeddable":true,"href":"https:\/\/guitarmusichall.com.mx\/shop\/wp-json\/wp\/v2\/media\/4476"}],"wp:attachment":[{"href":"https:\/\/guitarmusichall.com.mx\/shop\/wp-json\/wp\/v2\/media?parent=4475"}],"wp:term":[{"taxonomy":"product_brand","embeddable":true,"href":"https:\/\/guitarmusichall.com.mx\/shop\/wp-json\/wp\/v2\/product_brand?post=4475"},{"taxonomy":"product_cat","embeddable":true,"href":"https:\/\/guitarmusichall.com.mx\/shop\/wp-json\/wp\/v2\/product_cat?post=4475"},{"taxonomy":"product_tag","embeddable":true,"href":"https:\/\/guitarmusichall.com.mx\/shop\/wp-json\/wp\/v2\/product_tag?post=4475"}],"curies":[{"name":"wp","href":"https:\/\/api.w.org\/{rel}","templated":true}]}}