{"id":456,"date":"2020-07-25T20:11:10","date_gmt":"2020-07-25T20:11:10","guid":{"rendered":"https:\/\/guitarmusichall.com.mx\/shop\/?post_type=product&#038;p=456"},"modified":"2022-07-08T21:30:32","modified_gmt":"2022-07-08T21:30:32","slug":"gretsch-g5420t-electromatic-bisgby","status":"publish","type":"product","link":"https:\/\/guitarmusichall.com.mx\/shop\/producto\/gretsch-g5420t-electromatic-bisgby\/","title":{"rendered":"GRETSCH G5420T ELECTROMATIC BISGBY"},"content":{"rendered":"","protected":false},"excerpt":{"rendered":"<p><strong>DESCRIPCION DEL PRODUCTO<\/strong><\/p>\n<p>Guitarra El\u00e9ctrica Gretsch Electromatic G5420T<\/p>\n<p><strong>NUMERO DE PRODUCTO<\/strong><\/p>\n<p>2506011512<\/p>\n<p><strong>CARACTERISTICAS DEL PRODUCTO<\/strong><\/p>\n<p>Las guitarras Electromatic de cuerpo hueco son los instrumentos perfectos, reales, puros y potentes de Gretsch. Son tu Gretsch del siguiente paso: audaces, din\u00e1micos y articulados, y fabricados con el sonido, el estilo y la jugabilidad esenciales de Gretsch.<\/p>\n<p>Vivo y resonante, el G5420T tiene una construcci\u00f3n completamente hueca con una verdadera voz Filter&#8217;Tron\u2122 que explota con un gran golpe y una presencia clara y fuerte. Como todas las guitarras Electromatic, ofrece la autenticidad intr\u00e9pida y electrizante que ha distinguido a Gretsch como la guitarra rock and roll por excelencia desde el principio. Es el sonido del honor en s\u00ed mismo: toca con orgullo.<\/p>\n<p>Las caracter\u00edsticas premium incluyen dos pastillas humbucker Black Top Filter&#8217;Tron, controles mejorados vers\u00e1tiles que incluyen un circuito de sangrado de agudos de volumen maestro, orificios F encuadernados de gran tama\u00f1o y encuadernaci\u00f3n de cuerpo de varias capas envejecidas, clavijero encuadernado G6120 m\u00e1s peque\u00f1o de finales de los a\u00f1os 50, tuerca Graph Tech\u00ae NuBone \u2122 , incrustaciones en miniatura del diapas\u00f3n Neo-Classic\u2122 perladas y un cordal de vibrato Bigsby\u00ae B60.<\/p>\n<p>* Cuerpo Maple<\/p>\n<p>* Brazo Maple<\/p>\n<p>* Diapas\u00f3n Rosewood<\/p>\n<p>* Pastillas Black Top Filter&#8217;Tron\u2122<\/p>\n<p>* Maquinaria Vintage-Style Open Back<\/p>\n<p>* Color Orange Stain.<\/p>\n","protected":false},"featured_media":457,"template":"","meta":{"site-sidebar-layout":"default","site-content-layout":"default","ast-site-content-layout":"default","site-content-style":"default","site-sidebar-style":"default","ast-global-header-display":"","ast-banner-title-visibility":"","ast-main-header-display":"","ast-hfb-above-header-display":"","ast-hfb-below-header-display":"","ast-hfb-mobile-header-display":"","site-post-title":"","ast-breadcrumbs-content":"","ast-featured-img":"","footer-sml-layout":"","ast-disable-related-posts":"","theme-transparent-header-meta":"default","adv-header-id-meta":"","stick-header-meta":"","header-above-stick-meta":"","header-main-stick-meta":"","header-below-stick-meta":"","astra-migrate-meta-layouts":"default","ast-page-background-enabled":"default","ast-page-background-meta":{"desktop":{"background-color":"","background-image":"","background-repeat":"repeat","background-position":"center center","background-size":"auto","background-attachment":"scroll","background-type":"","background-media":"","overlay-type":"","overlay-color":"","overlay-opacity":"","overlay-gradient":""},"tablet":{"background-color":"","background-image":"","background-repeat":"repeat","background-position":"center center","background-size":"auto","background-attachment":"scroll","background-type":"","background-media":"","overlay-type":"","overlay-color":"","overlay-opacity":"","overlay-gradient":""},"mobile":{"background-color":"","background-image":"","background-repeat":"repeat","background-position":"center center","background-size":"auto","background-attachment":"scroll","background-type":"","background-media":"","overlay-type":"","overlay-color":"","overlay-opacity":"","overlay-gradient":""}},"ast-content-background-meta":{"desktop":{"background-color":"var(--ast-global-color-5)","background-image":"","background-repeat":"repeat","background-position":"center center","background-size":"auto","background-attachment":"scroll","background-type":"","background-media":"","overlay-type":"","overlay-color":"","overlay-opacity":"","overlay-gradient":""},"tablet":{"background-color":"var(--ast-global-color-5)","background-image":"","background-repeat":"repeat","background-position":"center center","background-size":"auto","background-attachment":"scroll","background-type":"","background-media":"","overlay-type":"","overlay-color":"","overlay-opacity":"","overlay-gradient":""},"mobile":{"background-color":"var(--ast-global-color-5)","background-image":"","background-repeat":"repeat","background-position":"center center","background-size":"auto","background-attachment":"scroll","background-type":"","background-media":"","overlay-type":"","overlay-color":"","overlay-opacity":"","overlay-gradient":""}}},"product_brand":[],"product_cat":[147,18],"product_tag":[],"class_list":{"0":"post-456","1":"product","2":"type-product","3":"status-publish","4":"has-post-thumbnail","6":"product_cat-gretsch","7":"product_cat-guitarra-electrica","8":"product_shipping_class-producto-extra-grande","9":"desktop-align-left","10":"tablet-align-left","11":"mobile-align-left","13":"first","14":"instock","15":"shipping-taxable","16":"purchasable","17":"product-type-simple"},"jetpack_sharing_enabled":true,"_links":{"self":[{"href":"https:\/\/guitarmusichall.com.mx\/shop\/wp-json\/wp\/v2\/product\/456","targetHints":{"allow":["GET"]}}],"collection":[{"href":"https:\/\/guitarmusichall.com.mx\/shop\/wp-json\/wp\/v2\/product"}],"about":[{"href":"https:\/\/guitarmusichall.com.mx\/shop\/wp-json\/wp\/v2\/types\/product"}],"wp:featuredmedia":[{"embeddable":true,"href":"https:\/\/guitarmusichall.com.mx\/shop\/wp-json\/wp\/v2\/media\/457"}],"wp:attachment":[{"href":"https:\/\/guitarmusichall.com.mx\/shop\/wp-json\/wp\/v2\/media?parent=456"}],"wp:term":[{"taxonomy":"product_brand","embeddable":true,"href":"https:\/\/guitarmusichall.com.mx\/shop\/wp-json\/wp\/v2\/product_brand?post=456"},{"taxonomy":"product_cat","embeddable":true,"href":"https:\/\/guitarmusichall.com.mx\/shop\/wp-json\/wp\/v2\/product_cat?post=456"},{"taxonomy":"product_tag","embeddable":true,"href":"https:\/\/guitarmusichall.com.mx\/shop\/wp-json\/wp\/v2\/product_tag?post=456"}],"curies":[{"name":"wp","href":"https:\/\/api.w.org\/{rel}","templated":true}]}}