{"id":4686,"date":"2021-04-01T19:56:19","date_gmt":"2021-04-01T19:56:19","guid":{"rendered":"https:\/\/guitarmusichall.com.mx\/shop\/?post_type=product&#038;p=4686"},"modified":"2025-06-12T20:57:43","modified_gmt":"2025-06-12T20:57:43","slug":"jackson-js32-kv-ah-fb-wht-w-bk-b","status":"publish","type":"product","link":"https:\/\/guitarmusichall.com.mx\/shop\/producto\/jackson-js32-kv-ah-fb-wht-w-bk-b\/","title":{"rendered":"JACKSON JS32 KV AH FB WHT W\/BK B"},"content":{"rendered":"","protected":false},"excerpt":{"rendered":"<p><strong>DESCRIPCION DEL PRODUCTO<\/strong><\/p>\n<p>Guitarra El\u00e9ctrica Jackson JS32 King V AH White<\/p>\n<p><strong>NUMERO DE PRODUCTO<\/strong><\/p>\n<p>2910224577<\/p>\n<p><strong>CARACTERISTICAS DEL PRODUCTO<\/strong><\/p>\n<p>La serie JS King V\u2122 JS32 ofrece una de nuestras formas m\u00e1s majestuosas y un rendimiento excepcional a un precio asequible.<\/p>\n<p>Esta formidable King V tiene un cuerpo de \u00e1lamo, un m\u00e1stil de arce atornillado con refuerzo de grafito y uni\u00f3n en bisel para una estabilidad s\u00f3lida como una roca. Su diapas\u00f3n de amaranto con radio compuesto de 12&#8243; a 16&#8243; presenta 24 trastes jumbo e incrustaciones de aleta de tibur\u00f3n perladas.<\/p>\n<p>Otras caracter\u00edsticas incluyen dos pastillas humbucking Jackson de alto rendimiento con imanes de cer\u00e1mica y conmutaci\u00f3n de palanca de tres posiciones, puente de tr\u00e9molo de doble bloqueo Floyd Rose\u00ae de la marca Jackson, botones de correa est\u00e1ndar y clavijas de fundici\u00f3n selladas.<\/p>\n<p>R\u00e1pido y letal, el King V JS32 cuenta con hardware completamente negro.<\/p>\n<p>* Cuerpo Poplar<\/p>\n<p>* Brazo Maple<\/p>\n<p>* Diapas\u00f3n Amaranth<\/p>\n<p>* Pastillas Jackson\u00ae High-Output Humbucking<\/p>\n<p>* Puente Floyd Rose\u00ae Licensed Jackson\u00ae Double-Locking Tremolo<\/p>\n<p>* Maquinaria Jackson\u00ae Sealed Die-Cast<\/p>\n<p>* Color White<\/p>\n<p>&nbsp;<\/p>\n","protected":false},"featured_media":8994,"template":"","meta":{"site-sidebar-layout":"default","site-content-layout":"default","ast-site-content-layout":"default","site-content-style":"default","site-sidebar-style":"default","ast-global-header-display":"","ast-banner-title-visibility":"","ast-main-header-display":"","ast-hfb-above-header-display":"","ast-hfb-below-header-display":"","ast-hfb-mobile-header-display":"","site-post-title":"","ast-breadcrumbs-content":"","ast-featured-img":"","footer-sml-layout":"","ast-disable-related-posts":"","theme-transparent-header-meta":"default","adv-header-id-meta":"","stick-header-meta":"","header-above-stick-meta":"","header-main-stick-meta":"","header-below-stick-meta":"","astra-migrate-meta-layouts":"set","ast-page-background-enabled":"default","ast-page-background-meta":{"desktop":{"background-color":"","background-image":"","background-repeat":"repeat","background-position":"center center","background-size":"auto","background-attachment":"scroll","background-type":"","background-media":"","overlay-type":"","overlay-color":"","overlay-opacity":"","overlay-gradient":""},"tablet":{"background-color":"","background-image":"","background-repeat":"repeat","background-position":"center center","background-size":"auto","background-attachment":"scroll","background-type":"","background-media":"","overlay-type":"","overlay-color":"","overlay-opacity":"","overlay-gradient":""},"mobile":{"background-color":"","background-image":"","background-repeat":"repeat","background-position":"center center","background-size":"auto","background-attachment":"scroll","background-type":"","background-media":"","overlay-type":"","overlay-color":"","overlay-opacity":"","overlay-gradient":""}},"ast-content-background-meta":{"desktop":{"background-color":"var(--ast-global-color-5)","background-image":"","background-repeat":"repeat","background-position":"center center","background-size":"auto","background-attachment":"scroll","background-type":"","background-media":"","overlay-type":"","overlay-color":"","overlay-opacity":"","overlay-gradient":""},"tablet":{"background-color":"var(--ast-global-color-5)","background-image":"","background-repeat":"repeat","background-position":"center center","background-size":"auto","background-attachment":"scroll","background-type":"","background-media":"","overlay-type":"","overlay-color":"","overlay-opacity":"","overlay-gradient":""},"mobile":{"background-color":"var(--ast-global-color-5)","background-image":"","background-repeat":"repeat","background-position":"center center","background-size":"auto","background-attachment":"scroll","background-type":"","background-media":"","overlay-type":"","overlay-color":"","overlay-opacity":"","overlay-gradient":""}}},"product_brand":[],"product_cat":[18,186],"product_tag":[],"class_list":{"0":"post-4686","1":"product","2":"type-product","3":"status-publish","4":"has-post-thumbnail","6":"product_cat-guitarra-electrica","7":"product_cat-jackson","8":"product_shipping_class-producto-super-extra-grande","9":"desktop-align-left","10":"tablet-align-left","11":"mobile-align-left","13":"first","14":"instock","15":"shipping-taxable","16":"purchasable","17":"product-type-simple"},"jetpack_sharing_enabled":true,"_links":{"self":[{"href":"https:\/\/guitarmusichall.com.mx\/shop\/wp-json\/wp\/v2\/product\/4686","targetHints":{"allow":["GET"]}}],"collection":[{"href":"https:\/\/guitarmusichall.com.mx\/shop\/wp-json\/wp\/v2\/product"}],"about":[{"href":"https:\/\/guitarmusichall.com.mx\/shop\/wp-json\/wp\/v2\/types\/product"}],"wp:featuredmedia":[{"embeddable":true,"href":"https:\/\/guitarmusichall.com.mx\/shop\/wp-json\/wp\/v2\/media\/8994"}],"wp:attachment":[{"href":"https:\/\/guitarmusichall.com.mx\/shop\/wp-json\/wp\/v2\/media?parent=4686"}],"wp:term":[{"taxonomy":"product_brand","embeddable":true,"href":"https:\/\/guitarmusichall.com.mx\/shop\/wp-json\/wp\/v2\/product_brand?post=4686"},{"taxonomy":"product_cat","embeddable":true,"href":"https:\/\/guitarmusichall.com.mx\/shop\/wp-json\/wp\/v2\/product_cat?post=4686"},{"taxonomy":"product_tag","embeddable":true,"href":"https:\/\/guitarmusichall.com.mx\/shop\/wp-json\/wp\/v2\/product_tag?post=4686"}],"curies":[{"name":"wp","href":"https:\/\/api.w.org\/{rel}","templated":true}]}}