{"id":4694,"date":"2021-04-01T20:20:03","date_gmt":"2021-04-01T20:20:03","guid":{"rendered":"https:\/\/guitarmusichall.com.mx\/shop\/?post_type=product&#038;p=4694"},"modified":"2025-10-17T19:41:40","modified_gmt":"2025-10-17T19:41:40","slug":"squier-aff-jazz-bass-vi","status":"publish","type":"product","link":"https:\/\/guitarmusichall.com.mx\/shop\/producto\/squier-aff-jazz-bass-vi\/","title":{"rendered":"SQUIER AFF JAZZ BASS VI"},"content":{"rendered":"","protected":false},"excerpt":{"rendered":"<p><strong>DESCRIPCION DEL PRODUCTO<\/strong><\/p>\n<p>Bajo El\u00e9ctrico Affinity Jazz Bass VI Black Metallic<\/p>\n<p><strong>NUMERO DE PRODUCTO<\/strong><\/p>\n<p>0378671565<\/p>\n<p><strong>CARACTERISTICAS DEL PRODUCTO<\/strong><\/p>\n<p>El Jazz Bass VI de Squier Affinity Series es una magn\u00edfica puerta de entrada a la venerable familia Fender y ofrece un dise\u00f1o legendario y un sonido por excelencia para el bajista aspirante de hoy. Adem\u00e1s de un rango extendido proporcionado por una cuerda B grave y una C aguda, este J Bass de 6 cuerdas presenta varias mejoras que facilitan el desempe\u00f1o del m\u00fasico, como un cuerpo delgado y contorneado, un m\u00e1stil en forma de \u00abC\u00bb reforzado con grafito para una estabilidad \u00f3ptima y facilidad de ejecuci\u00f3n, y clavijeros ligeros con engranajes sellados para una afinaci\u00f3n suave y precisa. Equipado con dos pastillas Squier J Bass de bobina simple para una amplia variedad de tonos, este modelo est\u00e1 listo para ayudar a sentar las bases para cualquier m\u00fasico en cualquier etapa.<\/p>\n<p>* Cuerpo Poplar<\/p>\n<p>* Brazo Maple<\/p>\n<p>* Diapas\u00f3n Indian Laurel<\/p>\n<p>*\u00a0 Perfil \u00abC\u00bb Shape<\/p>\n<p>*\u00a0 Pastillas Ceramic Single-Coil Jazz Bass<\/p>\n<p>*\u00a0 Maquinaria Die-Cast Sealed<\/p>\n<p>*\u00a0 Color Black Metallic<\/p>\n<p>&nbsp;<\/p>\n","protected":false},"featured_media":9745,"template":"","meta":{"site-sidebar-layout":"default","site-content-layout":"default","ast-site-content-layout":"default","site-content-style":"default","site-sidebar-style":"default","ast-global-header-display":"","ast-banner-title-visibility":"","ast-main-header-display":"","ast-hfb-above-header-display":"","ast-hfb-below-header-display":"","ast-hfb-mobile-header-display":"","site-post-title":"","ast-breadcrumbs-content":"","ast-featured-img":"","footer-sml-layout":"","ast-disable-related-posts":"","theme-transparent-header-meta":"default","adv-header-id-meta":"","stick-header-meta":"","header-above-stick-meta":"","header-main-stick-meta":"","header-below-stick-meta":"","astra-migrate-meta-layouts":"set","ast-page-background-enabled":"default","ast-page-background-meta":{"desktop":{"background-color":"","background-image":"","background-repeat":"repeat","background-position":"center center","background-size":"auto","background-attachment":"scroll","background-type":"","background-media":"","overlay-type":"","overlay-color":"","overlay-opacity":"","overlay-gradient":""},"tablet":{"background-color":"","background-image":"","background-repeat":"repeat","background-position":"center center","background-size":"auto","background-attachment":"scroll","background-type":"","background-media":"","overlay-type":"","overlay-color":"","overlay-opacity":"","overlay-gradient":""},"mobile":{"background-color":"","background-image":"","background-repeat":"repeat","background-position":"center center","background-size":"auto","background-attachment":"scroll","background-type":"","background-media":"","overlay-type":"","overlay-color":"","overlay-opacity":"","overlay-gradient":""}},"ast-content-background-meta":{"desktop":{"background-color":"var(--ast-global-color-5)","background-image":"","background-repeat":"repeat","background-position":"center center","background-size":"auto","background-attachment":"scroll","background-type":"","background-media":"","overlay-type":"","overlay-color":"","overlay-opacity":"","overlay-gradient":""},"tablet":{"background-color":"var(--ast-global-color-5)","background-image":"","background-repeat":"repeat","background-position":"center center","background-size":"auto","background-attachment":"scroll","background-type":"","background-media":"","overlay-type":"","overlay-color":"","overlay-opacity":"","overlay-gradient":""},"mobile":{"background-color":"var(--ast-global-color-5)","background-image":"","background-repeat":"repeat","background-position":"center center","background-size":"auto","background-attachment":"scroll","background-type":"","background-media":"","overlay-type":"","overlay-color":"","overlay-opacity":"","overlay-gradient":""}}},"product_brand":[],"product_cat":[26,106],"product_tag":[],"class_list":{"0":"post-4694","1":"product","2":"type-product","3":"status-publish","4":"has-post-thumbnail","6":"product_cat-bajos","7":"product_cat-squier","8":"product_shipping_class-producto-super-extra-grande","9":"desktop-align-left","10":"tablet-align-left","11":"mobile-align-left","13":"first","14":"outofstock","15":"shipping-taxable","16":"purchasable","17":"product-type-simple"},"jetpack_sharing_enabled":true,"_links":{"self":[{"href":"https:\/\/guitarmusichall.com.mx\/shop\/wp-json\/wp\/v2\/product\/4694","targetHints":{"allow":["GET"]}}],"collection":[{"href":"https:\/\/guitarmusichall.com.mx\/shop\/wp-json\/wp\/v2\/product"}],"about":[{"href":"https:\/\/guitarmusichall.com.mx\/shop\/wp-json\/wp\/v2\/types\/product"}],"wp:featuredmedia":[{"embeddable":true,"href":"https:\/\/guitarmusichall.com.mx\/shop\/wp-json\/wp\/v2\/media\/9745"}],"wp:attachment":[{"href":"https:\/\/guitarmusichall.com.mx\/shop\/wp-json\/wp\/v2\/media?parent=4694"}],"wp:term":[{"taxonomy":"product_brand","embeddable":true,"href":"https:\/\/guitarmusichall.com.mx\/shop\/wp-json\/wp\/v2\/product_brand?post=4694"},{"taxonomy":"product_cat","embeddable":true,"href":"https:\/\/guitarmusichall.com.mx\/shop\/wp-json\/wp\/v2\/product_cat?post=4694"},{"taxonomy":"product_tag","embeddable":true,"href":"https:\/\/guitarmusichall.com.mx\/shop\/wp-json\/wp\/v2\/product_tag?post=4694"}],"curies":[{"name":"wp","href":"https:\/\/api.w.org\/{rel}","templated":true}]}}