{"id":5190,"date":"2021-06-02T21:41:13","date_gmt":"2021-06-02T21:41:13","guid":{"rendered":"https:\/\/guitarmusichall.com.mx\/shop\/?post_type=product&#038;p=5190"},"modified":"2025-08-16T22:36:35","modified_gmt":"2025-08-16T22:36:35","slug":"flight-ukulele-concert-eacust","status":"publish","type":"product","link":"https:\/\/guitarmusichall.com.mx\/shop\/producto\/flight-ukulele-concert-eacust\/","title":{"rendered":"LA SEVILLANA UKULELE CONCERT"},"content":{"rendered":"","protected":false},"excerpt":{"rendered":"<p><strong>DESCRIPCION DEL PRODUCTO<\/strong><\/p>\n<p>Ukulele La Sevillana Concert<\/p>\n<p><strong>NUMERO DE PRODUCTO<\/strong><\/p>\n<p>SVUKE-400<\/p>\n<p><strong>CARACTERISTICAS DEL PRODUCTO<\/strong><\/p>\n<p>Obt\u00e9n el cl\u00e1sico sonido de Haw\u00e1i.<br \/>\nLa palabra Ukelele viene de la Polinesia y significa \u00abla pulga saltarina\u00bb. Es un peque\u00f1o machete portugu\u00e9s imitaci\u00f3n de guitarra con 4 cuerdas de nylon (Soprano a, d, fis, h). Llego a finales del siglo XIX de Madeira a la Polinesia y desde entonces pertenece a uno de los instrumentos m\u00e1s populares del archipi\u00e9lago. Con el ukelele de La Sevillana tendr\u00e1s en tus manos fineza extraordinaria, resonancia natural y toda la experiencia en la fabricaci\u00f3n de guitarras cl\u00e1sicas, instrumentos orquestales e instrumentos folcl\u00f3ricos y regionales. La Sevillana te ofrece un tono c\u00e1lido en todos sus instrumentos. La Sevillana es una marca de fin\u00edsimas guitarras cl\u00e1sicas e instrumentos orquestales elaborados con las mejores maderas y con el mejor control de calidad.<\/p>\n<p>* Cuerpo Caoba<\/p>\n<p>* Brazo Caoba<\/p>\n<p>* Cejas de Hueso<\/p>\n<p>* Fondo C\u00f3ncavo<\/p>\n<p>* Cuerdas \u00c1quila<\/p>\n<p>* Color Natural Mate<\/p>\n<p>* Incluye Funda<\/p>\n","protected":false},"featured_media":9431,"template":"","meta":{"site-sidebar-layout":"default","site-content-layout":"default","ast-site-content-layout":"default","site-content-style":"default","site-sidebar-style":"default","ast-global-header-display":"","ast-banner-title-visibility":"","ast-main-header-display":"","ast-hfb-above-header-display":"","ast-hfb-below-header-display":"","ast-hfb-mobile-header-display":"","site-post-title":"","ast-breadcrumbs-content":"","ast-featured-img":"","footer-sml-layout":"","ast-disable-related-posts":"","theme-transparent-header-meta":"default","adv-header-id-meta":"","stick-header-meta":"","header-above-stick-meta":"","header-main-stick-meta":"","header-below-stick-meta":"","astra-migrate-meta-layouts":"set","ast-page-background-enabled":"default","ast-page-background-meta":{"desktop":{"background-color":"","background-image":"","background-repeat":"repeat","background-position":"center center","background-size":"auto","background-attachment":"scroll","background-type":"","background-media":"","overlay-type":"","overlay-color":"","overlay-opacity":"","overlay-gradient":""},"tablet":{"background-color":"","background-image":"","background-repeat":"repeat","background-position":"center center","background-size":"auto","background-attachment":"scroll","background-type":"","background-media":"","overlay-type":"","overlay-color":"","overlay-opacity":"","overlay-gradient":""},"mobile":{"background-color":"","background-image":"","background-repeat":"repeat","background-position":"center center","background-size":"auto","background-attachment":"scroll","background-type":"","background-media":"","overlay-type":"","overlay-color":"","overlay-opacity":"","overlay-gradient":""}},"ast-content-background-meta":{"desktop":{"background-color":"var(--ast-global-color-5)","background-image":"","background-repeat":"repeat","background-position":"center center","background-size":"auto","background-attachment":"scroll","background-type":"","background-media":"","overlay-type":"","overlay-color":"","overlay-opacity":"","overlay-gradient":""},"tablet":{"background-color":"var(--ast-global-color-5)","background-image":"","background-repeat":"repeat","background-position":"center center","background-size":"auto","background-attachment":"scroll","background-type":"","background-media":"","overlay-type":"","overlay-color":"","overlay-opacity":"","overlay-gradient":""},"mobile":{"background-color":"var(--ast-global-color-5)","background-image":"","background-repeat":"repeat","background-position":"center center","background-size":"auto","background-attachment":"scroll","background-type":"","background-media":"","overlay-type":"","overlay-color":"","overlay-opacity":"","overlay-gradient":""}}},"product_brand":[],"product_cat":[88],"product_tag":[],"class_list":{"0":"post-5190","1":"product","2":"type-product","3":"status-publish","4":"has-post-thumbnail","6":"product_cat-ukuleles","7":"product_shipping_class-producto-grande","8":"desktop-align-left","9":"tablet-align-left","10":"mobile-align-left","12":"first","13":"outofstock","14":"shipping-taxable","15":"purchasable","16":"product-type-simple"},"jetpack_sharing_enabled":true,"_links":{"self":[{"href":"https:\/\/guitarmusichall.com.mx\/shop\/wp-json\/wp\/v2\/product\/5190","targetHints":{"allow":["GET"]}}],"collection":[{"href":"https:\/\/guitarmusichall.com.mx\/shop\/wp-json\/wp\/v2\/product"}],"about":[{"href":"https:\/\/guitarmusichall.com.mx\/shop\/wp-json\/wp\/v2\/types\/product"}],"wp:featuredmedia":[{"embeddable":true,"href":"https:\/\/guitarmusichall.com.mx\/shop\/wp-json\/wp\/v2\/media\/9431"}],"wp:attachment":[{"href":"https:\/\/guitarmusichall.com.mx\/shop\/wp-json\/wp\/v2\/media?parent=5190"}],"wp:term":[{"taxonomy":"product_brand","embeddable":true,"href":"https:\/\/guitarmusichall.com.mx\/shop\/wp-json\/wp\/v2\/product_brand?post=5190"},{"taxonomy":"product_cat","embeddable":true,"href":"https:\/\/guitarmusichall.com.mx\/shop\/wp-json\/wp\/v2\/product_cat?post=5190"},{"taxonomy":"product_tag","embeddable":true,"href":"https:\/\/guitarmusichall.com.mx\/shop\/wp-json\/wp\/v2\/product_tag?post=5190"}],"curies":[{"name":"wp","href":"https:\/\/api.w.org\/{rel}","templated":true}]}}