{"id":5250,"date":"2021-06-08T19:14:54","date_gmt":"2021-06-08T19:14:54","guid":{"rendered":"https:\/\/guitarmusichall.com.mx\/shop\/?post_type=product&#038;p=5250"},"modified":"2025-06-12T20:56:48","modified_gmt":"2025-06-12T20:56:48","slug":"jackson-js32-dinky-dka-m-snow-w","status":"publish","type":"product","link":"https:\/\/guitarmusichall.com.mx\/shop\/producto\/jackson-js32-dinky-dka-m-snow-w\/","title":{"rendered":"JACKSON JS32 DINKY DKA-M SNOW W"},"content":{"rendered":"","protected":false},"excerpt":{"rendered":"<p><strong>DESCRIPCION DEL PRODUCTO<\/strong><\/p>\n<p>Guitarra El\u00e9ctrica Jackson JS32 Dinky DKA-M Snow White<\/p>\n<p><strong>NUMERO DE PRODUCTO<\/strong><\/p>\n<p>2910238576<\/p>\n<p><strong>CARACTERISTICAS DEL PRODUCTO<\/strong><\/p>\n<p>R\u00e1pidas, letales y asequibles, las guitarras de la serie JS de Jackson dan un salto \u00e9pico, lo que hace que sea m\u00e1s f\u00e1cil que nunca obtener el tono, el aspecto y la facilidad de ejecuci\u00f3n cl\u00e1sicos de Jackson sin gastar mucho dinero.<\/p>\n<p>La JS Series Dinky\u2122 Arch Top JS32 DKA-M presenta un cuerpo de \u00e1lamo con una hermosa tapa arqueada de arce acolchado, m\u00e1stil de arce atornillado con refuerzo de grafito y uni\u00f3n biselada para una estabilidad s\u00f3lida como una roca. Con 24 trastes jumbo e incrustaciones de aleta de tibur\u00f3n, el diapas\u00f3n de arce de radio compuesto de 12&#8243;-16&#8243; se aplana gradualmente hacia el tal\u00f3n desde su perfil m\u00e1s redondeado en la tuerca. Esto hace que los acordes y los riffs se sientan c\u00f3modos y naturales cerca de la tuerca, con una articulaci\u00f3n triturada \u00f3ptima y una flexi\u00f3n m\u00e1s cerca del tal\u00f3n.<\/p>\n<p>Alimentado por dos pastillas humbucker de alto rendimiento Jackson de montaje directo con imanes de cer\u00e1mica, el JS32 DKA -M tambi\u00e9n cuenta con un interruptor de hoja de tres v\u00edas, controles de volumen y tono \u00fanicos, puente de tr\u00e9molo de doble bloqueo con licencia Floyd Rose\u00ae de la marca Jackson, correa est\u00e1ndar botones y sintonizadores fundidos a presi\u00f3n sellados.<\/p>\n<p>* Cuerpo Poplar<\/p>\n<p>* Brazo Maple<\/p>\n<p>* Diapas\u00f3n Maple<\/p>\n<p>* Pastillas Jackson\u00ae High-Output Humbucking<\/p>\n<p>* Puente Floyd Rose\u00ae Licensed Jackson\u00ae Double-Locking Tremolo<\/p>\n<p>* Maquinaria Jackson\u00ae Sealed Die-Cast<\/p>\n<p>*\u00a0 Color Snow White<\/p>\n<p>&nbsp;<\/p>\n","protected":false},"featured_media":5253,"template":"","meta":{"site-sidebar-layout":"default","site-content-layout":"default","ast-site-content-layout":"default","site-content-style":"default","site-sidebar-style":"default","ast-global-header-display":"","ast-banner-title-visibility":"","ast-main-header-display":"","ast-hfb-above-header-display":"","ast-hfb-below-header-display":"","ast-hfb-mobile-header-display":"","site-post-title":"","ast-breadcrumbs-content":"","ast-featured-img":"","footer-sml-layout":"","ast-disable-related-posts":"","theme-transparent-header-meta":"default","adv-header-id-meta":"","stick-header-meta":"","header-above-stick-meta":"","header-main-stick-meta":"","header-below-stick-meta":"","astra-migrate-meta-layouts":"default","ast-page-background-enabled":"default","ast-page-background-meta":{"desktop":{"background-color":"","background-image":"","background-repeat":"repeat","background-position":"center center","background-size":"auto","background-attachment":"scroll","background-type":"","background-media":"","overlay-type":"","overlay-color":"","overlay-opacity":"","overlay-gradient":""},"tablet":{"background-color":"","background-image":"","background-repeat":"repeat","background-position":"center center","background-size":"auto","background-attachment":"scroll","background-type":"","background-media":"","overlay-type":"","overlay-color":"","overlay-opacity":"","overlay-gradient":""},"mobile":{"background-color":"","background-image":"","background-repeat":"repeat","background-position":"center center","background-size":"auto","background-attachment":"scroll","background-type":"","background-media":"","overlay-type":"","overlay-color":"","overlay-opacity":"","overlay-gradient":""}},"ast-content-background-meta":{"desktop":{"background-color":"var(--ast-global-color-5)","background-image":"","background-repeat":"repeat","background-position":"center center","background-size":"auto","background-attachment":"scroll","background-type":"","background-media":"","overlay-type":"","overlay-color":"","overlay-opacity":"","overlay-gradient":""},"tablet":{"background-color":"var(--ast-global-color-5)","background-image":"","background-repeat":"repeat","background-position":"center center","background-size":"auto","background-attachment":"scroll","background-type":"","background-media":"","overlay-type":"","overlay-color":"","overlay-opacity":"","overlay-gradient":""},"mobile":{"background-color":"var(--ast-global-color-5)","background-image":"","background-repeat":"repeat","background-position":"center center","background-size":"auto","background-attachment":"scroll","background-type":"","background-media":"","overlay-type":"","overlay-color":"","overlay-opacity":"","overlay-gradient":""}}},"product_brand":[],"product_cat":[18,186],"product_tag":[],"class_list":{"0":"post-5250","1":"product","2":"type-product","3":"status-publish","4":"has-post-thumbnail","6":"product_cat-guitarra-electrica","7":"product_cat-jackson","8":"product_shipping_class-producto-extra-grande","9":"desktop-align-left","10":"tablet-align-left","11":"mobile-align-left","13":"first","14":"instock","15":"shipping-taxable","16":"purchasable","17":"product-type-simple"},"jetpack_sharing_enabled":true,"_links":{"self":[{"href":"https:\/\/guitarmusichall.com.mx\/shop\/wp-json\/wp\/v2\/product\/5250","targetHints":{"allow":["GET"]}}],"collection":[{"href":"https:\/\/guitarmusichall.com.mx\/shop\/wp-json\/wp\/v2\/product"}],"about":[{"href":"https:\/\/guitarmusichall.com.mx\/shop\/wp-json\/wp\/v2\/types\/product"}],"wp:featuredmedia":[{"embeddable":true,"href":"https:\/\/guitarmusichall.com.mx\/shop\/wp-json\/wp\/v2\/media\/5253"}],"wp:attachment":[{"href":"https:\/\/guitarmusichall.com.mx\/shop\/wp-json\/wp\/v2\/media?parent=5250"}],"wp:term":[{"taxonomy":"product_brand","embeddable":true,"href":"https:\/\/guitarmusichall.com.mx\/shop\/wp-json\/wp\/v2\/product_brand?post=5250"},{"taxonomy":"product_cat","embeddable":true,"href":"https:\/\/guitarmusichall.com.mx\/shop\/wp-json\/wp\/v2\/product_cat?post=5250"},{"taxonomy":"product_tag","embeddable":true,"href":"https:\/\/guitarmusichall.com.mx\/shop\/wp-json\/wp\/v2\/product_tag?post=5250"}],"curies":[{"name":"wp","href":"https:\/\/api.w.org\/{rel}","templated":true}]}}