{"id":5433,"date":"2021-07-30T21:00:14","date_gmt":"2021-07-30T21:00:14","guid":{"rendered":"https:\/\/guitarmusichall.com.mx\/shop\/?post_type=product&#038;p=5433"},"modified":"2024-11-07T18:43:45","modified_gmt":"2024-11-07T18:43:45","slug":"emg-set-geezer-butler-pj-black","status":"publish","type":"product","link":"https:\/\/guitarmusichall.com.mx\/shop\/producto\/emg-set-geezer-butler-pj-black\/","title":{"rendered":"EMG SET GEEZER BUTLER PJ BLACK"},"content":{"rendered":"","protected":false},"excerpt":{"rendered":"<p><strong>DESCRIPCION DEL PRODUCTO<\/strong><\/p>\n<p>Set EMG Geezer Butler PJ Black<\/p>\n<p><strong>NUMERO DE PRODUCTO<\/strong><\/p>\n<p>GZRPJHZSETBLACK<\/p>\n<p><strong>CARACTERISTICAS DEL PRODUCTO<\/strong><\/p>\n<p>EMG junto con el legendario artista Geezer Butler han colaborado para desarrollar los conjuntos de pastillas de bajo caracter\u00edsticos GZR-P y GZR-PJ. El bajista del Sal\u00f3n de la Fama del Rock and Roll comenz\u00f3 a trabajar con el fundador de EMG, Rob Turner, en 2011, buscando recrear los tonos de bajo cl\u00e1sicos que ten\u00eda en los primeros d\u00edas de Black Sabbath. Cuando Geezer y Black Sabbath pasaron del estudio a la gira en 2013, el componente final para obtener el tono cl\u00e1sico de Geezer estaba en juego: una pastilla pasiva con un tono verdaderamente vintage. Para recuperar el tono temprano de Black Sabbath de Geezer, signific\u00f3 un nuevo dise\u00f1o de P &amp; PJ pasivo de estilo vintage EMG con algunos toques modernos. El conjunto P sin soldadura utiliza piezas polares Alnico V y bobinas enrolladas personalizadas para obtener la cantidad justa de punz\u00f3n y arena. El J (conjunto de PJ) tambi\u00e9n usa Alnico 5 postes y cuenta con dos bobinas divididas enrolladas personalizadas. Esto elimina el ruido y el zumbido generalmente asociados con las pastillas de bajos de principios de los 70 y permite m\u00e1s potencia y volumen que cualquier otra J de bobina simple est\u00e1ndar, creando un equilibrio notable entre la P y la J. El resultado es un tono de bajo inconfundible de Geezer Butler temprano con graves profundos y ajustados que se escuchan en melod\u00edas como \u00abIron Man\u00bb, \u00abWar Pigs\u00bb y \u00abParanoid\u00bb, como en la d\u00e9cada de 1970.<\/p>\n<p>El paquete incluye el exclusivo sistema de instalaci\u00f3n sin soldadura de EMG:<br \/>\n2 Potenci\u00f3metros de volumen<br \/>\nde 250k 1 Potenci\u00f3metro de tono de 250k<br \/>\n1 Conector de salida mono<br \/>\n8 Pares de tornillos de montaje<br \/>\n1 Conector de tierra de puente<br \/>\n2 Cables de captaci\u00f3n<br \/>\n2 Cables de conexi\u00f3n<br \/>\n1 Cable de salida<br \/>\n1 Cable de tierra de puente<\/p>\n","protected":false},"featured_media":5434,"template":"","meta":{"site-sidebar-layout":"default","site-content-layout":"default","ast-site-content-layout":"default","site-content-style":"default","site-sidebar-style":"default","ast-global-header-display":"","ast-banner-title-visibility":"","ast-main-header-display":"","ast-hfb-above-header-display":"","ast-hfb-below-header-display":"","ast-hfb-mobile-header-display":"","site-post-title":"","ast-breadcrumbs-content":"","ast-featured-img":"","footer-sml-layout":"","ast-disable-related-posts":"","theme-transparent-header-meta":"default","adv-header-id-meta":"","stick-header-meta":"","header-above-stick-meta":"","header-main-stick-meta":"","header-below-stick-meta":"","astra-migrate-meta-layouts":"default","ast-page-background-enabled":"default","ast-page-background-meta":{"desktop":{"background-color":"","background-image":"","background-repeat":"repeat","background-position":"center center","background-size":"auto","background-attachment":"scroll","background-type":"","background-media":"","overlay-type":"","overlay-color":"","overlay-opacity":"","overlay-gradient":""},"tablet":{"background-color":"","background-image":"","background-repeat":"repeat","background-position":"center center","background-size":"auto","background-attachment":"scroll","background-type":"","background-media":"","overlay-type":"","overlay-color":"","overlay-opacity":"","overlay-gradient":""},"mobile":{"background-color":"","background-image":"","background-repeat":"repeat","background-position":"center center","background-size":"auto","background-attachment":"scroll","background-type":"","background-media":"","overlay-type":"","overlay-color":"","overlay-opacity":"","overlay-gradient":""}},"ast-content-background-meta":{"desktop":{"background-color":"var(--ast-global-color-5)","background-image":"","background-repeat":"repeat","background-position":"center center","background-size":"auto","background-attachment":"scroll","background-type":"","background-media":"","overlay-type":"","overlay-color":"","overlay-opacity":"","overlay-gradient":""},"tablet":{"background-color":"var(--ast-global-color-5)","background-image":"","background-repeat":"repeat","background-position":"center center","background-size":"auto","background-attachment":"scroll","background-type":"","background-media":"","overlay-type":"","overlay-color":"","overlay-opacity":"","overlay-gradient":""},"mobile":{"background-color":"var(--ast-global-color-5)","background-image":"","background-repeat":"repeat","background-position":"center center","background-size":"auto","background-attachment":"scroll","background-type":"","background-media":"","overlay-type":"","overlay-color":"","overlay-opacity":"","overlay-gradient":""}}},"product_brand":[],"product_cat":[39,187],"product_tag":[],"class_list":{"0":"post-5433","1":"product","2":"type-product","3":"status-publish","4":"has-post-thumbnail","6":"product_cat-emg","7":"product_cat-emg-bajo","8":"desktop-align-left","9":"tablet-align-left","10":"mobile-align-left","12":"first","13":"instock","14":"shipping-taxable","15":"purchasable","16":"product-type-simple"},"jetpack_sharing_enabled":true,"_links":{"self":[{"href":"https:\/\/guitarmusichall.com.mx\/shop\/wp-json\/wp\/v2\/product\/5433","targetHints":{"allow":["GET"]}}],"collection":[{"href":"https:\/\/guitarmusichall.com.mx\/shop\/wp-json\/wp\/v2\/product"}],"about":[{"href":"https:\/\/guitarmusichall.com.mx\/shop\/wp-json\/wp\/v2\/types\/product"}],"wp:featuredmedia":[{"embeddable":true,"href":"https:\/\/guitarmusichall.com.mx\/shop\/wp-json\/wp\/v2\/media\/5434"}],"wp:attachment":[{"href":"https:\/\/guitarmusichall.com.mx\/shop\/wp-json\/wp\/v2\/media?parent=5433"}],"wp:term":[{"taxonomy":"product_brand","embeddable":true,"href":"https:\/\/guitarmusichall.com.mx\/shop\/wp-json\/wp\/v2\/product_brand?post=5433"},{"taxonomy":"product_cat","embeddable":true,"href":"https:\/\/guitarmusichall.com.mx\/shop\/wp-json\/wp\/v2\/product_cat?post=5433"},{"taxonomy":"product_tag","embeddable":true,"href":"https:\/\/guitarmusichall.com.mx\/shop\/wp-json\/wp\/v2\/product_tag?post=5433"}],"curies":[{"name":"wp","href":"https:\/\/api.w.org\/{rel}","templated":true}]}}