{"id":5439,"date":"2021-07-30T21:27:08","date_gmt":"2021-07-30T21:27:08","guid":{"rendered":"https:\/\/guitarmusichall.com.mx\/shop\/?post_type=product&#038;p=5439"},"modified":"2024-11-07T18:43:21","modified_gmt":"2024-11-07T18:43:21","slug":"emg-set-p-black","status":"publish","type":"product","link":"https:\/\/guitarmusichall.com.mx\/shop\/producto\/emg-set-p-black\/","title":{"rendered":"EMG SET P BLACK"},"content":{"rendered":"","protected":false},"excerpt":{"rendered":"<p><strong>DESCRIPCION DEL PRODUCTO<\/strong><\/p>\n<p>Set Pastillas EMG P Black<\/p>\n<p><strong>NUMERO DE PRODUCTO<\/strong><\/p>\n<p>PBLACK<\/p>\n<p><strong>CARACTERISTICAS DEL PRODUCTO<\/strong><\/p>\n<p>Uno de los dise\u00f1os originales de EMG y nuestra pastilla de bajo m\u00e1s popular desde su introducci\u00f3n en 1979; el EMG P cubre una amplia paleta de sonidos de bajos cl\u00e1sicos y modernos. Debido a que el P utiliza imanes de cer\u00e1mica junto con bobinas cortas y en cuclillas, el tono tiene una articulaci\u00f3n brillante de gama alta, calidez y un incre\u00edble golpe de gama baja. Innumerables profesionales utilizan esta pastilla de bajos debido a su presencia natural, definici\u00f3n superior y bajo nivel de ruido. Ideal para todos los estilos de m\u00fasica en el estudio o en el escenario. Este modelo tambi\u00e9n est\u00e1 disponible con imanes de acero cer\u00e1mico para una respuesta de gama alta m\u00e1s suave. Utilizando el cableado sin soldadura de EMG, esta pastilla es f\u00e1cil de instalar en casa.<\/p>\n<p>El paquete incluye el exclusivo sistema de instalaci\u00f3n sin soldadura de EMG:<br \/>\n2 Potenci\u00f3metros de volumen<br \/>\nde 25k 1 Potenci\u00f3metro de tono de 25k<br \/>\n1 Bus de bater\u00eda<br \/>\n1 Conector de salida est\u00e9reo<br \/>\n4 Tornillos de montaje de par<br \/>\n2 Cables de captaci\u00f3n<br \/>\n2 Cables de conexi\u00f3n<br \/>\n1 Cable de salida<br \/>\n1 Cable de bater\u00eda<\/p>\n","protected":false},"featured_media":5440,"template":"","meta":{"site-sidebar-layout":"default","site-content-layout":"default","ast-site-content-layout":"default","site-content-style":"default","site-sidebar-style":"default","ast-global-header-display":"","ast-banner-title-visibility":"","ast-main-header-display":"","ast-hfb-above-header-display":"","ast-hfb-below-header-display":"","ast-hfb-mobile-header-display":"","site-post-title":"","ast-breadcrumbs-content":"","ast-featured-img":"","footer-sml-layout":"","ast-disable-related-posts":"","theme-transparent-header-meta":"default","adv-header-id-meta":"","stick-header-meta":"","header-above-stick-meta":"","header-main-stick-meta":"","header-below-stick-meta":"","astra-migrate-meta-layouts":"default","ast-page-background-enabled":"default","ast-page-background-meta":{"desktop":{"background-color":"","background-image":"","background-repeat":"repeat","background-position":"center center","background-size":"auto","background-attachment":"scroll","background-type":"","background-media":"","overlay-type":"","overlay-color":"","overlay-opacity":"","overlay-gradient":""},"tablet":{"background-color":"","background-image":"","background-repeat":"repeat","background-position":"center center","background-size":"auto","background-attachment":"scroll","background-type":"","background-media":"","overlay-type":"","overlay-color":"","overlay-opacity":"","overlay-gradient":""},"mobile":{"background-color":"","background-image":"","background-repeat":"repeat","background-position":"center center","background-size":"auto","background-attachment":"scroll","background-type":"","background-media":"","overlay-type":"","overlay-color":"","overlay-opacity":"","overlay-gradient":""}},"ast-content-background-meta":{"desktop":{"background-color":"var(--ast-global-color-5)","background-image":"","background-repeat":"repeat","background-position":"center center","background-size":"auto","background-attachment":"scroll","background-type":"","background-media":"","overlay-type":"","overlay-color":"","overlay-opacity":"","overlay-gradient":""},"tablet":{"background-color":"var(--ast-global-color-5)","background-image":"","background-repeat":"repeat","background-position":"center center","background-size":"auto","background-attachment":"scroll","background-type":"","background-media":"","overlay-type":"","overlay-color":"","overlay-opacity":"","overlay-gradient":""},"mobile":{"background-color":"var(--ast-global-color-5)","background-image":"","background-repeat":"repeat","background-position":"center center","background-size":"auto","background-attachment":"scroll","background-type":"","background-media":"","overlay-type":"","overlay-color":"","overlay-opacity":"","overlay-gradient":""}}},"product_brand":[],"product_cat":[39,187],"product_tag":[],"class_list":{"0":"post-5439","1":"product","2":"type-product","3":"status-publish","4":"has-post-thumbnail","6":"product_cat-emg","7":"product_cat-emg-bajo","8":"desktop-align-left","9":"tablet-align-left","10":"mobile-align-left","12":"first","13":"instock","14":"shipping-taxable","15":"purchasable","16":"product-type-simple"},"jetpack_sharing_enabled":true,"_links":{"self":[{"href":"https:\/\/guitarmusichall.com.mx\/shop\/wp-json\/wp\/v2\/product\/5439","targetHints":{"allow":["GET"]}}],"collection":[{"href":"https:\/\/guitarmusichall.com.mx\/shop\/wp-json\/wp\/v2\/product"}],"about":[{"href":"https:\/\/guitarmusichall.com.mx\/shop\/wp-json\/wp\/v2\/types\/product"}],"wp:featuredmedia":[{"embeddable":true,"href":"https:\/\/guitarmusichall.com.mx\/shop\/wp-json\/wp\/v2\/media\/5440"}],"wp:attachment":[{"href":"https:\/\/guitarmusichall.com.mx\/shop\/wp-json\/wp\/v2\/media?parent=5439"}],"wp:term":[{"taxonomy":"product_brand","embeddable":true,"href":"https:\/\/guitarmusichall.com.mx\/shop\/wp-json\/wp\/v2\/product_brand?post=5439"},{"taxonomy":"product_cat","embeddable":true,"href":"https:\/\/guitarmusichall.com.mx\/shop\/wp-json\/wp\/v2\/product_cat?post=5439"},{"taxonomy":"product_tag","embeddable":true,"href":"https:\/\/guitarmusichall.com.mx\/shop\/wp-json\/wp\/v2\/product_tag?post=5439"}],"curies":[{"name":"wp","href":"https:\/\/api.w.org\/{rel}","templated":true}]}}