{"id":5456,"date":"2021-07-31T19:07:48","date_gmt":"2021-07-31T19:07:48","guid":{"rendered":"https:\/\/guitarmusichall.com.mx\/shop\/?post_type=product&#038;p=5456"},"modified":"2025-08-07T23:03:14","modified_gmt":"2025-08-07T23:03:14","slug":"seymour-duncan-set-dave-mustaine","status":"publish","type":"product","link":"https:\/\/guitarmusichall.com.mx\/shop\/producto\/seymour-duncan-set-dave-mustaine\/","title":{"rendered":"SEYMOUR DUNCAN SET DAVE MUSTAINE"},"content":{"rendered":"","protected":false},"excerpt":{"rendered":"<p><strong>DESCRIPCION DEL PRODUCTO<\/strong><\/p>\n<p>Set Pastillas Seymour Duncan Dave Mustain<\/p>\n<p><strong>NUMERO DE PRODUCTO<\/strong><\/p>\n<p>11106-20-BNC<\/p>\n<p><strong>CARACTERISTICAS DEL PRODUCTO<\/strong><\/p>\n<p>Durante a\u00f1os, Dave Mustaine, el legendario l\u00edder carism\u00e1tico de Megadeth, confi\u00f3 en nuestros humbuckers pasivos JB y Jazz para grabar algunos de los riffs m\u00e1s influyentes en la historia del Metal. Pero como la mayor\u00eda de los jugadores extremos, eventualmente solo quieres m\u00e1s. Trabajamos con Dave para expresar un conjunto de pastillas humbucker activas de alto rendimiento que brindan el car\u00e1cter tonal distintivo del combo JB \/ Jazz, pero con ferocidad y ganancia adicionales.<\/p>\n<p>El Set Dave Mustaine LiveWire es perfecto para los m\u00fasicos que quieren probar pastillas activas sin desviarse dr\u00e1sticamente del tono de las pastillas pasivas a las que se han acostumbrado. El suave crujido de rango medio superior del JB y la calidez articulada y la claridad del m\u00e1stil de Jazz permanecen intactos, mientras que el preamplificador activo afinado personalizado brinda la mayor salida y sensibilidad t\u00e1ctil que solo una pastilla activa puede proporcionar.<\/p>\n<p>Una apariencia \u00fanica de humbucker pasiva cubierta en relieve con la firma de Dave es tambi\u00e9n garantiza que se ver\u00e1n y sonar\u00e1n geniales en cualquier guitarra. Incluimos ollas, hardware de montaje, condensadores (las pastillas activas requieren un valor de tapa especial), clip de bater\u00eda, conector de salida est\u00e9reo y el cable necesario para instalar estas pastillas humbucker de alto rendimiento.<\/p>\n","protected":false},"featured_media":5457,"template":"","meta":{"site-sidebar-layout":"default","site-content-layout":"default","ast-site-content-layout":"default","site-content-style":"default","site-sidebar-style":"default","ast-global-header-display":"","ast-banner-title-visibility":"","ast-main-header-display":"","ast-hfb-above-header-display":"","ast-hfb-below-header-display":"","ast-hfb-mobile-header-display":"","site-post-title":"","ast-breadcrumbs-content":"","ast-featured-img":"","footer-sml-layout":"","ast-disable-related-posts":"","theme-transparent-header-meta":"default","adv-header-id-meta":"","stick-header-meta":"","header-above-stick-meta":"","header-main-stick-meta":"","header-below-stick-meta":"","astra-migrate-meta-layouts":"default","ast-page-background-enabled":"default","ast-page-background-meta":{"desktop":{"background-color":"","background-image":"","background-repeat":"repeat","background-position":"center center","background-size":"auto","background-attachment":"scroll","background-type":"","background-media":"","overlay-type":"","overlay-color":"","overlay-opacity":"","overlay-gradient":""},"tablet":{"background-color":"","background-image":"","background-repeat":"repeat","background-position":"center center","background-size":"auto","background-attachment":"scroll","background-type":"","background-media":"","overlay-type":"","overlay-color":"","overlay-opacity":"","overlay-gradient":""},"mobile":{"background-color":"","background-image":"","background-repeat":"repeat","background-position":"center center","background-size":"auto","background-attachment":"scroll","background-type":"","background-media":"","overlay-type":"","overlay-color":"","overlay-opacity":"","overlay-gradient":""}},"ast-content-background-meta":{"desktop":{"background-color":"var(--ast-global-color-5)","background-image":"","background-repeat":"repeat","background-position":"center center","background-size":"auto","background-attachment":"scroll","background-type":"","background-media":"","overlay-type":"","overlay-color":"","overlay-opacity":"","overlay-gradient":""},"tablet":{"background-color":"var(--ast-global-color-5)","background-image":"","background-repeat":"repeat","background-position":"center center","background-size":"auto","background-attachment":"scroll","background-type":"","background-media":"","overlay-type":"","overlay-color":"","overlay-opacity":"","overlay-gradient":""},"mobile":{"background-color":"var(--ast-global-color-5)","background-image":"","background-repeat":"repeat","background-position":"center center","background-size":"auto","background-attachment":"scroll","background-type":"","background-media":"","overlay-type":"","overlay-color":"","overlay-opacity":"","overlay-gradient":""}}},"product_brand":[],"product_cat":[45,189],"product_tag":[],"class_list":{"0":"post-5456","1":"product","2":"type-product","3":"status-publish","4":"has-post-thumbnail","6":"product_cat-seymour-duncan","7":"product_cat-seymour-duncan-electrica","8":"desktop-align-left","9":"tablet-align-left","10":"mobile-align-left","12":"first","13":"instock","14":"shipping-taxable","15":"purchasable","16":"product-type-simple"},"jetpack_sharing_enabled":true,"_links":{"self":[{"href":"https:\/\/guitarmusichall.com.mx\/shop\/wp-json\/wp\/v2\/product\/5456","targetHints":{"allow":["GET"]}}],"collection":[{"href":"https:\/\/guitarmusichall.com.mx\/shop\/wp-json\/wp\/v2\/product"}],"about":[{"href":"https:\/\/guitarmusichall.com.mx\/shop\/wp-json\/wp\/v2\/types\/product"}],"wp:featuredmedia":[{"embeddable":true,"href":"https:\/\/guitarmusichall.com.mx\/shop\/wp-json\/wp\/v2\/media\/5457"}],"wp:attachment":[{"href":"https:\/\/guitarmusichall.com.mx\/shop\/wp-json\/wp\/v2\/media?parent=5456"}],"wp:term":[{"taxonomy":"product_brand","embeddable":true,"href":"https:\/\/guitarmusichall.com.mx\/shop\/wp-json\/wp\/v2\/product_brand?post=5456"},{"taxonomy":"product_cat","embeddable":true,"href":"https:\/\/guitarmusichall.com.mx\/shop\/wp-json\/wp\/v2\/product_cat?post=5456"},{"taxonomy":"product_tag","embeddable":true,"href":"https:\/\/guitarmusichall.com.mx\/shop\/wp-json\/wp\/v2\/product_tag?post=5456"}],"curies":[{"name":"wp","href":"https:\/\/api.w.org\/{rel}","templated":true}]}}