{"id":5540,"date":"2021-08-12T20:50:35","date_gmt":"2021-08-12T20:50:35","guid":{"rendered":"https:\/\/guitarmusichall.com.mx\/shop\/?post_type=product&#038;p=5540"},"modified":"2025-08-07T23:11:57","modified_gmt":"2025-08-07T23:11:57","slug":"slash-aph-2n-al-ii-pro-neck","status":"publish","type":"product","link":"https:\/\/guitarmusichall.com.mx\/shop\/producto\/slash-aph-2n-al-ii-pro-neck\/","title":{"rendered":"SLASH APH-2N AL II PRO NECK"},"content":{"rendered":"","protected":false},"excerpt":{"rendered":"<p><strong>DESCRIPCION DEL PRODUCTO<\/strong><\/p>\n<p>Pastilla Seymour Duncan Slash APH-2n Al II Pro Neck<\/p>\n<p><strong>NUMERO DE PRODUCTO<\/strong><\/p>\n<p>11104-06-B<\/p>\n<p><strong>CARACTERISTICAS DEL PRODUCTO<\/strong><\/p>\n<p>Cuando a Slash se le dio el honor de tener un modelo Gibson Les Paul Signature construido, enviamos los mismos humbuckers Alnico 2 Pro que ha usado durante d\u00e9cadas. Resulta que las nuevas guitarras sonaban notablemente diferentes a las originales. Entonces, aceptamos el desaf\u00edo de hacerle una nueva pastilla que har\u00eda que todas sus nuevas guitarras de firma sonaran como la AFD Les Paul original. El resultado es la humbucker Slash Signature Model.<\/p>\n<p>Usamos un cable magn\u00e9tico diferente y una especificaci\u00f3n de bobinado que, cuando se combinaban con el im\u00e1n de barra de alnico 2, proporcionaban exactamente lo que se necesitaba para empujar una Les Paul original hacia ese sustain, crunch y rango medio familiar que era tan caracter\u00edstico del tono del original de Slash. Copia de Derrig Les Paul. Los humbuckers Slash est\u00e1n construidos a mano en Santa B\u00e1rbara de la misma manera que construimos sus originales en los a\u00f1os 80, con una placa inferior de n\u00edquel plateado con patas de montaje largas, cable trenzado de un solo conductor, espaciador de arce, cinta de papel y revestimiento de cera.<\/p>\n","protected":false},"featured_media":5542,"template":"","meta":{"site-sidebar-layout":"default","site-content-layout":"default","ast-site-content-layout":"default","site-content-style":"default","site-sidebar-style":"default","ast-global-header-display":"","ast-banner-title-visibility":"","ast-main-header-display":"","ast-hfb-above-header-display":"","ast-hfb-below-header-display":"","ast-hfb-mobile-header-display":"","site-post-title":"","ast-breadcrumbs-content":"","ast-featured-img":"","footer-sml-layout":"","ast-disable-related-posts":"","theme-transparent-header-meta":"default","adv-header-id-meta":"","stick-header-meta":"","header-above-stick-meta":"","header-main-stick-meta":"","header-below-stick-meta":"","astra-migrate-meta-layouts":"default","ast-page-background-enabled":"default","ast-page-background-meta":{"desktop":{"background-color":"","background-image":"","background-repeat":"repeat","background-position":"center center","background-size":"auto","background-attachment":"scroll","background-type":"","background-media":"","overlay-type":"","overlay-color":"","overlay-opacity":"","overlay-gradient":""},"tablet":{"background-color":"","background-image":"","background-repeat":"repeat","background-position":"center center","background-size":"auto","background-attachment":"scroll","background-type":"","background-media":"","overlay-type":"","overlay-color":"","overlay-opacity":"","overlay-gradient":""},"mobile":{"background-color":"","background-image":"","background-repeat":"repeat","background-position":"center center","background-size":"auto","background-attachment":"scroll","background-type":"","background-media":"","overlay-type":"","overlay-color":"","overlay-opacity":"","overlay-gradient":""}},"ast-content-background-meta":{"desktop":{"background-color":"var(--ast-global-color-5)","background-image":"","background-repeat":"repeat","background-position":"center center","background-size":"auto","background-attachment":"scroll","background-type":"","background-media":"","overlay-type":"","overlay-color":"","overlay-opacity":"","overlay-gradient":""},"tablet":{"background-color":"var(--ast-global-color-5)","background-image":"","background-repeat":"repeat","background-position":"center center","background-size":"auto","background-attachment":"scroll","background-type":"","background-media":"","overlay-type":"","overlay-color":"","overlay-opacity":"","overlay-gradient":""},"mobile":{"background-color":"var(--ast-global-color-5)","background-image":"","background-repeat":"repeat","background-position":"center center","background-size":"auto","background-attachment":"scroll","background-type":"","background-media":"","overlay-type":"","overlay-color":"","overlay-opacity":"","overlay-gradient":""}}},"product_brand":[],"product_cat":[45,189],"product_tag":[],"class_list":{"0":"post-5540","1":"product","2":"type-product","3":"status-publish","4":"has-post-thumbnail","6":"product_cat-seymour-duncan","7":"product_cat-seymour-duncan-electrica","8":"desktop-align-left","9":"tablet-align-left","10":"mobile-align-left","12":"first","13":"instock","14":"shipping-taxable","15":"purchasable","16":"product-type-simple"},"jetpack_sharing_enabled":true,"_links":{"self":[{"href":"https:\/\/guitarmusichall.com.mx\/shop\/wp-json\/wp\/v2\/product\/5540","targetHints":{"allow":["GET"]}}],"collection":[{"href":"https:\/\/guitarmusichall.com.mx\/shop\/wp-json\/wp\/v2\/product"}],"about":[{"href":"https:\/\/guitarmusichall.com.mx\/shop\/wp-json\/wp\/v2\/types\/product"}],"wp:featuredmedia":[{"embeddable":true,"href":"https:\/\/guitarmusichall.com.mx\/shop\/wp-json\/wp\/v2\/media\/5542"}],"wp:attachment":[{"href":"https:\/\/guitarmusichall.com.mx\/shop\/wp-json\/wp\/v2\/media?parent=5540"}],"wp:term":[{"taxonomy":"product_brand","embeddable":true,"href":"https:\/\/guitarmusichall.com.mx\/shop\/wp-json\/wp\/v2\/product_brand?post=5540"},{"taxonomy":"product_cat","embeddable":true,"href":"https:\/\/guitarmusichall.com.mx\/shop\/wp-json\/wp\/v2\/product_cat?post=5540"},{"taxonomy":"product_tag","embeddable":true,"href":"https:\/\/guitarmusichall.com.mx\/shop\/wp-json\/wp\/v2\/product_tag?post=5540"}],"curies":[{"name":"wp","href":"https:\/\/api.w.org\/{rel}","templated":true}]}}