{"id":5847,"date":"2021-11-10T23:09:34","date_gmt":"2021-11-10T23:09:34","guid":{"rendered":"https:\/\/guitarmusichall.com.mx\/shop\/?post_type=product&#038;p=5847"},"modified":"2025-08-07T23:36:34","modified_gmt":"2025-08-07T23:36:34","slug":"lipstick-tube-strat-bridge","status":"publish","type":"product","link":"https:\/\/guitarmusichall.com.mx\/shop\/producto\/lipstick-tube-strat-bridge\/","title":{"rendered":"LIPSTICK TUBE STRAT BRIDGE"},"content":{"rendered":"","protected":false},"excerpt":{"rendered":"<p><strong>DESCRIPCION DEL PRODUCTO<\/strong><\/p>\n<p>Pastilla Seymour Duncan Lipstick Tube Strat SLS-1B Bridge<\/p>\n<p><strong>NUMERO DE PRODUCTO<\/strong><\/p>\n<p>11302-25<\/p>\n<p><strong>CARACTERISTICAS DEL PRODUCTO<\/strong><\/p>\n<p>El Lipstick Tube para Stratocaster utiliza los mismos materiales y construcci\u00f3n que nuestro reemplazo de Danelectro, pero est\u00e1 modificado para ser un complemento para cualquier ranura Stratocaster de tama\u00f1o est\u00e1ndar. Lo que obtienes es una combinaci\u00f3n \u00fanica de rebote de Stratocaster y nitidez de Dano. El tono es n\u00edtido y tintineante y es ideal para todo tipo de ritmos de tonos limpios. Los protagonistas tienen una ruptura gru\u00f1ona cuando est\u00e1n saturados y est\u00e1n llenos de brillantez arenosa. La pastilla de la posici\u00f3n media tiene bobinado inverso, polaridad inversa, lo que le dar\u00e1 una operaci\u00f3n de cancelaci\u00f3n de zumbidos cuando se combina con las pastillas del m\u00e1stil o del puente en las posiciones 2 y 4.<\/p>\n<p>Construido a mano en Santa B\u00e1rbara, CA, el Lipstick Tube utiliza un im\u00e1n de barra Alnico 5 y una cubierta Lipstick Tube estilo Danelectro de aspecto cl\u00e1sico que se ha reducido ligeramente en tama\u00f1o para adaptarse a una ranura Strat. Tambi\u00e9n hemos modificado el soporte de montaje para que se monte como cualquier otra camioneta Stratocaster. Viene con cable conductor blindado de 2 conductores y est\u00e1 encapsulado en cera al vac\u00edo para un funcionamiento sin chirridos.<\/p>\n","protected":false},"featured_media":5848,"template":"","meta":{"site-sidebar-layout":"default","site-content-layout":"default","ast-site-content-layout":"default","site-content-style":"default","site-sidebar-style":"default","ast-global-header-display":"","ast-banner-title-visibility":"","ast-main-header-display":"","ast-hfb-above-header-display":"","ast-hfb-below-header-display":"","ast-hfb-mobile-header-display":"","site-post-title":"","ast-breadcrumbs-content":"","ast-featured-img":"","footer-sml-layout":"","ast-disable-related-posts":"","theme-transparent-header-meta":"default","adv-header-id-meta":"","stick-header-meta":"","header-above-stick-meta":"","header-main-stick-meta":"","header-below-stick-meta":"","astra-migrate-meta-layouts":"default","ast-page-background-enabled":"default","ast-page-background-meta":{"desktop":{"background-color":"","background-image":"","background-repeat":"repeat","background-position":"center center","background-size":"auto","background-attachment":"scroll","background-type":"","background-media":"","overlay-type":"","overlay-color":"","overlay-opacity":"","overlay-gradient":""},"tablet":{"background-color":"","background-image":"","background-repeat":"repeat","background-position":"center center","background-size":"auto","background-attachment":"scroll","background-type":"","background-media":"","overlay-type":"","overlay-color":"","overlay-opacity":"","overlay-gradient":""},"mobile":{"background-color":"","background-image":"","background-repeat":"repeat","background-position":"center center","background-size":"auto","background-attachment":"scroll","background-type":"","background-media":"","overlay-type":"","overlay-color":"","overlay-opacity":"","overlay-gradient":""}},"ast-content-background-meta":{"desktop":{"background-color":"var(--ast-global-color-5)","background-image":"","background-repeat":"repeat","background-position":"center center","background-size":"auto","background-attachment":"scroll","background-type":"","background-media":"","overlay-type":"","overlay-color":"","overlay-opacity":"","overlay-gradient":""},"tablet":{"background-color":"var(--ast-global-color-5)","background-image":"","background-repeat":"repeat","background-position":"center center","background-size":"auto","background-attachment":"scroll","background-type":"","background-media":"","overlay-type":"","overlay-color":"","overlay-opacity":"","overlay-gradient":""},"mobile":{"background-color":"var(--ast-global-color-5)","background-image":"","background-repeat":"repeat","background-position":"center center","background-size":"auto","background-attachment":"scroll","background-type":"","background-media":"","overlay-type":"","overlay-color":"","overlay-opacity":"","overlay-gradient":""}}},"product_brand":[],"product_cat":[45,189],"product_tag":[],"class_list":{"0":"post-5847","1":"product","2":"type-product","3":"status-publish","4":"has-post-thumbnail","6":"product_cat-seymour-duncan","7":"product_cat-seymour-duncan-electrica","8":"desktop-align-left","9":"tablet-align-left","10":"mobile-align-left","12":"first","13":"instock","14":"shipping-taxable","15":"purchasable","16":"product-type-simple"},"jetpack_sharing_enabled":true,"_links":{"self":[{"href":"https:\/\/guitarmusichall.com.mx\/shop\/wp-json\/wp\/v2\/product\/5847","targetHints":{"allow":["GET"]}}],"collection":[{"href":"https:\/\/guitarmusichall.com.mx\/shop\/wp-json\/wp\/v2\/product"}],"about":[{"href":"https:\/\/guitarmusichall.com.mx\/shop\/wp-json\/wp\/v2\/types\/product"}],"wp:featuredmedia":[{"embeddable":true,"href":"https:\/\/guitarmusichall.com.mx\/shop\/wp-json\/wp\/v2\/media\/5848"}],"wp:attachment":[{"href":"https:\/\/guitarmusichall.com.mx\/shop\/wp-json\/wp\/v2\/media?parent=5847"}],"wp:term":[{"taxonomy":"product_brand","embeddable":true,"href":"https:\/\/guitarmusichall.com.mx\/shop\/wp-json\/wp\/v2\/product_brand?post=5847"},{"taxonomy":"product_cat","embeddable":true,"href":"https:\/\/guitarmusichall.com.mx\/shop\/wp-json\/wp\/v2\/product_cat?post=5847"},{"taxonomy":"product_tag","embeddable":true,"href":"https:\/\/guitarmusichall.com.mx\/shop\/wp-json\/wp\/v2\/product_tag?post=5847"}],"curies":[{"name":"wp","href":"https:\/\/api.w.org\/{rel}","templated":true}]}}