{"id":5857,"date":"2021-11-11T20:37:35","date_gmt":"2021-11-11T20:37:35","guid":{"rendered":"https:\/\/guitarmusichall.com.mx\/shop\/?post_type=product&#038;p=5857"},"modified":"2025-08-07T23:40:04","modified_gmt":"2025-08-07T23:40:04","slug":"hot-stack-strat-black-bridge","status":"publish","type":"product","link":"https:\/\/guitarmusichall.com.mx\/shop\/producto\/hot-stack-strat-black-bridge\/","title":{"rendered":"HOT STACK STRAT BLACK BRIDGE"},"content":{"rendered":"","protected":false},"excerpt":{"rendered":"<p><strong>DESCRIPCION DEL PRODUCTO<\/strong><\/p>\n<p>Pastilla Seymour Duncan Hot Strat STK-S2B Black Bridge<\/p>\n<p><strong>NUMERO DE PRODUCTO<\/strong><\/p>\n<p>11203-03-BC<\/p>\n<p><strong>CARACTERISTICAS DEL PRODUCTO<\/strong><\/p>\n<p>Cuando su guitarra tiene una pastilla Hot Stack Strat, la poderosa barra magn\u00e9tica de cer\u00e1mica rodeada por dos bobinas apiladas env\u00eda m\u00e1s corriente a su amplificador, por lo que obtiene m\u00e1s rango medio y un ataque m\u00e1s fuerte que el que puede ofrecer una pastilla Stratocaster est\u00e1ndar. Nuestro Hot Stack Strat sobrebobinado utiliza una cuchilla en lugar de imanes de varilla para proporcionar un equilibrio de cuerda uniforme, sin cortes al doblar y un tono reforzado sin ninguno de los zumbidos tradicionales de una sola bobina.<\/p>\n<p>La construcci\u00f3n de la hoja y el dise\u00f1o Stack patentado que elimina el zumbido y el ruido son perfectos para agregar un toque vintage a su guitarra original. Esta pastilla ser\u00eda una gran mejora para cualquier Stratocaster, ya sea en la posici\u00f3n del puente o del m\u00e1stil, pero recuerde esto: La Hot Stack Strat es la pastilla central de referencia en Teles modificados para innumerables ases de sesiones de Nashville. \u00bfQuiere llevar su Stratocaster, o su Tele, al siguiente nivel? Busque en una Stratocaster Hot Stack.<\/p>\n<p>Construida a mano en Santa B\u00e1rbara, CA, la pastilla Strat silenciosa Hot Stack Strat utiliza un im\u00e1n de barra de cer\u00e1mica, un cable conductor de 4 conductores y est\u00e1 recubierto de cera para un funcionamiento sin chirridos.<\/p>\n<p>&nbsp;<\/p>\n","protected":false},"featured_media":5858,"template":"","meta":{"site-sidebar-layout":"default","site-content-layout":"default","ast-site-content-layout":"default","site-content-style":"default","site-sidebar-style":"default","ast-global-header-display":"","ast-banner-title-visibility":"","ast-main-header-display":"","ast-hfb-above-header-display":"","ast-hfb-below-header-display":"","ast-hfb-mobile-header-display":"","site-post-title":"","ast-breadcrumbs-content":"","ast-featured-img":"","footer-sml-layout":"","ast-disable-related-posts":"","theme-transparent-header-meta":"default","adv-header-id-meta":"","stick-header-meta":"","header-above-stick-meta":"","header-main-stick-meta":"","header-below-stick-meta":"","astra-migrate-meta-layouts":"default","ast-page-background-enabled":"default","ast-page-background-meta":{"desktop":{"background-color":"","background-image":"","background-repeat":"repeat","background-position":"center center","background-size":"auto","background-attachment":"scroll","background-type":"","background-media":"","overlay-type":"","overlay-color":"","overlay-opacity":"","overlay-gradient":""},"tablet":{"background-color":"","background-image":"","background-repeat":"repeat","background-position":"center center","background-size":"auto","background-attachment":"scroll","background-type":"","background-media":"","overlay-type":"","overlay-color":"","overlay-opacity":"","overlay-gradient":""},"mobile":{"background-color":"","background-image":"","background-repeat":"repeat","background-position":"center center","background-size":"auto","background-attachment":"scroll","background-type":"","background-media":"","overlay-type":"","overlay-color":"","overlay-opacity":"","overlay-gradient":""}},"ast-content-background-meta":{"desktop":{"background-color":"var(--ast-global-color-5)","background-image":"","background-repeat":"repeat","background-position":"center center","background-size":"auto","background-attachment":"scroll","background-type":"","background-media":"","overlay-type":"","overlay-color":"","overlay-opacity":"","overlay-gradient":""},"tablet":{"background-color":"var(--ast-global-color-5)","background-image":"","background-repeat":"repeat","background-position":"center center","background-size":"auto","background-attachment":"scroll","background-type":"","background-media":"","overlay-type":"","overlay-color":"","overlay-opacity":"","overlay-gradient":""},"mobile":{"background-color":"var(--ast-global-color-5)","background-image":"","background-repeat":"repeat","background-position":"center center","background-size":"auto","background-attachment":"scroll","background-type":"","background-media":"","overlay-type":"","overlay-color":"","overlay-opacity":"","overlay-gradient":""}}},"product_brand":[],"product_cat":[45,189],"product_tag":[],"class_list":{"0":"post-5857","1":"product","2":"type-product","3":"status-publish","4":"has-post-thumbnail","6":"product_cat-seymour-duncan","7":"product_cat-seymour-duncan-electrica","8":"desktop-align-left","9":"tablet-align-left","10":"mobile-align-left","12":"first","13":"instock","14":"shipping-taxable","15":"purchasable","16":"product-type-simple"},"jetpack_sharing_enabled":true,"_links":{"self":[{"href":"https:\/\/guitarmusichall.com.mx\/shop\/wp-json\/wp\/v2\/product\/5857","targetHints":{"allow":["GET"]}}],"collection":[{"href":"https:\/\/guitarmusichall.com.mx\/shop\/wp-json\/wp\/v2\/product"}],"about":[{"href":"https:\/\/guitarmusichall.com.mx\/shop\/wp-json\/wp\/v2\/types\/product"}],"wp:featuredmedia":[{"embeddable":true,"href":"https:\/\/guitarmusichall.com.mx\/shop\/wp-json\/wp\/v2\/media\/5858"}],"wp:attachment":[{"href":"https:\/\/guitarmusichall.com.mx\/shop\/wp-json\/wp\/v2\/media?parent=5857"}],"wp:term":[{"taxonomy":"product_brand","embeddable":true,"href":"https:\/\/guitarmusichall.com.mx\/shop\/wp-json\/wp\/v2\/product_brand?post=5857"},{"taxonomy":"product_cat","embeddable":true,"href":"https:\/\/guitarmusichall.com.mx\/shop\/wp-json\/wp\/v2\/product_cat?post=5857"},{"taxonomy":"product_tag","embeddable":true,"href":"https:\/\/guitarmusichall.com.mx\/shop\/wp-json\/wp\/v2\/product_tag?post=5857"}],"curies":[{"name":"wp","href":"https:\/\/api.w.org\/{rel}","templated":true}]}}