{"id":5939,"date":"2021-11-17T23:08:17","date_gmt":"2021-11-17T23:08:17","guid":{"rendered":"https:\/\/guitarmusichall.com.mx\/shop\/?post_type=product&#038;p=5939"},"modified":"2025-08-07T21:26:33","modified_gmt":"2025-08-07T21:26:33","slug":"acoustic-tube-sa-1","status":"publish","type":"product","link":"https:\/\/guitarmusichall.com.mx\/shop\/producto\/acoustic-tube-sa-1\/","title":{"rendered":"ACOUSTIC TUBE SA-1"},"content":{"rendered":"","protected":false},"excerpt":{"rendered":"<p><strong>DESCRIPCION DEL PRODUCTO<\/strong><\/p>\n<p>Pastilla Seymour Duncan Acoustic Tube SA-1<\/p>\n<p><strong>NUMERO DE PRODUCTO<\/strong><\/p>\n<p>11500-01<\/p>\n<p><strong>CARACTERISTICAS DEL PRODUCTO<\/strong><\/p>\n<p>LA Acoustic Tube SA-1 es una simple pastilla magn\u00e9tica pasiva basada en la tecnolog\u00eda Stack\u00ae con cancelaci\u00f3n de zumbidos que se encuentra en muchas de nuestras pastillas de bobina simple para guitarra el\u00e9ctrica. Est\u00e1 alojado en una carcasa estilo l\u00e1piz labial con soportes de montaje flexibles a cada lado que se ajustan a cualquier guitarra ac\u00fastica convencional con una boca entre 3,85 \u00aby 4,10\u00bb, desde sal\u00f3n y auditorio hasta jumbo y dreadnought. Y puede salir con la misma facilidad si desea devolver su guitarra a su estado original o utilizar el SA-1 en una guitarra diferente.<\/p>\n<p>Hay un control de volumen montado en un extremo del gabinete, y la conexi\u00f3n a su amplificador, PA, caja directa o consola se realiza conectando cualquier cable de guitarra est\u00e1ndar en el conector de salida hembra de 1\/4 \u2033.<\/p>\n<p>Debido a que el SA-1 es magn\u00e9tico, interact\u00faa con las caracter\u00edsticas vibratorias de su guitarra de la misma manera que lo hacen las pastillas magn\u00e9ticas normales para guitarras el\u00e9ctricas, con mucha calidez y detalle. Y es completamente pasivo, por lo que no se requieren bater\u00edas.<\/p>\n<p>&nbsp;<\/p>\n","protected":false},"featured_media":5940,"template":"","meta":{"site-sidebar-layout":"default","site-content-layout":"default","ast-site-content-layout":"default","site-content-style":"default","site-sidebar-style":"default","ast-global-header-display":"","ast-banner-title-visibility":"","ast-main-header-display":"","ast-hfb-above-header-display":"","ast-hfb-below-header-display":"","ast-hfb-mobile-header-display":"","site-post-title":"","ast-breadcrumbs-content":"","ast-featured-img":"","footer-sml-layout":"","ast-disable-related-posts":"","theme-transparent-header-meta":"default","adv-header-id-meta":"","stick-header-meta":"","header-above-stick-meta":"","header-main-stick-meta":"","header-below-stick-meta":"","astra-migrate-meta-layouts":"default","ast-page-background-enabled":"default","ast-page-background-meta":{"desktop":{"background-color":"","background-image":"","background-repeat":"repeat","background-position":"center center","background-size":"auto","background-attachment":"scroll","background-type":"","background-media":"","overlay-type":"","overlay-color":"","overlay-opacity":"","overlay-gradient":""},"tablet":{"background-color":"","background-image":"","background-repeat":"repeat","background-position":"center center","background-size":"auto","background-attachment":"scroll","background-type":"","background-media":"","overlay-type":"","overlay-color":"","overlay-opacity":"","overlay-gradient":""},"mobile":{"background-color":"","background-image":"","background-repeat":"repeat","background-position":"center center","background-size":"auto","background-attachment":"scroll","background-type":"","background-media":"","overlay-type":"","overlay-color":"","overlay-opacity":"","overlay-gradient":""}},"ast-content-background-meta":{"desktop":{"background-color":"var(--ast-global-color-5)","background-image":"","background-repeat":"repeat","background-position":"center center","background-size":"auto","background-attachment":"scroll","background-type":"","background-media":"","overlay-type":"","overlay-color":"","overlay-opacity":"","overlay-gradient":""},"tablet":{"background-color":"var(--ast-global-color-5)","background-image":"","background-repeat":"repeat","background-position":"center center","background-size":"auto","background-attachment":"scroll","background-type":"","background-media":"","overlay-type":"","overlay-color":"","overlay-opacity":"","overlay-gradient":""},"mobile":{"background-color":"var(--ast-global-color-5)","background-image":"","background-repeat":"repeat","background-position":"center center","background-size":"auto","background-attachment":"scroll","background-type":"","background-media":"","overlay-type":"","overlay-color":"","overlay-opacity":"","overlay-gradient":""}}},"product_brand":[],"product_cat":[45,194],"product_tag":[],"class_list":{"0":"post-5939","1":"product","2":"type-product","3":"status-publish","4":"has-post-thumbnail","6":"product_cat-seymour-duncan","7":"product_cat-seymour-duncan-acustica","8":"desktop-align-left","9":"tablet-align-left","10":"mobile-align-left","12":"first","13":"instock","14":"shipping-taxable","15":"purchasable","16":"product-type-simple"},"jetpack_sharing_enabled":true,"_links":{"self":[{"href":"https:\/\/guitarmusichall.com.mx\/shop\/wp-json\/wp\/v2\/product\/5939","targetHints":{"allow":["GET"]}}],"collection":[{"href":"https:\/\/guitarmusichall.com.mx\/shop\/wp-json\/wp\/v2\/product"}],"about":[{"href":"https:\/\/guitarmusichall.com.mx\/shop\/wp-json\/wp\/v2\/types\/product"}],"wp:featuredmedia":[{"embeddable":true,"href":"https:\/\/guitarmusichall.com.mx\/shop\/wp-json\/wp\/v2\/media\/5940"}],"wp:attachment":[{"href":"https:\/\/guitarmusichall.com.mx\/shop\/wp-json\/wp\/v2\/media?parent=5939"}],"wp:term":[{"taxonomy":"product_brand","embeddable":true,"href":"https:\/\/guitarmusichall.com.mx\/shop\/wp-json\/wp\/v2\/product_brand?post=5939"},{"taxonomy":"product_cat","embeddable":true,"href":"https:\/\/guitarmusichall.com.mx\/shop\/wp-json\/wp\/v2\/product_cat?post=5939"},{"taxonomy":"product_tag","embeddable":true,"href":"https:\/\/guitarmusichall.com.mx\/shop\/wp-json\/wp\/v2\/product_tag?post=5939"}],"curies":[{"name":"wp","href":"https:\/\/api.w.org\/{rel}","templated":true}]}}