{"id":5941,"date":"2021-11-18T00:05:16","date_gmt":"2021-11-18T00:05:16","guid":{"rendered":"https:\/\/guitarmusichall.com.mx\/shop\/?post_type=product&#038;p=5941"},"modified":"2025-06-07T00:18:56","modified_gmt":"2025-06-07T00:18:56","slug":"fender-acoustic-junior","status":"publish","type":"product","link":"https:\/\/guitarmusichall.com.mx\/shop\/producto\/fender-acoustic-junior\/","title":{"rendered":"FENDER ACOUSTIC JUNIOR"},"content":{"rendered":"","protected":false},"excerpt":{"rendered":"<p><strong>DESCRIPCION DEL PRODUCTO<\/strong><\/p>\n<p>Amplificador Fender P\/Guitarra Electroac\u00fastica Acoustic Junior<\/p>\n<p><strong>NUMERO DE PRODUCTO<\/strong><\/p>\n<p>2314300000<\/p>\n<p><strong>CARACTERISTICAS DEL PRODUCTO<\/strong><\/p>\n<p>&#8211; El amplificador Acoustic Junior ofrece un rendimiento completo, natural y el mejor de su clase para guitarra ac\u00fastico-el\u00e9ctrica y voces. Este potente sistema port\u00e1til tiene dos canales dise\u00f1ados para uso de instrumentos o micr\u00f3fonos, cada uno con efectos con calidad de estudio. Otras caracter\u00edsticas convenientes incluyen transmisi\u00f3n de audio inal\u00e1mbrica Bluetooth, un looper integrado de 90 segundos perfecto para shows en solitario y m\u00e1s.<\/p>\n<p>Bluetooth\u00ae y USB<br \/>\nPanel de control: Canales 1 y 2: Volumen, EQ bajo, EQ medio, EQ alto, Nivel de efectos, Selecci\u00f3n de efectos, Interruptor de fase (controles separados para cada canal); Controles de Looper: Rec \/ Dub, Play \/ Stop, Undo; Bot\u00f3n de emparejamiento de Bluetooth\u00ae<br \/>\nEfectos: Cada canal tiene reverberaci\u00f3n de sala, reverberaci\u00f3n de sala, eco, retardo, coro, vibratone, retardo + coro y retardo + reverberaci\u00f3n<br \/>\nEntradas: Dos (2) combinaciones XLR balanceadas de 1\/4 \u00bb<br \/>\nProducci\u00f3n: Dos salidas de l\u00ednea XLR seleccionables para canal 1\/2, est\u00e9reo \/ mono y Ground Lift; Una salida de auriculares est\u00e9reo de 3,5 mm; Conector USB para grabar<br \/>\nVoltaje120V<br \/>\nPotencia100 vatios.<\/p>\n","protected":false},"featured_media":5942,"template":"","meta":{"site-sidebar-layout":"default","site-content-layout":"default","ast-site-content-layout":"default","site-content-style":"default","site-sidebar-style":"default","ast-global-header-display":"","ast-banner-title-visibility":"","ast-main-header-display":"","ast-hfb-above-header-display":"","ast-hfb-below-header-display":"","ast-hfb-mobile-header-display":"","site-post-title":"","ast-breadcrumbs-content":"","ast-featured-img":"","footer-sml-layout":"","ast-disable-related-posts":"","theme-transparent-header-meta":"default","adv-header-id-meta":"","stick-header-meta":"","header-above-stick-meta":"","header-main-stick-meta":"","header-below-stick-meta":"","astra-migrate-meta-layouts":"default","ast-page-background-enabled":"default","ast-page-background-meta":{"desktop":{"background-color":"","background-image":"","background-repeat":"repeat","background-position":"center center","background-size":"auto","background-attachment":"scroll","background-type":"","background-media":"","overlay-type":"","overlay-color":"","overlay-opacity":"","overlay-gradient":""},"tablet":{"background-color":"","background-image":"","background-repeat":"repeat","background-position":"center center","background-size":"auto","background-attachment":"scroll","background-type":"","background-media":"","overlay-type":"","overlay-color":"","overlay-opacity":"","overlay-gradient":""},"mobile":{"background-color":"","background-image":"","background-repeat":"repeat","background-position":"center center","background-size":"auto","background-attachment":"scroll","background-type":"","background-media":"","overlay-type":"","overlay-color":"","overlay-opacity":"","overlay-gradient":""}},"ast-content-background-meta":{"desktop":{"background-color":"var(--ast-global-color-5)","background-image":"","background-repeat":"repeat","background-position":"center center","background-size":"auto","background-attachment":"scroll","background-type":"","background-media":"","overlay-type":"","overlay-color":"","overlay-opacity":"","overlay-gradient":""},"tablet":{"background-color":"var(--ast-global-color-5)","background-image":"","background-repeat":"repeat","background-position":"center center","background-size":"auto","background-attachment":"scroll","background-type":"","background-media":"","overlay-type":"","overlay-color":"","overlay-opacity":"","overlay-gradient":""},"mobile":{"background-color":"var(--ast-global-color-5)","background-image":"","background-repeat":"repeat","background-position":"center center","background-size":"auto","background-attachment":"scroll","background-type":"","background-media":"","overlay-type":"","overlay-color":"","overlay-opacity":"","overlay-gradient":""}}},"product_brand":[],"product_cat":[38,146],"product_tag":[],"class_list":{"0":"post-5941","1":"product","2":"type-product","3":"status-publish","4":"has-post-thumbnail","6":"product_cat-fender","7":"product_cat-guitarra-electroacustica-2","8":"product_shipping_class-producto-extra-grande","9":"desktop-align-left","10":"tablet-align-left","11":"mobile-align-left","13":"first","14":"instock","15":"shipping-taxable","16":"purchasable","17":"product-type-simple"},"jetpack_sharing_enabled":true,"_links":{"self":[{"href":"https:\/\/guitarmusichall.com.mx\/shop\/wp-json\/wp\/v2\/product\/5941","targetHints":{"allow":["GET"]}}],"collection":[{"href":"https:\/\/guitarmusichall.com.mx\/shop\/wp-json\/wp\/v2\/product"}],"about":[{"href":"https:\/\/guitarmusichall.com.mx\/shop\/wp-json\/wp\/v2\/types\/product"}],"wp:featuredmedia":[{"embeddable":true,"href":"https:\/\/guitarmusichall.com.mx\/shop\/wp-json\/wp\/v2\/media\/5942"}],"wp:attachment":[{"href":"https:\/\/guitarmusichall.com.mx\/shop\/wp-json\/wp\/v2\/media?parent=5941"}],"wp:term":[{"taxonomy":"product_brand","embeddable":true,"href":"https:\/\/guitarmusichall.com.mx\/shop\/wp-json\/wp\/v2\/product_brand?post=5941"},{"taxonomy":"product_cat","embeddable":true,"href":"https:\/\/guitarmusichall.com.mx\/shop\/wp-json\/wp\/v2\/product_cat?post=5941"},{"taxonomy":"product_tag","embeddable":true,"href":"https:\/\/guitarmusichall.com.mx\/shop\/wp-json\/wp\/v2\/product_tag?post=5941"}],"curies":[{"name":"wp","href":"https:\/\/api.w.org\/{rel}","templated":true}]}}