{"id":6002,"date":"2021-11-30T21:26:15","date_gmt":"2021-11-30T21:26:15","guid":{"rendered":"https:\/\/guitarmusichall.com.mx\/shop\/?post_type=product&#038;p=6002"},"modified":"2025-08-07T21:10:08","modified_gmt":"2025-08-07T21:10:08","slug":"dark-matter-2-f-spaced-bridge","status":"publish","type":"product","link":"https:\/\/guitarmusichall.com.mx\/shop\/producto\/dark-matter-2-f-spaced-bridge\/","title":{"rendered":"DARK MATTER 2 F-SPACED BRIDGE"},"content":{"rendered":"","protected":false},"excerpt":{"rendered":"<p><strong>DESCRIPCION DEL PRODUCTO<\/strong><\/p>\n<p>Pastilla DiMarzio Dark Matter F-Spaced Bridge<\/p>\n<p><strong>NUMERO DE PRODUCTO<\/strong><\/p>\n<p>DP268F<\/p>\n<p><strong>CARACTERISTICAS DEL PRODUCTO<\/strong><\/p>\n<p>Dark Matter 2\u00a0 representa un cambio de direcci\u00f3n para Steve Vai hacia un sonido m\u00e1s org\u00e1nico y suave con agudos m\u00e1s suaves y menos potencia bruta. El modelo de puente Dark Matter 2 tiene un enfoque muy moderno que combina claridad y calidez al tiempo que evita el barro y la estridencia. Brilla con todo, desde una limpieza impecable hasta una saturaci\u00f3n masiva.<\/p>\n<p>Las pastillas de alto rendimiento a veces pueden tener anomal\u00edas en el registro alto, lo que significa que tienen algunos bordes afilados. Si bien son definitivamente de alto rendimiento como las otras pastillas de Steve, las nuevas pastillas Dark Matter 2 est\u00e1n dise\u00f1adas con una ligera suavidad en el extremo superior.<\/p>\n<p>Los modelos de cuello y puente Dark Matter 2\u00a0 cuentan con una rejilla de recogida cortada con l\u00e1ser personalizada con patrones de engranajes entrelazados. (La pastilla intermedia Dark Matter 2\u00a0 es una bobina simple en n\u00edquel satinado).<\/p>\n<p>Las pastillas Dark Matter 2\u00a0 vienen de serie en la nueva guitarra Ibanez JEM Woody y est\u00e1n disponibles para comprar individualmente.<\/p>\n<p>La Pastilla de Puente Dark Matter 2 solo est\u00e1 disponible en espaciado F.<\/p>\n<p>* Im\u00e1n Cer\u00e1mico<\/p>\n<p>* 4 Conductor<\/p>\n<p>* Posici\u00f3n Bridge<\/p>\n","protected":false},"featured_media":6003,"template":"","meta":{"site-sidebar-layout":"default","site-content-layout":"default","ast-site-content-layout":"default","site-content-style":"default","site-sidebar-style":"default","ast-global-header-display":"","ast-banner-title-visibility":"","ast-main-header-display":"","ast-hfb-above-header-display":"","ast-hfb-below-header-display":"","ast-hfb-mobile-header-display":"","site-post-title":"","ast-breadcrumbs-content":"","ast-featured-img":"","footer-sml-layout":"","ast-disable-related-posts":"","theme-transparent-header-meta":"default","adv-header-id-meta":"","stick-header-meta":"","header-above-stick-meta":"","header-main-stick-meta":"","header-below-stick-meta":"","astra-migrate-meta-layouts":"default","ast-page-background-enabled":"default","ast-page-background-meta":{"desktop":{"background-color":"","background-image":"","background-repeat":"repeat","background-position":"center center","background-size":"auto","background-attachment":"scroll","background-type":"","background-media":"","overlay-type":"","overlay-color":"","overlay-opacity":"","overlay-gradient":""},"tablet":{"background-color":"","background-image":"","background-repeat":"repeat","background-position":"center center","background-size":"auto","background-attachment":"scroll","background-type":"","background-media":"","overlay-type":"","overlay-color":"","overlay-opacity":"","overlay-gradient":""},"mobile":{"background-color":"","background-image":"","background-repeat":"repeat","background-position":"center center","background-size":"auto","background-attachment":"scroll","background-type":"","background-media":"","overlay-type":"","overlay-color":"","overlay-opacity":"","overlay-gradient":""}},"ast-content-background-meta":{"desktop":{"background-color":"var(--ast-global-color-5)","background-image":"","background-repeat":"repeat","background-position":"center center","background-size":"auto","background-attachment":"scroll","background-type":"","background-media":"","overlay-type":"","overlay-color":"","overlay-opacity":"","overlay-gradient":""},"tablet":{"background-color":"var(--ast-global-color-5)","background-image":"","background-repeat":"repeat","background-position":"center center","background-size":"auto","background-attachment":"scroll","background-type":"","background-media":"","overlay-type":"","overlay-color":"","overlay-opacity":"","overlay-gradient":""},"mobile":{"background-color":"var(--ast-global-color-5)","background-image":"","background-repeat":"repeat","background-position":"center center","background-size":"auto","background-attachment":"scroll","background-type":"","background-media":"","overlay-type":"","overlay-color":"","overlay-opacity":"","overlay-gradient":""}}},"product_brand":[],"product_cat":[37,195],"product_tag":[],"class_list":{"0":"post-6002","1":"product","2":"type-product","3":"status-publish","4":"has-post-thumbnail","6":"product_cat-dimarzio","7":"product_cat-dimarzio-electrica","8":"desktop-align-left","9":"tablet-align-left","10":"mobile-align-left","12":"first","13":"instock","14":"shipping-taxable","15":"purchasable","16":"product-type-simple"},"jetpack_sharing_enabled":true,"_links":{"self":[{"href":"https:\/\/guitarmusichall.com.mx\/shop\/wp-json\/wp\/v2\/product\/6002","targetHints":{"allow":["GET"]}}],"collection":[{"href":"https:\/\/guitarmusichall.com.mx\/shop\/wp-json\/wp\/v2\/product"}],"about":[{"href":"https:\/\/guitarmusichall.com.mx\/shop\/wp-json\/wp\/v2\/types\/product"}],"wp:featuredmedia":[{"embeddable":true,"href":"https:\/\/guitarmusichall.com.mx\/shop\/wp-json\/wp\/v2\/media\/6003"}],"wp:attachment":[{"href":"https:\/\/guitarmusichall.com.mx\/shop\/wp-json\/wp\/v2\/media?parent=6002"}],"wp:term":[{"taxonomy":"product_brand","embeddable":true,"href":"https:\/\/guitarmusichall.com.mx\/shop\/wp-json\/wp\/v2\/product_brand?post=6002"},{"taxonomy":"product_cat","embeddable":true,"href":"https:\/\/guitarmusichall.com.mx\/shop\/wp-json\/wp\/v2\/product_cat?post=6002"},{"taxonomy":"product_tag","embeddable":true,"href":"https:\/\/guitarmusichall.com.mx\/shop\/wp-json\/wp\/v2\/product_tag?post=6002"}],"curies":[{"name":"wp","href":"https:\/\/api.w.org\/{rel}","templated":true}]}}