{"id":606,"date":"2020-08-08T20:27:35","date_gmt":"2020-08-08T20:27:35","guid":{"rendered":"https:\/\/guitarmusichall.com.mx\/shop\/?post_type=product&#038;p=606"},"modified":"2025-03-05T20:12:44","modified_gmt":"2025-03-05T20:12:44","slug":"fender-player-ii-jazzmaster-rw-blk","status":"publish","type":"product","link":"https:\/\/guitarmusichall.com.mx\/shop\/producto\/fender-player-ii-jazzmaster-rw-blk\/","title":{"rendered":"FENDER PLAYER II JAZZMASTER RW BLK"},"content":{"rendered":"","protected":false},"excerpt":{"rendered":"<p><strong>DESCRIPCI\u00d3N DEL PRODUCTO<\/strong><\/p>\n<p>Guitarra El\u00e9ctrica Fender Player II Jazzmaster Black<\/p>\n<p><strong>N\u00daMERO DEL PRODUCTO<\/strong><\/p>\n<p>0140590506<\/p>\n<p><strong>CARACTERISTICAS DEL PRODUCTO<\/strong><\/p>\n<p>Sea el centro de atenci\u00f3n y experimente el sonido y el estilo ic\u00f3nicos de Fender\u00ae con la Player II Jazzmaster\u00ae, una guitarra lista para el escenario con actualizaciones contempor\u00e1neas para potenciar su interpretaci\u00f3n e inspirar su forma de tocar.<\/p>\n<p>La Player II Jazzmaster irradia el encanto atemporal de Fender, pero bajo el cap\u00f3, est\u00e1 preparada para los m\u00fasicos de hoy. Todo en el m\u00e1stil est\u00e1 dise\u00f1ado para una ejecuci\u00f3n r\u00e1pida y fluida, desde el perfil moderno en \u00abC\u00bb con acabado de uretano satinado sedoso en la parte posterior hasta el c\u00f3modo diapas\u00f3n de palisandro de 9,5&#8243; de radio con bordes redondeados suaves y 22 trastes medium jumbo. Un cuerpo cl\u00e1sico de aliso est\u00e1 disponible tanto en acabados Fender atemporales como en colores nunca antes vistos desenterrados de los archivos. Las pastillas de bobina simple Jazzmaster de Alnico V de la serie Player ofrecen agudos cristalinos, medios musicales y graves ajustados que elevan cualquier g\u00e9nero. El interruptor de palanca de 3 posiciones le permite ajustar f\u00e1cilmente todo, desde el sonido vidrioso de la pastilla del m\u00e1stil hasta el mordisco cortante de la pastilla del puente y todos los puntos intermedios, mientras que un puente Jazzmaster de 6 selletas con tr\u00e9molo flotante, selletas Mustang mejoradas y afinadores ClassicGear garantizan una estabilidad de afinaci\u00f3n precisa para la flexibilidad de explorar infinitas posibilidades sonoras.<\/p>\n<p>Perfecto para crear tu propio sonido, el Player II Jazzmaster tiene el aspecto, el tono y la sensaci\u00f3n que s\u00f3lo un Fender ofrece.<\/p>\n<p>* Cuerpo contorneado de aliso<\/p>\n<p>* M\u00e1stil en forma de Modern \u00abC\u00bb<\/p>\n<p>* Diapas\u00f3n de palisandro con radio de 9,5&#8243; (241,3 mm) y bordes redondeados<\/p>\n<p>* Pastillas Player Series Alnico V Single-Coil Jazzmaster<\/p>\n<p>* Puente Jazzmaster con selletas Mustang y cordal de tr\u00e9molo estilo vintage \u00abflotante\u00bb<\/p>\n<p>* Clavijas ClassicGear<\/p>\n","protected":false},"featured_media":9501,"template":"","meta":{"site-sidebar-layout":"default","site-content-layout":"default","ast-site-content-layout":"default","site-content-style":"default","site-sidebar-style":"default","ast-global-header-display":"","ast-banner-title-visibility":"","ast-main-header-display":"","ast-hfb-above-header-display":"","ast-hfb-below-header-display":"","ast-hfb-mobile-header-display":"","site-post-title":"","ast-breadcrumbs-content":"","ast-featured-img":"","footer-sml-layout":"","ast-disable-related-posts":"","theme-transparent-header-meta":"default","adv-header-id-meta":"","stick-header-meta":"","header-above-stick-meta":"","header-main-stick-meta":"","header-below-stick-meta":"","astra-migrate-meta-layouts":"set","ast-page-background-enabled":"default","ast-page-background-meta":{"desktop":{"background-color":"","background-image":"","background-repeat":"repeat","background-position":"center center","background-size":"auto","background-attachment":"scroll","background-type":"","background-media":"","overlay-type":"","overlay-color":"","overlay-opacity":"","overlay-gradient":""},"tablet":{"background-color":"","background-image":"","background-repeat":"repeat","background-position":"center center","background-size":"auto","background-attachment":"scroll","background-type":"","background-media":"","overlay-type":"","overlay-color":"","overlay-opacity":"","overlay-gradient":""},"mobile":{"background-color":"","background-image":"","background-repeat":"repeat","background-position":"center center","background-size":"auto","background-attachment":"scroll","background-type":"","background-media":"","overlay-type":"","overlay-color":"","overlay-opacity":"","overlay-gradient":""}},"ast-content-background-meta":{"desktop":{"background-color":"var(--ast-global-color-5)","background-image":"","background-repeat":"repeat","background-position":"center center","background-size":"auto","background-attachment":"scroll","background-type":"","background-media":"","overlay-type":"","overlay-color":"","overlay-opacity":"","overlay-gradient":""},"tablet":{"background-color":"var(--ast-global-color-5)","background-image":"","background-repeat":"repeat","background-position":"center center","background-size":"auto","background-attachment":"scroll","background-type":"","background-media":"","overlay-type":"","overlay-color":"","overlay-opacity":"","overlay-gradient":""},"mobile":{"background-color":"var(--ast-global-color-5)","background-image":"","background-repeat":"repeat","background-position":"center center","background-size":"auto","background-attachment":"scroll","background-type":"","background-media":"","overlay-type":"","overlay-color":"","overlay-opacity":"","overlay-gradient":""}}},"product_brand":[],"product_cat":[38,18],"product_tag":[],"class_list":{"0":"post-606","1":"product","2":"type-product","3":"status-publish","4":"has-post-thumbnail","6":"product_cat-fender","7":"product_cat-guitarra-electrica","8":"product_shipping_class-producto-premium","9":"desktop-align-left","10":"tablet-align-left","11":"mobile-align-left","13":"first","14":"instock","15":"shipping-taxable","16":"purchasable","17":"product-type-simple"},"jetpack_sharing_enabled":true,"_links":{"self":[{"href":"https:\/\/guitarmusichall.com.mx\/shop\/wp-json\/wp\/v2\/product\/606","targetHints":{"allow":["GET"]}}],"collection":[{"href":"https:\/\/guitarmusichall.com.mx\/shop\/wp-json\/wp\/v2\/product"}],"about":[{"href":"https:\/\/guitarmusichall.com.mx\/shop\/wp-json\/wp\/v2\/types\/product"}],"wp:featuredmedia":[{"embeddable":true,"href":"https:\/\/guitarmusichall.com.mx\/shop\/wp-json\/wp\/v2\/media\/9501"}],"wp:attachment":[{"href":"https:\/\/guitarmusichall.com.mx\/shop\/wp-json\/wp\/v2\/media?parent=606"}],"wp:term":[{"taxonomy":"product_brand","embeddable":true,"href":"https:\/\/guitarmusichall.com.mx\/shop\/wp-json\/wp\/v2\/product_brand?post=606"},{"taxonomy":"product_cat","embeddable":true,"href":"https:\/\/guitarmusichall.com.mx\/shop\/wp-json\/wp\/v2\/product_cat?post=606"},{"taxonomy":"product_tag","embeddable":true,"href":"https:\/\/guitarmusichall.com.mx\/shop\/wp-json\/wp\/v2\/product_tag?post=606"}],"curies":[{"name":"wp","href":"https:\/\/api.w.org\/{rel}","templated":true}]}}