{"id":6122,"date":"2021-12-11T19:19:49","date_gmt":"2021-12-11T19:19:49","guid":{"rendered":"https:\/\/guitarmusichall.com.mx\/shop\/?post_type=product&#038;p=6122"},"modified":"2022-05-26T23:02:34","modified_gmt":"2022-05-26T23:02:34","slug":"fast-track-1-black","status":"publish","type":"product","link":"https:\/\/guitarmusichall.com.mx\/shop\/producto\/fast-track-1-black\/","title":{"rendered":"FAST TRACK 1 BLACK"},"content":{"rendered":"","protected":false},"excerpt":{"rendered":"<p><strong>DESCRIPCION DEL PRODUCTO<\/strong><\/p>\n<p>Pastilla DiMarzio Fast Track 1 Black Bridge<\/p>\n<p><strong>NUMERO DE PRODUCTO<\/strong><\/p>\n<p>DP181BK<\/p>\n<p><strong>CARACTERISTICAS DEL PRODUCTO<\/strong><\/p>\n<p>El Fast Track 1 es m\u00e1s caliente y m\u00e1s musculoso que el Cruiser, pero a\u00fan tiene un sonido muy brillante y limpio, en absoluto como un humbucker de tama\u00f1o completo. El campo magn\u00e9tico continuo de doble hoja crea un equilibrio de cuerda uniforme con muy poca tracci\u00f3n del im\u00e1n, lo que elimina el \u00abdesajuste\u00bb com\u00fan en los dise\u00f1os de im\u00e1n de varilla. La potencia de la pastilla Fast Track 1 (el doble de la salida de una bobina simple est\u00e1ndar) la hace muy recomendable en combinaci\u00f3n con humbuckers de tama\u00f1o medio a caliente. Tambi\u00e9n puede colocar un juego completo de pastillas Fast Track 1 en una guitarra estilo Strat o crear juegos personalizados con cualquiera de nuestros otros modelos de doble hoja.<\/p>\n<p>La Fast Track 1 tiene m\u00e1s espacio para la cabeza que una bobina simple cl\u00e1sica y funciona bien con amplificadores limpios y saturados. Para cualquier situaci\u00f3n en la que se requiera sonido de bobina simple con mayor potencia y cancelaci\u00f3n de zumbidos. Puede usarse en cualquier posici\u00f3n en una configuraci\u00f3n est\u00e1ndar de Strat. Aunque no es tan ruidoso como las pastillas de alto rendimiento, combina muy bien con todos nuestros humbuckers de tama\u00f1o completo porque tiene el rango din\u00e1mico para mantenerse al d\u00eda, especialmente con overdrive.<\/p>\n<p>* Para todas las posiciones<\/p>\n<p>* 4 Conductores<\/p>\n<p>* Im\u00e1n Cer\u00e1mico<\/p>\n<p>* Color Black<\/p>\n","protected":false},"featured_media":6123,"template":"","meta":{"site-sidebar-layout":"default","site-content-layout":"default","ast-site-content-layout":"default","site-content-style":"default","site-sidebar-style":"default","ast-global-header-display":"","ast-banner-title-visibility":"","ast-main-header-display":"","ast-hfb-above-header-display":"","ast-hfb-below-header-display":"","ast-hfb-mobile-header-display":"","site-post-title":"","ast-breadcrumbs-content":"","ast-featured-img":"","footer-sml-layout":"","ast-disable-related-posts":"","theme-transparent-header-meta":"default","adv-header-id-meta":"","stick-header-meta":"","header-above-stick-meta":"","header-main-stick-meta":"","header-below-stick-meta":"","astra-migrate-meta-layouts":"default","ast-page-background-enabled":"default","ast-page-background-meta":{"desktop":{"background-color":"","background-image":"","background-repeat":"repeat","background-position":"center center","background-size":"auto","background-attachment":"scroll","background-type":"","background-media":"","overlay-type":"","overlay-color":"","overlay-opacity":"","overlay-gradient":""},"tablet":{"background-color":"","background-image":"","background-repeat":"repeat","background-position":"center center","background-size":"auto","background-attachment":"scroll","background-type":"","background-media":"","overlay-type":"","overlay-color":"","overlay-opacity":"","overlay-gradient":""},"mobile":{"background-color":"","background-image":"","background-repeat":"repeat","background-position":"center center","background-size":"auto","background-attachment":"scroll","background-type":"","background-media":"","overlay-type":"","overlay-color":"","overlay-opacity":"","overlay-gradient":""}},"ast-content-background-meta":{"desktop":{"background-color":"var(--ast-global-color-5)","background-image":"","background-repeat":"repeat","background-position":"center center","background-size":"auto","background-attachment":"scroll","background-type":"","background-media":"","overlay-type":"","overlay-color":"","overlay-opacity":"","overlay-gradient":""},"tablet":{"background-color":"var(--ast-global-color-5)","background-image":"","background-repeat":"repeat","background-position":"center center","background-size":"auto","background-attachment":"scroll","background-type":"","background-media":"","overlay-type":"","overlay-color":"","overlay-opacity":"","overlay-gradient":""},"mobile":{"background-color":"var(--ast-global-color-5)","background-image":"","background-repeat":"repeat","background-position":"center center","background-size":"auto","background-attachment":"scroll","background-type":"","background-media":"","overlay-type":"","overlay-color":"","overlay-opacity":"","overlay-gradient":""}}},"product_brand":[],"product_cat":[37,195],"product_tag":[],"class_list":{"0":"post-6122","1":"product","2":"type-product","3":"status-publish","4":"has-post-thumbnail","6":"product_cat-dimarzio","7":"product_cat-dimarzio-electrica","8":"desktop-align-left","9":"tablet-align-left","10":"mobile-align-left","12":"first","13":"instock","14":"shipping-taxable","15":"purchasable","16":"product-type-simple"},"jetpack_sharing_enabled":true,"_links":{"self":[{"href":"https:\/\/guitarmusichall.com.mx\/shop\/wp-json\/wp\/v2\/product\/6122","targetHints":{"allow":["GET"]}}],"collection":[{"href":"https:\/\/guitarmusichall.com.mx\/shop\/wp-json\/wp\/v2\/product"}],"about":[{"href":"https:\/\/guitarmusichall.com.mx\/shop\/wp-json\/wp\/v2\/types\/product"}],"wp:featuredmedia":[{"embeddable":true,"href":"https:\/\/guitarmusichall.com.mx\/shop\/wp-json\/wp\/v2\/media\/6123"}],"wp:attachment":[{"href":"https:\/\/guitarmusichall.com.mx\/shop\/wp-json\/wp\/v2\/media?parent=6122"}],"wp:term":[{"taxonomy":"product_brand","embeddable":true,"href":"https:\/\/guitarmusichall.com.mx\/shop\/wp-json\/wp\/v2\/product_brand?post=6122"},{"taxonomy":"product_cat","embeddable":true,"href":"https:\/\/guitarmusichall.com.mx\/shop\/wp-json\/wp\/v2\/product_cat?post=6122"},{"taxonomy":"product_tag","embeddable":true,"href":"https:\/\/guitarmusichall.com.mx\/shop\/wp-json\/wp\/v2\/product_tag?post=6122"}],"curies":[{"name":"wp","href":"https:\/\/api.w.org\/{rel}","templated":true}]}}