{"id":6130,"date":"2021-12-11T20:11:53","date_gmt":"2021-12-11T20:11:53","guid":{"rendered":"https:\/\/guitarmusichall.com.mx\/shop\/?post_type=product&#038;p=6130"},"modified":"2025-08-07T00:45:22","modified_gmt":"2025-08-07T00:45:22","slug":"the-chopper-black","status":"publish","type":"product","link":"https:\/\/guitarmusichall.com.mx\/shop\/producto\/the-chopper-black\/","title":{"rendered":"THE CHOPPER BLACK"},"content":{"rendered":"","protected":false},"excerpt":{"rendered":"<p><strong>DESCRIPCION DEL PRODUCTO<\/strong><\/p>\n<p>Pastilla DiMarzio The Chopper Black<\/p>\n<p><strong>NUMERO DE PRODUCTO<\/strong><\/p>\n<p>DP184BK<\/p>\n<p><strong>CARACTERISTICAS DEL PRODUCTO<\/strong><\/p>\n<p>La Chopper es el hermano m\u00e1s fuerte y contundente del Fast Track 1\u00a0 . Se concentra m\u00e1s potencia en los medios y graves para un sonido m\u00e1s grande con m\u00e1s crujido. Comparte las mismas bobinas una al lado de la otra y la construcci\u00f3n de dos aspas que la Fast Track 1 , por lo que no hay postes desalineados ni problemas de tirar de la cuerda. Originalmente la dise\u00f1amos como una pastilla de puente para combinar con The Cruiser y Fast Track 1\u00a0 , pero tambi\u00e9n es una buena pastilla de m\u00e1stil cuando tienes una humbucker caliente en la posici\u00f3n de puente.<\/p>\n<p>El sonido de The Chopper\u00a0 es un cruce entre una bobina simple y una humbucker de tama\u00f1o completo, con m\u00e1s cuerpo que el single y m\u00e1s claridad que el HB. Excelente opci\u00f3n para engordar el tono y aumentar la potencia de la posici\u00f3n del puente Strat, donde puede ser parte de un conjunto combinado con 2 pastillas Fast Track 1 \u2122 o m\u00e1stil Fast Track 1 \u2122 y The Cruiser\u00ae (DP187) (en el medio).<\/p>\n<p>* Todas las posiciones<\/p>\n<p>* 4 Conductores<\/p>\n<p>* Im\u00e1n Cer\u00e1mico<\/p>\n<p>* Color Black<\/p>\n","protected":false},"featured_media":6131,"template":"","meta":{"site-sidebar-layout":"default","site-content-layout":"default","ast-site-content-layout":"default","site-content-style":"default","site-sidebar-style":"default","ast-global-header-display":"","ast-banner-title-visibility":"","ast-main-header-display":"","ast-hfb-above-header-display":"","ast-hfb-below-header-display":"","ast-hfb-mobile-header-display":"","site-post-title":"","ast-breadcrumbs-content":"","ast-featured-img":"","footer-sml-layout":"","ast-disable-related-posts":"","theme-transparent-header-meta":"default","adv-header-id-meta":"","stick-header-meta":"","header-above-stick-meta":"","header-main-stick-meta":"","header-below-stick-meta":"","astra-migrate-meta-layouts":"default","ast-page-background-enabled":"default","ast-page-background-meta":{"desktop":{"background-color":"","background-image":"","background-repeat":"repeat","background-position":"center center","background-size":"auto","background-attachment":"scroll","background-type":"","background-media":"","overlay-type":"","overlay-color":"","overlay-opacity":"","overlay-gradient":""},"tablet":{"background-color":"","background-image":"","background-repeat":"repeat","background-position":"center center","background-size":"auto","background-attachment":"scroll","background-type":"","background-media":"","overlay-type":"","overlay-color":"","overlay-opacity":"","overlay-gradient":""},"mobile":{"background-color":"","background-image":"","background-repeat":"repeat","background-position":"center center","background-size":"auto","background-attachment":"scroll","background-type":"","background-media":"","overlay-type":"","overlay-color":"","overlay-opacity":"","overlay-gradient":""}},"ast-content-background-meta":{"desktop":{"background-color":"var(--ast-global-color-5)","background-image":"","background-repeat":"repeat","background-position":"center center","background-size":"auto","background-attachment":"scroll","background-type":"","background-media":"","overlay-type":"","overlay-color":"","overlay-opacity":"","overlay-gradient":""},"tablet":{"background-color":"var(--ast-global-color-5)","background-image":"","background-repeat":"repeat","background-position":"center center","background-size":"auto","background-attachment":"scroll","background-type":"","background-media":"","overlay-type":"","overlay-color":"","overlay-opacity":"","overlay-gradient":""},"mobile":{"background-color":"var(--ast-global-color-5)","background-image":"","background-repeat":"repeat","background-position":"center center","background-size":"auto","background-attachment":"scroll","background-type":"","background-media":"","overlay-type":"","overlay-color":"","overlay-opacity":"","overlay-gradient":""}}},"product_brand":[],"product_cat":[37,195],"product_tag":[],"class_list":{"0":"post-6130","1":"product","2":"type-product","3":"status-publish","4":"has-post-thumbnail","6":"product_cat-dimarzio","7":"product_cat-dimarzio-electrica","8":"desktop-align-left","9":"tablet-align-left","10":"mobile-align-left","12":"first","13":"instock","14":"shipping-taxable","15":"purchasable","16":"product-type-simple"},"jetpack_sharing_enabled":true,"_links":{"self":[{"href":"https:\/\/guitarmusichall.com.mx\/shop\/wp-json\/wp\/v2\/product\/6130","targetHints":{"allow":["GET"]}}],"collection":[{"href":"https:\/\/guitarmusichall.com.mx\/shop\/wp-json\/wp\/v2\/product"}],"about":[{"href":"https:\/\/guitarmusichall.com.mx\/shop\/wp-json\/wp\/v2\/types\/product"}],"wp:featuredmedia":[{"embeddable":true,"href":"https:\/\/guitarmusichall.com.mx\/shop\/wp-json\/wp\/v2\/media\/6131"}],"wp:attachment":[{"href":"https:\/\/guitarmusichall.com.mx\/shop\/wp-json\/wp\/v2\/media?parent=6130"}],"wp:term":[{"taxonomy":"product_brand","embeddable":true,"href":"https:\/\/guitarmusichall.com.mx\/shop\/wp-json\/wp\/v2\/product_brand?post=6130"},{"taxonomy":"product_cat","embeddable":true,"href":"https:\/\/guitarmusichall.com.mx\/shop\/wp-json\/wp\/v2\/product_cat?post=6130"},{"taxonomy":"product_tag","embeddable":true,"href":"https:\/\/guitarmusichall.com.mx\/shop\/wp-json\/wp\/v2\/product_tag?post=6130"}],"curies":[{"name":"wp","href":"https:\/\/api.w.org\/{rel}","templated":true}]}}