{"id":6378,"date":"2021-12-29T22:45:35","date_gmt":"2021-12-29T22:45:35","guid":{"rendered":"https:\/\/guitarmusichall.com.mx\/shop\/?post_type=product&#038;p=6378"},"modified":"2026-02-20T06:41:16","modified_gmt":"2026-02-20T06:41:16","slug":"ehx-intelligent-harmony-machine","status":"publish","type":"product","link":"https:\/\/guitarmusichall.com.mx\/shop\/producto\/ehx-intelligent-harmony-machine\/","title":{"rendered":"EHX INTELLIGENT HARMONY MACHINE"},"content":{"rendered":"","protected":false},"excerpt":{"rendered":"<p><strong>DESCRIPCION DEL PRODUCTO<\/strong><\/p>\n<p>Pedal Electro-Harmonix Intelligent Harmony Machine<\/p>\n<p><strong>NUMERO DE PRODUCTO<\/strong><\/p>\n<p>IHM<\/p>\n<p><strong>CARACTERISTICAS DEL PRODUCTO<\/strong><\/p>\n<p>El EHX Intelligent Harmony Machine crea instant\u00e1neamente armon\u00edas que combinan con lo que toca. Es como tener uno, o incluso dos, guitarristas tocando contigo al mismo tiempo y siempre en perfecta sincronizaci\u00f3n. Abre una puerta a la m\u00fasica de grandes bandas de guitarras de varios solos y solos armonizados de varias partes. Adem\u00e1s, su capacidad para aplicar armon\u00edas que van desde simples a sofisticadas transformar\u00e1 totalmente lo que tocas. Por supuesto, tambi\u00e9n cuenta con el reconocido seguimiento impecable y el tono musical genuino de EHX.<\/p>\n<p>* Generador de armon\u00eda compacto, potencia de cambio de tono<\/p>\n<p>* Seguimiento impecable y tono musical soberbio<\/p>\n<p>* Dos modos distintos: Armon\u00eda inteligente y Polif\u00f3nico<\/p>\n<p>* El modo de armon\u00eda inteligente genera armon\u00edas diat\u00f3nicas en una clave fija basada en las notas individuales que toca. El selector de teclas y los interruptores # \/ &#8211; brindan acceso a las\u00a0 \u00a0 12 teclas.<\/p>\n<p>* En el modo de anulaci\u00f3n polif\u00f3nica puede tocar notas y acordes individuales. El interruptor selector de intervalo de 11 posiciones del IHM le permite seleccionar la armon\u00eda.<\/p>\n<p>* En el modo moment\u00e1neo, el efecto solo est\u00e1 activo cuando se presiona el interruptor de pie. Elija entre cambios instant\u00e1neos o establezca el tiempo que tarda la se\u00f1al en desplazarse\u00a0 \u00a0 \u00a0 \u00a0 \u00a0hacia arriba y hacia abajo.<\/p>\n<p>* El control de mezcla establece la mezcla entre sus se\u00f1ales secas y desplazadas. La salida seca agrega opciones de enrutamiento y control de se\u00f1al y flexibilidad<\/p>\n<p>* Fuente de alimentaci\u00f3n EHX de 9V incluida<\/p>\n","protected":false},"featured_media":6379,"template":"","meta":{"site-sidebar-layout":"default","site-content-layout":"default","ast-site-content-layout":"default","site-content-style":"default","site-sidebar-style":"default","ast-global-header-display":"","ast-banner-title-visibility":"","ast-main-header-display":"","ast-hfb-above-header-display":"","ast-hfb-below-header-display":"","ast-hfb-mobile-header-display":"","site-post-title":"","ast-breadcrumbs-content":"","ast-featured-img":"","footer-sml-layout":"","ast-disable-related-posts":"","theme-transparent-header-meta":"default","adv-header-id-meta":"","stick-header-meta":"","header-above-stick-meta":"","header-main-stick-meta":"","header-below-stick-meta":"","astra-migrate-meta-layouts":"default","ast-page-background-enabled":"default","ast-page-background-meta":{"desktop":{"background-color":"","background-image":"","background-repeat":"repeat","background-position":"center center","background-size":"auto","background-attachment":"scroll","background-type":"","background-media":"","overlay-type":"","overlay-color":"","overlay-opacity":"","overlay-gradient":""},"tablet":{"background-color":"","background-image":"","background-repeat":"repeat","background-position":"center center","background-size":"auto","background-attachment":"scroll","background-type":"","background-media":"","overlay-type":"","overlay-color":"","overlay-opacity":"","overlay-gradient":""},"mobile":{"background-color":"","background-image":"","background-repeat":"repeat","background-position":"center center","background-size":"auto","background-attachment":"scroll","background-type":"","background-media":"","overlay-type":"","overlay-color":"","overlay-opacity":"","overlay-gradient":""}},"ast-content-background-meta":{"desktop":{"background-color":"var(--ast-global-color-5)","background-image":"","background-repeat":"repeat","background-position":"center center","background-size":"auto","background-attachment":"scroll","background-type":"","background-media":"","overlay-type":"","overlay-color":"","overlay-opacity":"","overlay-gradient":""},"tablet":{"background-color":"var(--ast-global-color-5)","background-image":"","background-repeat":"repeat","background-position":"center center","background-size":"auto","background-attachment":"scroll","background-type":"","background-media":"","overlay-type":"","overlay-color":"","overlay-opacity":"","overlay-gradient":""},"mobile":{"background-color":"var(--ast-global-color-5)","background-image":"","background-repeat":"repeat","background-position":"center center","background-size":"auto","background-attachment":"scroll","background-type":"","background-media":"","overlay-type":"","overlay-color":"","overlay-opacity":"","overlay-gradient":""}}},"product_brand":[],"product_cat":[36,153],"product_tag":[],"class_list":{"0":"post-6378","1":"product","2":"type-product","3":"status-publish","4":"has-post-thumbnail","6":"product_cat-electro-harmonix","7":"product_cat-electro-harmonix-guit","8":"desktop-align-left","9":"tablet-align-left","10":"mobile-align-left","12":"first","13":"instock","14":"shipping-taxable","15":"purchasable","16":"product-type-simple"},"jetpack_sharing_enabled":true,"_links":{"self":[{"href":"https:\/\/guitarmusichall.com.mx\/shop\/wp-json\/wp\/v2\/product\/6378","targetHints":{"allow":["GET"]}}],"collection":[{"href":"https:\/\/guitarmusichall.com.mx\/shop\/wp-json\/wp\/v2\/product"}],"about":[{"href":"https:\/\/guitarmusichall.com.mx\/shop\/wp-json\/wp\/v2\/types\/product"}],"wp:featuredmedia":[{"embeddable":true,"href":"https:\/\/guitarmusichall.com.mx\/shop\/wp-json\/wp\/v2\/media\/6379"}],"wp:attachment":[{"href":"https:\/\/guitarmusichall.com.mx\/shop\/wp-json\/wp\/v2\/media?parent=6378"}],"wp:term":[{"taxonomy":"product_brand","embeddable":true,"href":"https:\/\/guitarmusichall.com.mx\/shop\/wp-json\/wp\/v2\/product_brand?post=6378"},{"taxonomy":"product_cat","embeddable":true,"href":"https:\/\/guitarmusichall.com.mx\/shop\/wp-json\/wp\/v2\/product_cat?post=6378"},{"taxonomy":"product_tag","embeddable":true,"href":"https:\/\/guitarmusichall.com.mx\/shop\/wp-json\/wp\/v2\/product_tag?post=6378"}],"curies":[{"name":"wp","href":"https:\/\/api.w.org\/{rel}","templated":true}]}}