{"id":6458,"date":"2022-01-14T00:26:17","date_gmt":"2022-01-14T00:26:17","guid":{"rendered":"https:\/\/guitarmusichall.com.mx\/shop\/?post_type=product&#038;p=6458"},"modified":"2026-04-25T19:06:03","modified_gmt":"2026-04-25T19:06:03","slug":"estuche-fender-eyeglass-jazz-jag","status":"publish","type":"product","link":"https:\/\/guitarmusichall.com.mx\/shop\/producto\/estuche-fender-eyeglass-jazz-jag\/","title":{"rendered":"ESTUCHE FENDER EYEGLASS JAZZ\/JAG"},"content":{"rendered":"","protected":false},"excerpt":{"rendered":"<p><strong>DESCRIPCION DEL PRODUCTO<\/strong><\/p>\n<p>Estuche Fender Eyeglass para Jazzmaster o Jaguar<\/p>\n<p><strong>NUMERO DE PRODUCTO<\/strong><\/p>\n<p>0999127000<\/p>\n<p><strong>CARACTERISTICAS DEL PRODUCTO<\/strong><\/p>\n<p>Viaja al pasado con esta interpretaci\u00f3n moderna del ic\u00f3nico estuche para gafas de Fender. Este estuche, inspirado en el que ven\u00eda con las guitarras Jazzmaster y Jaguar a mediados de los a\u00f1os 60, presenta detalles modernos: est\u00e1 fabricado con una resistente carcasa exterior de ABS y cubierto con un impresionante estampado de piel de vaca sint\u00e9tica con textura y herrajes dorados que le dan un aspecto vintage. Un suave forro interior de felpa acr\u00edlica aplastada garantiza que tu guitarra permanezca libre de rayones y da\u00f1os, mientras que un compartimento de doble puerta proporciona un amplio espacio para los accesorios.<\/p>\n<p>* Estuche moldeado de grado militar ATA con carcasa exterior de ABS, decorado con impresi\u00f3n de imitaci\u00f3n de piel de vaca y textura superficial de cuero granulado.<\/p>\n<p>* Interior revestido de espuma protectora EPS a medida, con soporte de m\u00e1stil de alcance extendido para una protecci\u00f3n \u00f3ptima<\/p>\n<p>* Forrado interior con felpa acr\u00edlica suave, en color naranja quemado<\/p>\n<p>* Placa identificativa de inspiraci\u00f3n vintage.<\/p>\n<p>* Compartimentos interiores de doble cara con tapa<\/p>\n<p>* Asa de transporte con n\u00facleo de acero revestido en vinilo marr\u00f3n<\/p>\n<p>* Pestillos de acero dorado, 1 pestillo de cierre con juego de llaves<\/p>\n<p>* Compatible para modelos Jazzmaster y Jaguar<\/p>\n<p>&nbsp;<\/p>\n","protected":false},"featured_media":9550,"template":"","meta":{"site-sidebar-layout":"default","site-content-layout":"default","ast-site-content-layout":"default","site-content-style":"default","site-sidebar-style":"default","ast-global-header-display":"","ast-banner-title-visibility":"","ast-main-header-display":"","ast-hfb-above-header-display":"","ast-hfb-below-header-display":"","ast-hfb-mobile-header-display":"","site-post-title":"","ast-breadcrumbs-content":"","ast-featured-img":"","footer-sml-layout":"","ast-disable-related-posts":"","theme-transparent-header-meta":"default","adv-header-id-meta":"","stick-header-meta":"","header-above-stick-meta":"","header-main-stick-meta":"","header-below-stick-meta":"","astra-migrate-meta-layouts":"set","ast-page-background-enabled":"default","ast-page-background-meta":{"desktop":{"background-color":"","background-image":"","background-repeat":"repeat","background-position":"center center","background-size":"auto","background-attachment":"scroll","background-type":"","background-media":"","overlay-type":"","overlay-color":"","overlay-opacity":"","overlay-gradient":""},"tablet":{"background-color":"","background-image":"","background-repeat":"repeat","background-position":"center center","background-size":"auto","background-attachment":"scroll","background-type":"","background-media":"","overlay-type":"","overlay-color":"","overlay-opacity":"","overlay-gradient":""},"mobile":{"background-color":"","background-image":"","background-repeat":"repeat","background-position":"center center","background-size":"auto","background-attachment":"scroll","background-type":"","background-media":"","overlay-type":"","overlay-color":"","overlay-opacity":"","overlay-gradient":""}},"ast-content-background-meta":{"desktop":{"background-color":"var(--ast-global-color-5)","background-image":"","background-repeat":"repeat","background-position":"center center","background-size":"auto","background-attachment":"scroll","background-type":"","background-media":"","overlay-type":"","overlay-color":"","overlay-opacity":"","overlay-gradient":""},"tablet":{"background-color":"var(--ast-global-color-5)","background-image":"","background-repeat":"repeat","background-position":"center center","background-size":"auto","background-attachment":"scroll","background-type":"","background-media":"","overlay-type":"","overlay-color":"","overlay-opacity":"","overlay-gradient":""},"mobile":{"background-color":"var(--ast-global-color-5)","background-image":"","background-repeat":"repeat","background-position":"center center","background-size":"auto","background-attachment":"scroll","background-type":"","background-media":"","overlay-type":"","overlay-color":"","overlay-opacity":"","overlay-gradient":""}}},"product_brand":[],"product_cat":[123,38],"product_tag":[],"class_list":{"0":"post-6458","1":"product","2":"type-product","3":"status-publish","4":"has-post-thumbnail","6":"product_cat-de-guitarra-electrica","7":"product_cat-fender","8":"product_shipping_class-producto-super-extra-grande","9":"desktop-align-left","10":"tablet-align-left","11":"mobile-align-left","13":"first","14":"outofstock","15":"shipping-taxable","16":"purchasable","17":"product-type-simple"},"jetpack_sharing_enabled":true,"_links":{"self":[{"href":"https:\/\/guitarmusichall.com.mx\/shop\/wp-json\/wp\/v2\/product\/6458","targetHints":{"allow":["GET"]}}],"collection":[{"href":"https:\/\/guitarmusichall.com.mx\/shop\/wp-json\/wp\/v2\/product"}],"about":[{"href":"https:\/\/guitarmusichall.com.mx\/shop\/wp-json\/wp\/v2\/types\/product"}],"wp:featuredmedia":[{"embeddable":true,"href":"https:\/\/guitarmusichall.com.mx\/shop\/wp-json\/wp\/v2\/media\/9550"}],"wp:attachment":[{"href":"https:\/\/guitarmusichall.com.mx\/shop\/wp-json\/wp\/v2\/media?parent=6458"}],"wp:term":[{"taxonomy":"product_brand","embeddable":true,"href":"https:\/\/guitarmusichall.com.mx\/shop\/wp-json\/wp\/v2\/product_brand?post=6458"},{"taxonomy":"product_cat","embeddable":true,"href":"https:\/\/guitarmusichall.com.mx\/shop\/wp-json\/wp\/v2\/product_cat?post=6458"},{"taxonomy":"product_tag","embeddable":true,"href":"https:\/\/guitarmusichall.com.mx\/shop\/wp-json\/wp\/v2\/product_tag?post=6458"}],"curies":[{"name":"wp","href":"https:\/\/api.w.org\/{rel}","templated":true}]}}