{"id":6550,"date":"2022-01-24T23:26:53","date_gmt":"2022-01-24T23:26:53","guid":{"rendered":"https:\/\/guitarmusichall.com.mx\/shop\/?post_type=product&#038;p=6550"},"modified":"2026-01-02T20:29:22","modified_gmt":"2026-01-02T20:29:22","slug":"mustang-micro","status":"publish","type":"product","link":"https:\/\/guitarmusichall.com.mx\/shop\/producto\/mustang-micro\/","title":{"rendered":"MUSTANG MICRO"},"content":{"rendered":"","protected":false},"excerpt":{"rendered":"<p><strong>DESCRIPCION DEL PRODUCTO<\/strong><\/p>\n<p>Mini Amplificador para Aud\u00edfonos Fender Mustang Micro<\/p>\n<p><strong>NUMERO DE PRODUCTO<\/strong><\/p>\n<p>2311314000<\/p>\n<p><strong>CARACTERISTICAS DEL PRODUCTO<\/strong><\/p>\n<p>El Mustang Micro es un amplificador de guitarra completo que presenta una amplia selecci\u00f3n de tonos de nuestra muy popular serie de amplificadores Mustang. Conecta el Mustang Micro directamente a tu guitarra, tus auriculares con cable favoritos y elije la configuraci\u00f3n de amplificador y efectos que desees. Es perfecto para todos los m\u00fasicos, desde principiantes hasta profesionales, ya que permite lograr grandes sonidos r\u00e1pida y f\u00e1cilmente, tanto para tocar en casa como de gira. La salida de auriculares con miniconector est\u00e9reo de 3,5 mm del Mustang Micro te permite usar tus auriculares con cable o aud\u00edfonos favoritos y tocar en silencio mientras disfrutas de una excelente respuesta, pero sin que te moleste ninguna latencia. \u00bfQuieres reproducir canciones de tu biblioteca de m\u00fasica o de tu servicio de transmisi\u00f3n favorito? El Mustang Micro admite la transmisi\u00f3n de audio por Bluetooth desde tu tel\u00e9fono inteligente, tableta o computadora. Adem\u00e1s, su funci\u00f3n de sincronizaci\u00f3n autom\u00e1tica de audio \/ visual lo convierte en una herramienta ideal para practicar y aprender a tocar canciones. Incluso puedes grabar tus sonidos de guitarra favoritos y transmitir audio a trav\u00e9s de Bluetooth simult\u00e1neamente, utilizando la salida USB-C del Mustang Micro. \u00a1Esta es la \u00faltima m\u00e1quina de karaoke en versi\u00f3n de guitarra!<\/p>\n<p>2 Amp Models, 12 Effect Models (Reverb, Modulation, Delay, Combination), EQ.<\/p>\n","protected":false},"featured_media":6553,"template":"","meta":{"site-sidebar-layout":"default","site-content-layout":"default","ast-site-content-layout":"default","site-content-style":"default","site-sidebar-style":"default","ast-global-header-display":"","ast-banner-title-visibility":"","ast-main-header-display":"","ast-hfb-above-header-display":"","ast-hfb-below-header-display":"","ast-hfb-mobile-header-display":"","site-post-title":"","ast-breadcrumbs-content":"","ast-featured-img":"","footer-sml-layout":"","ast-disable-related-posts":"","theme-transparent-header-meta":"default","adv-header-id-meta":"","stick-header-meta":"","header-above-stick-meta":"","header-main-stick-meta":"","header-below-stick-meta":"","astra-migrate-meta-layouts":"set","ast-page-background-enabled":"default","ast-page-background-meta":{"desktop":{"background-color":"","background-image":"","background-repeat":"repeat","background-position":"center center","background-size":"auto","background-attachment":"scroll","background-type":"","background-media":"","overlay-type":"","overlay-color":"","overlay-opacity":"","overlay-gradient":""},"tablet":{"background-color":"","background-image":"","background-repeat":"repeat","background-position":"center center","background-size":"auto","background-attachment":"scroll","background-type":"","background-media":"","overlay-type":"","overlay-color":"","overlay-opacity":"","overlay-gradient":""},"mobile":{"background-color":"","background-image":"","background-repeat":"repeat","background-position":"center center","background-size":"auto","background-attachment":"scroll","background-type":"","background-media":"","overlay-type":"","overlay-color":"","overlay-opacity":"","overlay-gradient":""}},"ast-content-background-meta":{"desktop":{"background-color":"var(--ast-global-color-5)","background-image":"","background-repeat":"repeat","background-position":"center center","background-size":"auto","background-attachment":"scroll","background-type":"","background-media":"","overlay-type":"","overlay-color":"","overlay-opacity":"","overlay-gradient":""},"tablet":{"background-color":"var(--ast-global-color-5)","background-image":"","background-repeat":"repeat","background-position":"center center","background-size":"auto","background-attachment":"scroll","background-type":"","background-media":"","overlay-type":"","overlay-color":"","overlay-opacity":"","overlay-gradient":""},"mobile":{"background-color":"var(--ast-global-color-5)","background-image":"","background-repeat":"repeat","background-position":"center center","background-size":"auto","background-attachment":"scroll","background-type":"","background-media":"","overlay-type":"","overlay-color":"","overlay-opacity":"","overlay-gradient":""}}},"product_brand":[],"product_cat":[145],"product_tag":[],"class_list":{"0":"post-6550","1":"product","2":"type-product","3":"status-publish","4":"has-post-thumbnail","6":"product_cat-guitarra-electrica-3","7":"desktop-align-left","8":"tablet-align-left","9":"mobile-align-left","11":"first","12":"instock","13":"shipping-taxable","14":"purchasable","15":"product-type-simple"},"jetpack_sharing_enabled":true,"_links":{"self":[{"href":"https:\/\/guitarmusichall.com.mx\/shop\/wp-json\/wp\/v2\/product\/6550","targetHints":{"allow":["GET"]}}],"collection":[{"href":"https:\/\/guitarmusichall.com.mx\/shop\/wp-json\/wp\/v2\/product"}],"about":[{"href":"https:\/\/guitarmusichall.com.mx\/shop\/wp-json\/wp\/v2\/types\/product"}],"wp:featuredmedia":[{"embeddable":true,"href":"https:\/\/guitarmusichall.com.mx\/shop\/wp-json\/wp\/v2\/media\/6553"}],"wp:attachment":[{"href":"https:\/\/guitarmusichall.com.mx\/shop\/wp-json\/wp\/v2\/media?parent=6550"}],"wp:term":[{"taxonomy":"product_brand","embeddable":true,"href":"https:\/\/guitarmusichall.com.mx\/shop\/wp-json\/wp\/v2\/product_brand?post=6550"},{"taxonomy":"product_cat","embeddable":true,"href":"https:\/\/guitarmusichall.com.mx\/shop\/wp-json\/wp\/v2\/product_cat?post=6550"},{"taxonomy":"product_tag","embeddable":true,"href":"https:\/\/guitarmusichall.com.mx\/shop\/wp-json\/wp\/v2\/product_tag?post=6550"}],"curies":[{"name":"wp","href":"https:\/\/api.w.org\/{rel}","templated":true}]}}