{"id":6745,"date":"2022-02-22T18:22:49","date_gmt":"2022-02-22T18:22:49","guid":{"rendered":"https:\/\/guitarmusichall.com.mx\/shop\/?post_type=product&#038;p=6745"},"modified":"2025-09-06T19:50:11","modified_gmt":"2025-09-06T19:50:11","slug":"tc-electronic-ditto-looper","status":"publish","type":"product","link":"https:\/\/guitarmusichall.com.mx\/shop\/producto\/tc-electronic-ditto-looper\/","title":{"rendered":"TC ELECTRONIC DITTO LOOPER"},"content":{"rendered":"","protected":false},"excerpt":{"rendered":"<p><strong>DESCRIPCION DEL PRODUCTO<\/strong><\/p>\n<p>Pedal\u00a0TC Electronic Ditto Looper<\/p>\n<p><strong>NUMERO DE PRODUCTO<\/strong><\/p>\n<p>DITTOLOOPER<\/p>\n<p><strong>CARACTERISTICAS DEL PRODUCTO<\/strong><\/p>\n<p>DITTO LOOPER es el looper que probar\u00e1s una vez y amar\u00e1s de por vida, y tienes que probarlo. Nos hemos basado en todo lo bueno de los mejores loopers, recortamos todo el alboroto tecnol\u00f3gico no esencial que mata el estado de \u00e1nimo y dise\u00f1amos un looper de 5 minutos que es intuitivo, muy divertido, suena genial y no arruinar\u00e1 el banco. !<\/p>\n<p>DITTO LOOPER fue dise\u00f1ado desde cero pensando en los guitarristas. Oye, nosotros tambi\u00e9n jugamos, as\u00ed que ten\u00eda sentido. Nos aseguramos de que DITTO LOOPER ocupe un espacio m\u00ednimo en su tablero, pero a\u00fan tiene las caracter\u00edsticas esenciales de \u00abhacer que su coraz\u00f3n de guitarra salte\u00bb, como True Bypass y Analog-Dry-Through para garantizar que su tono permanezca sin color.<\/p>\n<p>Su bot\u00f3n de &#8216;una perilla&#8217; puede parecer un enfoque minimalista, pero todos los elementos esenciales est\u00e1n ah\u00ed: se accede a Grabar, Deshacer\/Rehacer, Detener y Borrar a trav\u00e9s de diferentes comandos de pie que siempre tienen sentido, ya sea que est\u00e9 creando bucles, cambiando de uno. parte a la siguiente (los estamos viendo a ustedes, artistas en vivo) o agregando capas a una canci\u00f3n.<\/p>\n<p>* Dise\u00f1ado por guitarristas, para guitarristas<\/p>\n<p>* S\u00faper intuitivo<\/p>\n<p>* Gran sonido<\/p>\n<p>&nbsp;<\/p>\n","protected":false},"featured_media":6746,"template":"","meta":{"site-sidebar-layout":"default","site-content-layout":"default","ast-site-content-layout":"default","site-content-style":"default","site-sidebar-style":"default","ast-global-header-display":"","ast-banner-title-visibility":"","ast-main-header-display":"","ast-hfb-above-header-display":"","ast-hfb-below-header-display":"","ast-hfb-mobile-header-display":"","site-post-title":"","ast-breadcrumbs-content":"","ast-featured-img":"","footer-sml-layout":"","ast-disable-related-posts":"","theme-transparent-header-meta":"default","adv-header-id-meta":"","stick-header-meta":"","header-above-stick-meta":"","header-main-stick-meta":"","header-below-stick-meta":"","astra-migrate-meta-layouts":"default","ast-page-background-enabled":"default","ast-page-background-meta":{"desktop":{"background-color":"","background-image":"","background-repeat":"repeat","background-position":"center center","background-size":"auto","background-attachment":"scroll","background-type":"","background-media":"","overlay-type":"","overlay-color":"","overlay-opacity":"","overlay-gradient":""},"tablet":{"background-color":"","background-image":"","background-repeat":"repeat","background-position":"center center","background-size":"auto","background-attachment":"scroll","background-type":"","background-media":"","overlay-type":"","overlay-color":"","overlay-opacity":"","overlay-gradient":""},"mobile":{"background-color":"","background-image":"","background-repeat":"repeat","background-position":"center center","background-size":"auto","background-attachment":"scroll","background-type":"","background-media":"","overlay-type":"","overlay-color":"","overlay-opacity":"","overlay-gradient":""}},"ast-content-background-meta":{"desktop":{"background-color":"var(--ast-global-color-5)","background-image":"","background-repeat":"repeat","background-position":"center center","background-size":"auto","background-attachment":"scroll","background-type":"","background-media":"","overlay-type":"","overlay-color":"","overlay-opacity":"","overlay-gradient":""},"tablet":{"background-color":"var(--ast-global-color-5)","background-image":"","background-repeat":"repeat","background-position":"center center","background-size":"auto","background-attachment":"scroll","background-type":"","background-media":"","overlay-type":"","overlay-color":"","overlay-opacity":"","overlay-gradient":""},"mobile":{"background-color":"var(--ast-global-color-5)","background-image":"","background-repeat":"repeat","background-position":"center center","background-size":"auto","background-attachment":"scroll","background-type":"","background-media":"","overlay-type":"","overlay-color":"","overlay-opacity":"","overlay-gradient":""}}},"product_brand":[],"product_cat":[42,169,174,159],"product_tag":[],"class_list":{"0":"post-6745","1":"product","2":"type-product","3":"status-publish","4":"has-post-thumbnail","6":"product_cat-tc-electronic","7":"product_cat-tc-electronic-bajo","8":"product_cat-tc-electronic-eacust","9":"product_cat-tc-electronic-guit","10":"desktop-align-left","11":"tablet-align-left","12":"mobile-align-left","14":"first","15":"outofstock","16":"shipping-taxable","17":"purchasable","18":"product-type-simple"},"jetpack_sharing_enabled":true,"_links":{"self":[{"href":"https:\/\/guitarmusichall.com.mx\/shop\/wp-json\/wp\/v2\/product\/6745","targetHints":{"allow":["GET"]}}],"collection":[{"href":"https:\/\/guitarmusichall.com.mx\/shop\/wp-json\/wp\/v2\/product"}],"about":[{"href":"https:\/\/guitarmusichall.com.mx\/shop\/wp-json\/wp\/v2\/types\/product"}],"wp:featuredmedia":[{"embeddable":true,"href":"https:\/\/guitarmusichall.com.mx\/shop\/wp-json\/wp\/v2\/media\/6746"}],"wp:attachment":[{"href":"https:\/\/guitarmusichall.com.mx\/shop\/wp-json\/wp\/v2\/media?parent=6745"}],"wp:term":[{"taxonomy":"product_brand","embeddable":true,"href":"https:\/\/guitarmusichall.com.mx\/shop\/wp-json\/wp\/v2\/product_brand?post=6745"},{"taxonomy":"product_cat","embeddable":true,"href":"https:\/\/guitarmusichall.com.mx\/shop\/wp-json\/wp\/v2\/product_cat?post=6745"},{"taxonomy":"product_tag","embeddable":true,"href":"https:\/\/guitarmusichall.com.mx\/shop\/wp-json\/wp\/v2\/product_tag?post=6745"}],"curies":[{"name":"wp","href":"https:\/\/api.w.org\/{rel}","templated":true}]}}