{"id":6826,"date":"2022-03-18T23:53:12","date_gmt":"2022-03-18T23:53:12","guid":{"rendered":"https:\/\/guitarmusichall.com.mx\/shop\/?post_type=product&#038;p=6826"},"modified":"2022-03-19T00:54:55","modified_gmt":"2022-03-19T00:54:55","slug":"ibanez-funda-tenor-y-concert","status":"publish","type":"product","link":"https:\/\/guitarmusichall.com.mx\/shop\/producto\/ibanez-funda-tenor-y-concert\/","title":{"rendered":"IBANEZ FUNDA TENOR Y CONCERT"},"content":{"rendered":"","protected":false},"excerpt":{"rendered":"<p><strong>DESCRICPCION DEL PRODUCTO<\/strong><\/p>\n<p>Funda Ibanez para Ukulele Tenor y Concert Doble<\/p>\n<p><strong>NUMERO DE PRODUCTO<\/strong><\/p>\n<p>IUBT2542-NB<\/p>\n<p><strong>CARACTERISTICAS DEL PRODUCTO<\/strong><\/p>\n<p>Bolsa doble POWERPAD\u00ae Designer Collection para ukelele estilo tenor<br \/>\nDescripci\u00f3n Seguro, s\u00f3lido y con estilo. No hay motivo por el que una funda elegante y con un dise\u00f1o inteligente no pueda mantener seguro tambi\u00e9n su preciado instrumento. Con su parte inferior y paredes laterales acolchadas, la bolsa de concierto Ibanez POWERPAD\u00ae protege de forma segura su ukelele de golpes o rasgu\u00f1os que pueden ocurrir mientras se apresura a llegar a su pr\u00f3ximo espect\u00e1culo o sesi\u00f3n. Coloque sus cuerdas, afinador y suministros en uno de los tres espaciosos bolsillos y tendr\u00e1 todo lo que necesita para rodar. Con su hermoso dise\u00f1o, cremalleras pesadas de colores combinados, las bolsas de conciertos de la serie 2542 POWERPAD\u00ae nunca se perder\u00e1n en un mar de bolsas de conciertos de lona negra.<\/p>\n<p>Acomode un ukelele de estilo tenor y uno de concierto, utilizando la almohadilla adjunta<br \/>\nCorreas dobles para los hombros Coj\u00edn doble de<br \/>\n10 mm + 10 mm de grosor en la parte inferior<br \/>\nCoj\u00edn de 10 mm de grosor en los lados<br \/>\n3 pr\u00e1cticos bolsillos de almacenamiento<br \/>\nCintur\u00f3n dentro de la bolsa que sujeta y sujeta firmemente el cuello de su ukelele<br \/>\nSeparable en dos bolsas individuales<\/p>\n<p>Color Navy Blue<\/p>\n<p>&nbsp;<\/p>\n","protected":false},"featured_media":6827,"template":"","meta":{"site-sidebar-layout":"default","site-content-layout":"default","ast-site-content-layout":"default","site-content-style":"default","site-sidebar-style":"default","ast-global-header-display":"","ast-banner-title-visibility":"","ast-main-header-display":"","ast-hfb-above-header-display":"","ast-hfb-below-header-display":"","ast-hfb-mobile-header-display":"","site-post-title":"","ast-breadcrumbs-content":"","ast-featured-img":"","footer-sml-layout":"","ast-disable-related-posts":"","theme-transparent-header-meta":"default","adv-header-id-meta":"","stick-header-meta":"","header-above-stick-meta":"","header-main-stick-meta":"","header-below-stick-meta":"","astra-migrate-meta-layouts":"default","ast-page-background-enabled":"default","ast-page-background-meta":{"desktop":{"background-color":"","background-image":"","background-repeat":"repeat","background-position":"center center","background-size":"auto","background-attachment":"scroll","background-type":"","background-media":"","overlay-type":"","overlay-color":"","overlay-opacity":"","overlay-gradient":""},"tablet":{"background-color":"","background-image":"","background-repeat":"repeat","background-position":"center center","background-size":"auto","background-attachment":"scroll","background-type":"","background-media":"","overlay-type":"","overlay-color":"","overlay-opacity":"","overlay-gradient":""},"mobile":{"background-color":"","background-image":"","background-repeat":"repeat","background-position":"center center","background-size":"auto","background-attachment":"scroll","background-type":"","background-media":"","overlay-type":"","overlay-color":"","overlay-opacity":"","overlay-gradient":""}},"ast-content-background-meta":{"desktop":{"background-color":"var(--ast-global-color-5)","background-image":"","background-repeat":"repeat","background-position":"center center","background-size":"auto","background-attachment":"scroll","background-type":"","background-media":"","overlay-type":"","overlay-color":"","overlay-opacity":"","overlay-gradient":""},"tablet":{"background-color":"var(--ast-global-color-5)","background-image":"","background-repeat":"repeat","background-position":"center center","background-size":"auto","background-attachment":"scroll","background-type":"","background-media":"","overlay-type":"","overlay-color":"","overlay-opacity":"","overlay-gradient":""},"mobile":{"background-color":"var(--ast-global-color-5)","background-image":"","background-repeat":"repeat","background-position":"center center","background-size":"auto","background-attachment":"scroll","background-type":"","background-media":"","overlay-type":"","overlay-color":"","overlay-opacity":"","overlay-gradient":""}}},"product_brand":[],"product_cat":[132,47],"product_tag":[],"class_list":{"0":"post-6826","1":"product","2":"type-product","3":"status-publish","4":"has-post-thumbnail","6":"product_cat-d-ukulele","7":"product_cat-ibanez","8":"desktop-align-left","9":"tablet-align-left","10":"mobile-align-left","12":"first","13":"instock","14":"shipping-taxable","15":"purchasable","16":"product-type-simple"},"jetpack_sharing_enabled":true,"_links":{"self":[{"href":"https:\/\/guitarmusichall.com.mx\/shop\/wp-json\/wp\/v2\/product\/6826","targetHints":{"allow":["GET"]}}],"collection":[{"href":"https:\/\/guitarmusichall.com.mx\/shop\/wp-json\/wp\/v2\/product"}],"about":[{"href":"https:\/\/guitarmusichall.com.mx\/shop\/wp-json\/wp\/v2\/types\/product"}],"wp:featuredmedia":[{"embeddable":true,"href":"https:\/\/guitarmusichall.com.mx\/shop\/wp-json\/wp\/v2\/media\/6827"}],"wp:attachment":[{"href":"https:\/\/guitarmusichall.com.mx\/shop\/wp-json\/wp\/v2\/media?parent=6826"}],"wp:term":[{"taxonomy":"product_brand","embeddable":true,"href":"https:\/\/guitarmusichall.com.mx\/shop\/wp-json\/wp\/v2\/product_brand?post=6826"},{"taxonomy":"product_cat","embeddable":true,"href":"https:\/\/guitarmusichall.com.mx\/shop\/wp-json\/wp\/v2\/product_cat?post=6826"},{"taxonomy":"product_tag","embeddable":true,"href":"https:\/\/guitarmusichall.com.mx\/shop\/wp-json\/wp\/v2\/product_tag?post=6826"}],"curies":[{"name":"wp","href":"https:\/\/api.w.org\/{rel}","templated":true}]}}