{"id":6839,"date":"2022-03-19T00:34:39","date_gmt":"2022-03-19T00:34:39","guid":{"rendered":"https:\/\/guitarmusichall.com.mx\/shop\/?post_type=product&#038;p=6839"},"modified":"2026-01-06T19:25:11","modified_gmt":"2026-01-06T19:25:11","slug":"ibanez-funda-ukulele-soprano","status":"publish","type":"product","link":"https:\/\/guitarmusichall.com.mx\/shop\/producto\/ibanez-funda-ukulele-soprano\/","title":{"rendered":"IBANEZ FUNDA UKULELE SOPRANO"},"content":{"rendered":"","protected":false},"excerpt":{"rendered":"<p><strong>DESCRIPCION DEL PRODUCTO<\/strong><\/p>\n<p>Funda Ibanez para Ukulele Soprano<\/p>\n<p><strong>NUMERO DE PRODUCTO<\/strong><\/p>\n<p>IUBS541-WR<\/p>\n<p><strong>CARACTERISTICAS DEL PRODUCTO<\/strong><\/p>\n<p>Colecci\u00f3n de dise\u00f1ador POWERPAD\u00ae para ukelele estilo soprano<br \/>\nDescripci\u00f3n Seguro, s\u00f3lido y con estilo. No hay motivo por el que una funda elegante y con un dise\u00f1o inteligente no pueda mantener seguro tambi\u00e9n su preciado instrumento. Con su parte inferior y paredes laterales acolchadas, la bolsa de concierto Ibanez POWERPAD\u00ae protege de forma segura su ukelele de golpes o rasgu\u00f1os que pueden ocurrir mientras se apresura a llegar a su pr\u00f3ximo espect\u00e1culo o sesi\u00f3n. Coloque sus cuerdas, afinador y suministros en uno de los tres espaciosos bolsillos y tendr\u00e1 todo lo que necesita para rodar. Con su hermoso dise\u00f1o, cremalleras pesadas de colores a juego, las bolsas de conciertos de la serie 541 POWERPAD\u00ae nunca se perder\u00e1n en un mar de bolsas de conciertos de lona negra.<br \/>\nnotas Coj\u00edn doble de 10 mm + 10 mm de grosor en la parte inferior<br \/>\nCoj\u00edn de 10 mm de grosor en los lados<br \/>\n3 pr\u00e1cticos bolsillos de almacenamiento<br \/>\nCintur\u00f3n dentro de la bolsa que sujeta y sujeta firmemente el cuello de su ukelele<\/p>\n","protected":false},"featured_media":6840,"template":"","meta":{"site-sidebar-layout":"default","site-content-layout":"default","ast-site-content-layout":"default","site-content-style":"default","site-sidebar-style":"default","ast-global-header-display":"","ast-banner-title-visibility":"","ast-main-header-display":"","ast-hfb-above-header-display":"","ast-hfb-below-header-display":"","ast-hfb-mobile-header-display":"","site-post-title":"","ast-breadcrumbs-content":"","ast-featured-img":"","footer-sml-layout":"","ast-disable-related-posts":"","theme-transparent-header-meta":"default","adv-header-id-meta":"","stick-header-meta":"","header-above-stick-meta":"","header-main-stick-meta":"","header-below-stick-meta":"","astra-migrate-meta-layouts":"default","ast-page-background-enabled":"default","ast-page-background-meta":{"desktop":{"background-color":"","background-image":"","background-repeat":"repeat","background-position":"center center","background-size":"auto","background-attachment":"scroll","background-type":"","background-media":"","overlay-type":"","overlay-color":"","overlay-opacity":"","overlay-gradient":""},"tablet":{"background-color":"","background-image":"","background-repeat":"repeat","background-position":"center center","background-size":"auto","background-attachment":"scroll","background-type":"","background-media":"","overlay-type":"","overlay-color":"","overlay-opacity":"","overlay-gradient":""},"mobile":{"background-color":"","background-image":"","background-repeat":"repeat","background-position":"center center","background-size":"auto","background-attachment":"scroll","background-type":"","background-media":"","overlay-type":"","overlay-color":"","overlay-opacity":"","overlay-gradient":""}},"ast-content-background-meta":{"desktop":{"background-color":"var(--ast-global-color-5)","background-image":"","background-repeat":"repeat","background-position":"center center","background-size":"auto","background-attachment":"scroll","background-type":"","background-media":"","overlay-type":"","overlay-color":"","overlay-opacity":"","overlay-gradient":""},"tablet":{"background-color":"var(--ast-global-color-5)","background-image":"","background-repeat":"repeat","background-position":"center center","background-size":"auto","background-attachment":"scroll","background-type":"","background-media":"","overlay-type":"","overlay-color":"","overlay-opacity":"","overlay-gradient":""},"mobile":{"background-color":"var(--ast-global-color-5)","background-image":"","background-repeat":"repeat","background-position":"center center","background-size":"auto","background-attachment":"scroll","background-type":"","background-media":"","overlay-type":"","overlay-color":"","overlay-opacity":"","overlay-gradient":""}}},"product_brand":[],"product_cat":[132,47],"product_tag":[],"class_list":{"0":"post-6839","1":"product","2":"type-product","3":"status-publish","4":"has-post-thumbnail","6":"product_cat-d-ukulele","7":"product_cat-ibanez","8":"desktop-align-left","9":"tablet-align-left","10":"mobile-align-left","12":"first","13":"outofstock","14":"shipping-taxable","15":"purchasable","16":"product-type-simple"},"jetpack_sharing_enabled":true,"_links":{"self":[{"href":"https:\/\/guitarmusichall.com.mx\/shop\/wp-json\/wp\/v2\/product\/6839","targetHints":{"allow":["GET"]}}],"collection":[{"href":"https:\/\/guitarmusichall.com.mx\/shop\/wp-json\/wp\/v2\/product"}],"about":[{"href":"https:\/\/guitarmusichall.com.mx\/shop\/wp-json\/wp\/v2\/types\/product"}],"wp:featuredmedia":[{"embeddable":true,"href":"https:\/\/guitarmusichall.com.mx\/shop\/wp-json\/wp\/v2\/media\/6840"}],"wp:attachment":[{"href":"https:\/\/guitarmusichall.com.mx\/shop\/wp-json\/wp\/v2\/media?parent=6839"}],"wp:term":[{"taxonomy":"product_brand","embeddable":true,"href":"https:\/\/guitarmusichall.com.mx\/shop\/wp-json\/wp\/v2\/product_brand?post=6839"},{"taxonomy":"product_cat","embeddable":true,"href":"https:\/\/guitarmusichall.com.mx\/shop\/wp-json\/wp\/v2\/product_cat?post=6839"},{"taxonomy":"product_tag","embeddable":true,"href":"https:\/\/guitarmusichall.com.mx\/shop\/wp-json\/wp\/v2\/product_tag?post=6839"}],"curies":[{"name":"wp","href":"https:\/\/api.w.org\/{rel}","templated":true}]}}